{"id":1103,"date":"2020-11-25T16:49:42","date_gmt":"2020-11-25T14:49:42","guid":{"rendered":"http:\/\/www.heliovolt.de\/wordpress\/fr\/?page_id=1103"},"modified":"2021-05-15T19:22:26","modified_gmt":"2021-05-15T17:22:26","slug":"prestations-en-energie-propre-par-heliovolt","status":"publish","type":"page","link":"http:\/\/www.heliovolt.de\/wordpress\/fr\/prestations-en-energie-propre-par-heliovolt\/","title":{"rendered":"Prestations en \u00e9nergie propre par HELIOVOLT"},"content":{"rendered":"\t\t<div data-elementor-type=\"wp-page\" data-elementor-id=\"1103\" class=\"elementor elementor-1103\">\n\t\t\t\t\t\t<section class=\"elementor-section elementor-top-section elementor-element elementor-element-b0521bb elementor-section-boxed elementor-section-height-default elementor-section-height-default\" data-id=\"b0521bb\" data-element_type=\"section\">\n\t\t\t\t\t\t<div class=\"elementor-container elementor-column-gap-default\">\n\t\t\t\t\t<div class=\"elementor-column elementor-col-100 elementor-top-column elementor-element elementor-element-98cae74\" data-id=\"98cae74\" data-element_type=\"column\">\n\t\t\t<div class=\"elementor-widget-wrap elementor-element-populated\">\n\t\t\t\t\t\t<div class=\"elementor-element elementor-element-0a6e12f elementor-widget elementor-widget-heading\" data-id=\"0a6e12f\" data-element_type=\"widget\" data-widget_type=\"heading.default\">\n\t\t\t\t<div class=\"elementor-widget-container\">\n\t\t\t<h2 class=\"elementor-heading-title elementor-size-default\">Prestations<\/h2>\t\t<\/div>\n\t\t\t\t<\/div>\n\t\t\t\t\t<\/div>\n\t\t<\/div>\n\t\t\t\t\t<\/div>\n\t\t<\/section>\n\t\t\t\t<section class=\"elementor-section elementor-top-section elementor-element elementor-element-d5d7d7f elementor-section-boxed elementor-section-height-default elementor-section-height-default\" data-id=\"d5d7d7f\" data-element_type=\"section\">\n\t\t\t\t\t\t<div class=\"elementor-container elementor-column-gap-default\">\n\t\t\t\t\t<div class=\"elementor-column elementor-col-33 elementor-top-column elementor-element elementor-element-c29a63e\" data-id=\"c29a63e\" data-element_type=\"column\">\n\t\t\t<div class=\"elementor-widget-wrap elementor-element-populated\">\n\t\t\t\t\t\t<div class=\"elementor-element elementor-element-1948bd9 elementor-widget elementor-widget-text-editor\" data-id=\"1948bd9\" data-element_type=\"widget\" data-widget_type=\"text-editor.default\">\n\t\t\t\t<div class=\"elementor-widget-container\">\n\t\t\t\t\t\t\t<h4>PronoPV :<\/h4>\n<ul>\n<li>particuliers<\/li>\n<\/ul>\n<p>\u00a0<\/p>\n<p><a href=\"http:\/\/www.heliovolt.de\/wordpress\/wp-content\/uploads\/2021\/02\/PronoPV_Heliovolt_1_2021.png\">\u00e0 quoi \u00e7a ressemble ? Cliquez sur le lien&#8230;.<\/a><\/p>\t\t\t\t\t\t<\/div>\n\t\t\t\t<\/div>\n\t\t\t\t\t<\/div>\n\t\t<\/div>\n\t\t\t\t<div class=\"elementor-column elementor-col-33 elementor-top-column elementor-element elementor-element-8818649\" data-id=\"8818649\" data-element_type=\"column\">\n\t\t\t<div class=\"elementor-widget-wrap elementor-element-populated\">\n\t\t\t\t\t\t<div class=\"elementor-element elementor-element-b0eec24 elementor-widget elementor-widget-text-editor\" data-id=\"b0eec24\" data-element_type=\"widget\" data-widget_type=\"text-editor.default\">\n\t\t\t\t<div class=\"elementor-widget-container\">\n\t\t\t\t\t\t\t<p>cette \u00e9tude permet \u00e0 mon client de connaitre la production solaire pour sa toiture, au sol ou pour une installation carport, garage ou sur un suiveur. Elle consiste en simulation avec l&rsquo;orientation et la pente des futures panneaux, elle est bas\u00e9e sur des informations du client et de l&rsquo;internet. De cette fa\u00e7on je peux me baser sur des informations sans me d\u00e9placer. Les \u00e9tudes donnent une impression pour prendre la d\u00e9cision, elles \u00e9vitent une possible surestimation de la production annuelle, et \u00e9vitent donc une falsification du calcul de retour sur investissement. Dans le cas de vente \u00ab\u00a0OneShot\u00a0\u00bb une surestimation est tr\u00e8s probable et fait partie de la strat\u00e9gie de vente. (voir ici :\u00a0<a href=\"http:\/\/www.heliovolt.de\/wordpress\/fr\/blogf\/\" target=\"_blank\" rel=\"noopener\">Actualit\u00e9s)<\/a><\/p>\n<p>Ne vous faites pas avoir, le petit prix pour le PronoPV va vous \u00e9conomiser la perte de l&rsquo;argent, ou m\u00eame un achat frauduleux .<\/p>\t\t\t\t\t\t<\/div>\n\t\t\t\t<\/div>\n\t\t\t\t\t<\/div>\n\t\t<\/div>\n\t\t\t\t<div class=\"elementor-column elementor-col-33 elementor-top-column elementor-element elementor-element-cfe104d\" data-id=\"cfe104d\" data-element_type=\"column\">\n\t\t\t<div class=\"elementor-widget-wrap elementor-element-populated\">\n\t\t\t\t\t\t<div class=\"elementor-element elementor-element-2e392cf elementor-widget elementor-widget-text-editor\" data-id=\"2e392cf\" data-element_type=\"widget\" data-widget_type=\"text-editor.default\">\n\t\t\t\t<div class=\"elementor-widget-container\">\n\t\t\t\t\t\t\t<h5>mais cette prestation n&rsquo;est pas gratuite :<\/h5>\n<p>pour un prix de seulement<\/p>\n<ul>\n<li>145 \u20ac TTC pour une toiture<\/li>\n<li>195 \u20ac TTC pour 2 toitures<\/li>\n<li>225 \u20ac TTC pour 3 toitures<\/li>\n<\/ul>\n<p>vous connaissez la capacit\u00e9 de production de votre future syst\u00e8me (cot\u00e9 NORD on ne calcule pas), calcul\u00e9 par un professionnel du photovolta\u012bque avec une exp\u00e9rience depuis 1998 dans le photovolta\u012bque (!). En France j&rsquo;ai trait\u00e9 environ 2000 projets de cette fa\u00e7\u00f3n.<\/p>\t\t\t\t\t\t<\/div>\n\t\t\t\t<\/div>\n\t\t\t\t\t<\/div>\n\t\t<\/div>\n\t\t\t\t\t<\/div>\n\t\t<\/section>\n\t\t\t\t<section class=\"elementor-section elementor-top-section elementor-element elementor-element-afcba35 elementor-section-boxed elementor-section-height-default elementor-section-height-default\" data-id=\"afcba35\" data-element_type=\"section\">\n\t\t\t\t\t\t<div class=\"elementor-container elementor-column-gap-default\">\n\t\t\t\t\t<div class=\"elementor-column elementor-col-33 elementor-top-column elementor-element elementor-element-7cbd738\" data-id=\"7cbd738\" data-element_type=\"column\">\n\t\t\t<div class=\"elementor-widget-wrap elementor-element-populated\">\n\t\t\t\t\t\t<div class=\"elementor-element elementor-element-1feb221 elementor-widget elementor-widget-text-editor\" data-id=\"1feb221\" data-element_type=\"widget\" data-widget_type=\"text-editor.default\">\n\t\t\t\t<div class=\"elementor-widget-container\">\n\t\t\t\t\t\t\t<h4>EtudePV&#8230;lite :<\/h4>\n<ul>\n<li>particuliers<\/li>\n<li>industriels<\/li>\n<li>PME, PMI<\/li>\n<li>agriculteurs<\/li>\n<\/ul>\t\t\t\t\t\t<\/div>\n\t\t\t\t<\/div>\n\t\t\t\t\t<\/div>\n\t\t<\/div>\n\t\t\t\t<div class=\"elementor-column elementor-col-33 elementor-top-column elementor-element elementor-element-16b9c66\" data-id=\"16b9c66\" data-element_type=\"column\">\n\t\t\t<div class=\"elementor-widget-wrap elementor-element-populated\">\n\t\t\t\t\t\t<div class=\"elementor-element elementor-element-6fef3f4 elementor-widget elementor-widget-text-editor\" data-id=\"6fef3f4\" data-element_type=\"widget\" data-widget_type=\"text-editor.default\">\n\t\t\t\t<div class=\"elementor-widget-container\">\n\t\t\t\t\t\t\t<p>cette \u00e9tude est d\u00e9j\u00e0 plus pouss\u00e9e, elle compare la consommation du client sur l&rsquo;ann\u00e9e \u00e0 la production pronostiqu\u00e9e par une simulation solaire, afin de d\u00e9terminer la puissance adapt\u00e9, son prix et son retour sur investissement, avec ou sans subventions, avec ou sans injection. Pour cette \u00e9tude normalement une visite sur place est conseill\u00e9e, je me limite donc sur le Grand-Est, ou, si un client peut me fournir des photos parlants de son syst\u00e8me \u00e9lectrique existant c&rsquo;est possible aussi. Cette \u00e9tude sert comme cahier de charge, elle permet de faire une sorte d&rsquo;appel d&rsquo;offre aux diff\u00e9rentes acteurs sur le terrain, et permet une \u00e9valuation ind\u00e9pendante des diff\u00e9rentes produits et prestations d&rsquo;un devis recu par un installateur ou une soci\u00e9t\u00e9 de vente. Sur une \u00e9chelle les produits et prestations sont compar\u00e9s, un bar\u00e8me de points vous fournit une note finale de la qualit\u00e9 \u00e0 esp\u00e9rer.<\/p>\t\t\t\t\t\t<\/div>\n\t\t\t\t<\/div>\n\t\t\t\t\t<\/div>\n\t\t<\/div>\n\t\t\t\t<div class=\"elementor-column elementor-col-33 elementor-top-column elementor-element elementor-element-832f633\" data-id=\"832f633\" data-element_type=\"column\">\n\t\t\t<div class=\"elementor-widget-wrap elementor-element-populated\">\n\t\t\t\t\t\t<div class=\"elementor-element elementor-element-c489e69 elementor-widget elementor-widget-text-editor\" data-id=\"c489e69\" data-element_type=\"widget\" data-widget_type=\"text-editor.default\">\n\t\t\t\t<div class=\"elementor-widget-container\">\n\t\t\t\t\t\t\t<h5>mais cette prestation n&rsquo;est pas gratuite non plus:<\/h5>\n<p>pour un prix de<\/p>\n<ul>\n<li>555 \u20ac TTC<\/li>\n<\/ul>\n<p>vous avez une vue claire sur le prix, la production, la qualit\u00e9, vos \u00e9conomies et injections au r\u00e9seau, et donc une vision claire sur la rentabilit\u00e9 de votre projet sur les ann\u00e9es.<\/p>\t\t\t\t\t\t<\/div>\n\t\t\t\t<\/div>\n\t\t\t\t\t<\/div>\n\t\t<\/div>\n\t\t\t\t\t<\/div>\n\t\t<\/section>\n\t\t\t\t<section class=\"elementor-section elementor-top-section elementor-element elementor-element-697594e elementor-section-boxed elementor-section-height-default elementor-section-height-default\" data-id=\"697594e\" data-element_type=\"section\">\n\t\t\t\t\t\t<div class=\"elementor-container elementor-column-gap-default\">\n\t\t\t\t\t<div class=\"elementor-column elementor-col-33 elementor-top-column elementor-element elementor-element-e2565bd\" data-id=\"e2565bd\" data-element_type=\"column\">\n\t\t\t<div class=\"elementor-widget-wrap elementor-element-populated\">\n\t\t\t\t\t\t<div class=\"elementor-element elementor-element-e25f372 elementor-widget elementor-widget-text-editor\" data-id=\"e25f372\" data-element_type=\"widget\" data-widget_type=\"text-editor.default\">\n\t\t\t\t<div class=\"elementor-widget-container\">\n\t\t\t\t\t\t\t<h4>EtudePV :<\/h4>\n<ul>\n<li>agriculteurs<\/li>\n<li>industriels<\/li>\n<li>PME, PMI<\/li>\n<li>communes<\/li>\n<li>associations<\/li>\n<\/ul>\n<div>\u00a0<\/div>\t\t\t\t\t\t<\/div>\n\t\t\t\t<\/div>\n\t\t\t\t\t<\/div>\n\t\t<\/div>\n\t\t\t\t<div class=\"elementor-column elementor-col-33 elementor-top-column elementor-element elementor-element-02f275c\" data-id=\"02f275c\" data-element_type=\"column\">\n\t\t\t<div class=\"elementor-widget-wrap elementor-element-populated\">\n\t\t\t\t\t\t<div class=\"elementor-element elementor-element-fc14df2 elementor-widget elementor-widget-text-editor\" data-id=\"fc14df2\" data-element_type=\"widget\" data-widget_type=\"text-editor.default\">\n\t\t\t\t<div class=\"elementor-widget-container\">\n\t\t\t\t\t\t\t<p>Cette \u00c9tude est la plus approfondie disponible, elle est con\u00e7u selon le Cahier de Charge de l&rsquo;AD\u00c8ME et de la R\u00e9gion Grand-Est pour les installations photovolta\u012bques d&rsquo;une taille plus importante. Avec la connaissance de la consommation du client un g\u00e9n\u00e9rateur solaire sera dimensionn\u00e9, qui fournit l&rsquo;\u00e9nergie \u00e9lectrique \u00e0 son propri\u00e9taire, mais la fourniture au r\u00e9seau publique sera limit\u00e9 \u00e0 30 % maximum. Donc le producteur doit consommer plus que 70 % de sa production solaire (voir dispositif CLIMAXION). Cette \u00e9tude est la base pour l&rsquo;obtention de subventions de la R\u00e9gion Grand-Est et de l&rsquo;AD\u00c8ME, qui va jusqu&rsquo;\u00e0 30 % des co\u00fbts de l&rsquo;installation.<\/p>\n<p>\u00a0<\/p>\t\t\t\t\t\t<\/div>\n\t\t\t\t<\/div>\n\t\t\t\t\t<\/div>\n\t\t<\/div>\n\t\t\t\t<div class=\"elementor-column elementor-col-33 elementor-top-column elementor-element elementor-element-4cfbd1d\" data-id=\"4cfbd1d\" data-element_type=\"column\">\n\t\t\t<div class=\"elementor-widget-wrap elementor-element-populated\">\n\t\t\t\t\t\t<div class=\"elementor-element elementor-element-739c0c7 elementor-widget elementor-widget-text-editor\" data-id=\"739c0c7\" data-element_type=\"widget\" data-widget_type=\"text-editor.default\">\n\t\t\t\t<div class=\"elementor-widget-container\">\n\t\t\t\t\t\t\t<h5>cette prestation est du travail :<\/h5>\n<p>pour un prix de<\/p>\n<ul>\n<li>4650 \u20ac HT<\/li>\n<\/ul>\n<p>le client recoit la base pour de subventions qui peuvent aller jusqu&rsquo;\u00e0 30.000 \u20ac pour l&rsquo;installation.<\/p>\n<p>En plus cette l&rsquo;\u00c9tudePV est subventionn\u00e9 de 70 % par la R\u00e9gion Grand-Est et l&rsquo;AD\u00c8ME, donc il restent que 1395 \u20ac HT \u00e0 la charge du client.<\/p>\t\t\t\t\t\t<\/div>\n\t\t\t\t<\/div>\n\t\t\t\t\t<\/div>\n\t\t<\/div>\n\t\t\t\t\t<\/div>\n\t\t<\/section>\n\t\t\t\t<section class=\"elementor-section elementor-top-section elementor-element elementor-element-862a7a1 elementor-section-boxed elementor-section-height-default elementor-section-height-default\" data-id=\"862a7a1\" data-element_type=\"section\">\n\t\t\t\t\t\t<div class=\"elementor-container elementor-column-gap-default\">\n\t\t\t\t\t<div class=\"elementor-column elementor-col-33 elementor-top-column elementor-element elementor-element-3195a0d\" data-id=\"3195a0d\" data-element_type=\"column\">\n\t\t\t<div class=\"elementor-widget-wrap elementor-element-populated\">\n\t\t\t\t\t\t<div class=\"elementor-element elementor-element-5e6b5e1 elementor-widget elementor-widget-text-editor\" data-id=\"5e6b5e1\" data-element_type=\"widget\" data-widget_type=\"text-editor.default\">\n\t\t\t\t<div class=\"elementor-widget-container\">\n\t\t\t\t\t\t\t<h4>ExpertisePV<\/h4>\n<div>\n<ul>\n<li>agriculteurs<\/li>\n<li>industriels<\/li>\n<li>PME, PMI<\/li>\n<li>communes<\/li>\n<li>associations<\/li>\n<li>assurances<\/li>\n<\/ul>\n<\/div>\n<div>\u00a0<\/div>\n<div>\u00a0<\/div>\t\t\t\t\t\t<\/div>\n\t\t\t\t<\/div>\n\t\t\t\t\t<\/div>\n\t\t<\/div>\n\t\t\t\t<div class=\"elementor-column elementor-col-33 elementor-top-column elementor-element elementor-element-bc054d3\" data-id=\"bc054d3\" data-element_type=\"column\">\n\t\t\t<div class=\"elementor-widget-wrap elementor-element-populated\">\n\t\t\t\t\t\t<div class=\"elementor-element elementor-element-eeef33d elementor-widget elementor-widget-text-editor\" data-id=\"eeef33d\" data-element_type=\"widget\" data-widget_type=\"text-editor.default\">\n\t\t\t\t<div class=\"elementor-widget-container\">\n\t\t\t\t\t\t\t<p>Une \u00ab\u00a0ExpertisePV\u00a0\u00bb consiste surtout dans la visite sur place, la detection de non-conformit\u00e9 au niveau commercial, administrative et technique. Il y a beaucoup de possibilit\u00e9s de produire des non-conformit\u00e9s, m\u00eame si l&rsquo;installation est conforme au CONSUEL.<\/p>\n<p>par exemple :<\/p>\n<ul style=\"list-style-type: disc;\">\n<li>\u00a0installation de mat\u00e9riel diff\u00e9rent au devis fournie et sign\u00e9.<\/li>\n<li>client pas form\u00e9 pour utiliser l&rsquo;installation<\/li>\n<li>installation a des d\u00e9faults techniques (fuites, mal r\u00e9gl\u00e9, surtension, sous-tensions etc)<\/li>\n<li>mat\u00e9riel pas fournie completement<\/li>\n<li>service apr\u00e8s-vente pas disponible<\/li>\n<li>manque de productivit\u00e9<\/li>\n<li>&#8230;.etc&#8230;<\/li>\n<\/ul>\n<p>\u00a0<\/p>\t\t\t\t\t\t<\/div>\n\t\t\t\t<\/div>\n\t\t\t\t\t<\/div>\n\t\t<\/div>\n\t\t\t\t<div class=\"elementor-column elementor-col-33 elementor-top-column elementor-element elementor-element-f9593b8\" data-id=\"f9593b8\" data-element_type=\"column\">\n\t\t\t<div class=\"elementor-widget-wrap elementor-element-populated\">\n\t\t\t\t\t\t<div class=\"elementor-element elementor-element-9fc4291 elementor-widget elementor-widget-text-editor\" data-id=\"9fc4291\" data-element_type=\"widget\" data-widget_type=\"text-editor.default\">\n\t\t\t\t<div class=\"elementor-widget-container\">\n\t\t\t\t\t\t\t<p>Cette expertise est factur\u00e9e selon les heures pass\u00e9es sur le projets, donc nous demander et on va n\u00e9gocier un prix adapt\u00e9 et la prestation n\u00e9cessaire pour arriver aux cibles de l&rsquo;expertise qui sont:<\/p>\n<p>&#8211; d\u00e9finiton des non-conformit\u00e9s<\/p>\n<p>&#8211; solutions provisoires<\/p>\n<p>&#8211; d\u00e9finition des mesures \u00e0 prendre<\/p>\n<p>&#8211; donner une base pour un litige ult\u00e9rieur par un rapport d\u00e9taill\u00e9<\/p>\n<p>\u00a0&#8211; base pour une n\u00e9gociation \u00e0 l&rsquo;amiable<\/p>\n<p>\u00a0<\/p>\t\t\t\t\t\t<\/div>\n\t\t\t\t<\/div>\n\t\t\t\t\t<\/div>\n\t\t<\/div>\n\t\t\t\t\t<\/div>\n\t\t<\/section>\n\t\t\t\t<\/div>\n\t\t","protected":false},"excerpt":{"rendered":"<p>Prestations PronoPV : particuliers &nbsp; \u00e0 quoi \u00e7a ressemble ? Cliquez sur le lien&#8230;. cette \u00e9tude permet \u00e0 mon client de connaitre [&hellip;]<\/p>\n","protected":false},"author":1,"featured_media":0,"parent":0,"menu_order":0,"comment_status":"closed","ping_status":"closed","template":"elementor_header_footer","meta":{"footnotes":""},"class_list":["post-1103","page","type-page","status-publish","hentry"],"yoast_head":"<!-- This site is optimized with the Yoast SEO plugin v27.4 - https:\/\/yoast.com\/product\/yoast-seo-wordpress\/ -->\n<title>Prestations en \u00e9nergie propre par HELIOVOLT - HELIOVOLT S\u00e0rl<\/title>\n<meta name=\"description\" content=\"Cliquez ici pour d\u00e9couvrir les prestations en \u00e9nergie propre propos\u00e9es par Heliovolt, votre sp\u00e9cialiste solaire \u00e0 Schirrhoffen\" \/>\n<meta name=\"robots\" content=\"index, follow, max-snippet:-1, max-image-preview:large, max-video-preview:-1\" \/>\n<link rel=\"canonical\" href=\"http:\/\/www.heliovolt.de\/wordpress\/fr\/prestations-en-energie-propre-par-heliovolt\/\" \/>\n<meta name=\"twitter:label1\" content=\"Dur\u00e9e de lecture estim\u00e9e\" \/>\n\t<meta name=\"twitter:data1\" content=\"4 minutes\" \/>\n<script type=\"application\/ld+json\" class=\"yoast-schema-graph\">{\"@context\":\"https:\\\/\\\/schema.org\",\"@graph\":[{\"@type\":\"WebPage\",\"@id\":\"http:\\\/\\\/www.heliovolt.de\\\/wordpress\\\/fr\\\/prestations-en-energie-propre-par-heliovolt\\\/\",\"url\":\"http:\\\/\\\/www.heliovolt.de\\\/wordpress\\\/fr\\\/prestations-en-energie-propre-par-heliovolt\\\/\",\"name\":\"Prestations en \u00e9nergie propre par HELIOVOLT - HELIOVOLT S\u00e0rl\",\"isPartOf\":{\"@id\":\"https:\\\/\\\/www.heliovolt.de\\\/wordpress\\\/fr\\\/#website\"},\"datePublished\":\"2020-11-25T14:49:42+00:00\",\"dateModified\":\"2021-05-15T17:22:26+00:00\",\"description\":\"Cliquez ici pour d\u00e9couvrir les prestations en \u00e9nergie propre propos\u00e9es par Heliovolt, votre sp\u00e9cialiste solaire \u00e0 Schirrhoffen\",\"breadcrumb\":{\"@id\":\"http:\\\/\\\/www.heliovolt.de\\\/wordpress\\\/fr\\\/prestations-en-energie-propre-par-heliovolt\\\/#breadcrumb\"},\"inLanguage\":\"fr-FR\",\"potentialAction\":[{\"@type\":\"ReadAction\",\"target\":[\"http:\\\/\\\/www.heliovolt.de\\\/wordpress\\\/fr\\\/prestations-en-energie-propre-par-heliovolt\\\/\"]}]},{\"@type\":\"BreadcrumbList\",\"@id\":\"http:\\\/\\\/www.heliovolt.de\\\/wordpress\\\/fr\\\/prestations-en-energie-propre-par-heliovolt\\\/#breadcrumb\",\"itemListElement\":[{\"@type\":\"ListItem\",\"position\":1,\"name\":\"Accueil\",\"item\":\"https:\\\/\\\/www.heliovolt.de\\\/wordpress\\\/fr\\\/\"},{\"@type\":\"ListItem\",\"position\":2,\"name\":\"Prestations en \u00e9nergie propre par HELIOVOLT\"}]},{\"@type\":\"WebSite\",\"@id\":\"https:\\\/\\\/www.heliovolt.de\\\/wordpress\\\/fr\\\/#website\",\"url\":\"https:\\\/\\\/www.heliovolt.de\\\/wordpress\\\/fr\\\/\",\"name\":\"HELIOVOLT S\u00e0rl\",\"description\":\"Concepteur \u00e9nergies propres - Innovations\",\"publisher\":{\"@id\":\"https:\\\/\\\/www.heliovolt.de\\\/wordpress\\\/fr\\\/#organization\"},\"potentialAction\":[{\"@type\":\"SearchAction\",\"target\":{\"@type\":\"EntryPoint\",\"urlTemplate\":\"https:\\\/\\\/www.heliovolt.de\\\/wordpress\\\/fr\\\/?s={search_term_string}\"},\"query-input\":{\"@type\":\"PropertyValueSpecification\",\"valueRequired\":true,\"valueName\":\"search_term_string\"}}],\"inLanguage\":\"fr-FR\"},{\"@type\":\"Organization\",\"@id\":\"https:\\\/\\\/www.heliovolt.de\\\/wordpress\\\/fr\\\/#organization\",\"name\":\"HELIOVOLT S\u00e0rl\",\"url\":\"https:\\\/\\\/www.heliovolt.de\\\/wordpress\\\/fr\\\/\",\"logo\":{\"@type\":\"ImageObject\",\"inLanguage\":\"fr-FR\",\"@id\":\"https:\\\/\\\/www.heliovolt.de\\\/wordpress\\\/fr\\\/#\\\/schema\\\/logo\\\/image\\\/\",\"url\":\"http:\\\/\\\/www.heliovolt.de\\\/wordpress\\\/fr\\\/wp-content\\\/uploads\\\/sites\\\/2\\\/2021\\\/05\\\/Heliovolt_logo_2.png\",\"contentUrl\":\"http:\\\/\\\/www.heliovolt.de\\\/wordpress\\\/fr\\\/wp-content\\\/uploads\\\/sites\\\/2\\\/2021\\\/05\\\/Heliovolt_logo_2.png\",\"width\":1103,\"height\":396,\"caption\":\"HELIOVOLT S\u00e0rl\"},\"image\":{\"@id\":\"https:\\\/\\\/www.heliovolt.de\\\/wordpress\\\/fr\\\/#\\\/schema\\\/logo\\\/image\\\/\"},\"sameAs\":[\"https:\\\/\\\/facebook.com\\\/eberhard.rudertpro.3\",\"https:\\\/\\\/www.linkedin.com\\\/in\\\/eberhard-rudert-75270224\\\/\"]}]}<\/script>\n<!-- \/ Yoast SEO plugin. -->","yoast_head_json":{"title":"Prestations en \u00e9nergie propre par HELIOVOLT - HELIOVOLT S\u00e0rl","description":"Cliquez ici pour d\u00e9couvrir les prestations en \u00e9nergie propre propos\u00e9es par Heliovolt, votre sp\u00e9cialiste solaire \u00e0 Schirrhoffen","robots":{"index":"index","follow":"follow","max-snippet":"max-snippet:-1","max-image-preview":"max-image-preview:large","max-video-preview":"max-video-preview:-1"},"canonical":"http:\/\/www.heliovolt.de\/wordpress\/fr\/prestations-en-energie-propre-par-heliovolt\/","twitter_misc":{"Dur\u00e9e de lecture estim\u00e9e":"4 minutes"},"schema":{"@context":"https:\/\/schema.org","@graph":[{"@type":"WebPage","@id":"http:\/\/www.heliovolt.de\/wordpress\/fr\/prestations-en-energie-propre-par-heliovolt\/","url":"http:\/\/www.heliovolt.de\/wordpress\/fr\/prestations-en-energie-propre-par-heliovolt\/","name":"Prestations en \u00e9nergie propre par HELIOVOLT - HELIOVOLT S\u00e0rl","isPartOf":{"@id":"https:\/\/www.heliovolt.de\/wordpress\/fr\/#website"},"datePublished":"2020-11-25T14:49:42+00:00","dateModified":"2021-05-15T17:22:26+00:00","description":"Cliquez ici pour d\u00e9couvrir les prestations en \u00e9nergie propre propos\u00e9es par Heliovolt, votre sp\u00e9cialiste solaire \u00e0 Schirrhoffen","breadcrumb":{"@id":"http:\/\/www.heliovolt.de\/wordpress\/fr\/prestations-en-energie-propre-par-heliovolt\/#breadcrumb"},"inLanguage":"fr-FR","potentialAction":[{"@type":"ReadAction","target":["http:\/\/www.heliovolt.de\/wordpress\/fr\/prestations-en-energie-propre-par-heliovolt\/"]}]},{"@type":"BreadcrumbList","@id":"http:\/\/www.heliovolt.de\/wordpress\/fr\/prestations-en-energie-propre-par-heliovolt\/#breadcrumb","itemListElement":[{"@type":"ListItem","position":1,"name":"Accueil","item":"https:\/\/www.heliovolt.de\/wordpress\/fr\/"},{"@type":"ListItem","position":2,"name":"Prestations en \u00e9nergie propre par HELIOVOLT"}]},{"@type":"WebSite","@id":"https:\/\/www.heliovolt.de\/wordpress\/fr\/#website","url":"https:\/\/www.heliovolt.de\/wordpress\/fr\/","name":"HELIOVOLT S\u00e0rl","description":"Concepteur \u00e9nergies propres - Innovations","publisher":{"@id":"https:\/\/www.heliovolt.de\/wordpress\/fr\/#organization"},"potentialAction":[{"@type":"SearchAction","target":{"@type":"EntryPoint","urlTemplate":"https:\/\/www.heliovolt.de\/wordpress\/fr\/?s={search_term_string}"},"query-input":{"@type":"PropertyValueSpecification","valueRequired":true,"valueName":"search_term_string"}}],"inLanguage":"fr-FR"},{"@type":"Organization","@id":"https:\/\/www.heliovolt.de\/wordpress\/fr\/#organization","name":"HELIOVOLT S\u00e0rl","url":"https:\/\/www.heliovolt.de\/wordpress\/fr\/","logo":{"@type":"ImageObject","inLanguage":"fr-FR","@id":"https:\/\/www.heliovolt.de\/wordpress\/fr\/#\/schema\/logo\/image\/","url":"http:\/\/www.heliovolt.de\/wordpress\/fr\/wp-content\/uploads\/sites\/2\/2021\/05\/Heliovolt_logo_2.png","contentUrl":"http:\/\/www.heliovolt.de\/wordpress\/fr\/wp-content\/uploads\/sites\/2\/2021\/05\/Heliovolt_logo_2.png","width":1103,"height":396,"caption":"HELIOVOLT S\u00e0rl"},"image":{"@id":"https:\/\/www.heliovolt.de\/wordpress\/fr\/#\/schema\/logo\/image\/"},"sameAs":["https:\/\/facebook.com\/eberhard.rudertpro.3","https:\/\/www.linkedin.com\/in\/eberhard-rudert-75270224\/"]}]}},"_links":{"self":[{"href":"http:\/\/www.heliovolt.de\/wordpress\/fr\/wp-json\/wp\/v2\/pages\/1103","targetHints":{"allow":["GET"]}}],"collection":[{"href":"http:\/\/www.heliovolt.de\/wordpress\/fr\/wp-json\/wp\/v2\/pages"}],"about":[{"href":"http:\/\/www.heliovolt.de\/wordpress\/fr\/wp-json\/wp\/v2\/types\/page"}],"author":[{"embeddable":true,"href":"http:\/\/www.heliovolt.de\/wordpress\/fr\/wp-json\/wp\/v2\/users\/1"}],"replies":[{"embeddable":true,"href":"http:\/\/www.heliovolt.de\/wordpress\/fr\/wp-json\/wp\/v2\/comments?post=1103"}],"version-history":[{"count":51,"href":"http:\/\/www.heliovolt.de\/wordpress\/fr\/wp-json\/wp\/v2\/pages\/1103\/revisions"}],"predecessor-version":[{"id":1665,"href":"http:\/\/www.heliovolt.de\/wordpress\/fr\/wp-json\/wp\/v2\/pages\/1103\/revisions\/1665"}],"wp:attachment":[{"href":"http:\/\/www.heliovolt.de\/wordpress\/fr\/wp-json\/wp\/v2\/media?parent=1103"}],"curies":[{"name":"wp","href":"https:\/\/api.w.org\/{rel}","templated":true}]}}