{"id":1105,"date":"2020-11-25T16:50:04","date_gmt":"2020-11-25T14:50:04","guid":{"rendered":"http:\/\/www.heliovolt.de\/wordpress\/fr\/?page_id=1105"},"modified":"2021-05-15T19:32:48","modified_gmt":"2021-05-15T17:32:48","slug":"produits-en-energie-propre-par-heliovolt","status":"publish","type":"page","link":"http:\/\/www.heliovolt.de\/wordpress\/fr\/produits-en-energie-propre-par-heliovolt\/","title":{"rendered":"Produits en \u00e9nergie propre par HELIOVOLT"},"content":{"rendered":"\t\t<div data-elementor-type=\"wp-page\" data-elementor-id=\"1105\" class=\"elementor elementor-1105\">\n\t\t\t\t\t\t<section class=\"elementor-section elementor-top-section elementor-element elementor-element-9be11b7 elementor-section-boxed elementor-section-height-default elementor-section-height-default\" data-id=\"9be11b7\" data-element_type=\"section\">\n\t\t\t\t\t\t<div class=\"elementor-container elementor-column-gap-default\">\n\t\t\t\t\t<div class=\"elementor-column elementor-col-100 elementor-top-column elementor-element elementor-element-aec97a9\" data-id=\"aec97a9\" data-element_type=\"column\">\n\t\t\t<div class=\"elementor-widget-wrap elementor-element-populated\">\n\t\t\t\t\t\t<div class=\"elementor-element elementor-element-f4fe295 elementor-widget elementor-widget-heading\" data-id=\"f4fe295\" data-element_type=\"widget\" data-widget_type=\"heading.default\">\n\t\t\t\t<div class=\"elementor-widget-container\">\n\t\t\t<h2 class=\"elementor-heading-title elementor-size-default\">Produits HELIOVOLT<\/h2>\t\t<\/div>\n\t\t\t\t<\/div>\n\t\t\t\t\t<\/div>\n\t\t<\/div>\n\t\t\t\t\t<\/div>\n\t\t<\/section>\n\t\t\t\t<section class=\"elementor-section elementor-top-section elementor-element elementor-element-bd6e67c elementor-section-full_width elementor-section-height-default elementor-section-height-default\" data-id=\"bd6e67c\" data-element_type=\"section\">\n\t\t\t\t\t\t<div class=\"elementor-container elementor-column-gap-default\">\n\t\t\t\t\t<div class=\"elementor-column elementor-col-33 elementor-top-column elementor-element elementor-element-0e37d1f\" data-id=\"0e37d1f\" data-element_type=\"column\">\n\t\t\t<div class=\"elementor-widget-wrap elementor-element-populated\">\n\t\t\t\t\t\t<div class=\"elementor-element elementor-element-297b03a elementor-widget elementor-widget-text-editor\" data-id=\"297b03a\" data-element_type=\"widget\" data-widget_type=\"text-editor.default\">\n\t\t\t\t<div class=\"elementor-widget-container\">\n\t\t\t\t\t\t\t<p>Sur cette page vous trouvez des produits phares, qui couvrent votre besoin en \u00e9nergie pour certaines applications \u00e9nerg\u00e9tiques.<\/p>\t\t\t\t\t\t<\/div>\n\t\t\t\t<\/div>\n\t\t\t\t\t<\/div>\n\t\t<\/div>\n\t\t\t\t<div class=\"elementor-column elementor-col-33 elementor-top-column elementor-element elementor-element-6f18c58\" data-id=\"6f18c58\" data-element_type=\"column\">\n\t\t\t<div class=\"elementor-widget-wrap elementor-element-populated\">\n\t\t\t\t\t\t<div class=\"elementor-element elementor-element-9ff7eec elementor-widget elementor-widget-text-editor\" data-id=\"9ff7eec\" data-element_type=\"widget\" data-widget_type=\"text-editor.default\">\n\t\t\t\t<div class=\"elementor-widget-container\">\n\t\t\t\t\t\t\t<p>Par exemple : alimentation d&rsquo;une climatisation mobile en \u00e9nergie solaire, projets d&rsquo;\u00e9clairage avec panneaux solaires, et autres petites applications.<\/p>\t\t\t\t\t\t<\/div>\n\t\t\t\t<\/div>\n\t\t\t\t\t<\/div>\n\t\t<\/div>\n\t\t\t\t<div class=\"elementor-column elementor-col-33 elementor-top-column elementor-element elementor-element-606e23b\" data-id=\"606e23b\" data-element_type=\"column\">\n\t\t\t<div class=\"elementor-widget-wrap elementor-element-populated\">\n\t\t\t\t\t\t<div class=\"elementor-element elementor-element-a7f0f24 elementor-widget elementor-widget-text-editor\" data-id=\"a7f0f24\" data-element_type=\"widget\" data-widget_type=\"text-editor.default\">\n\t\t\t\t<div class=\"elementor-widget-container\">\n\t\t\t\t\t\t\t<p>Mais aussi les prix du mat\u00e9riel pour une installation PRO, de 3 kWc passant par 9 kW, 36 kVA \u00e0 100 kVA et plus (nous demander )<\/p>\t\t\t\t\t\t<\/div>\n\t\t\t\t<\/div>\n\t\t\t\t\t<\/div>\n\t\t<\/div>\n\t\t\t\t\t<\/div>\n\t\t<\/section>\n\t\t\t\t<section class=\"elementor-section elementor-top-section elementor-element elementor-element-d2a4a37 elementor-section-boxed elementor-section-height-default elementor-section-height-default\" data-id=\"d2a4a37\" data-element_type=\"section\">\n\t\t\t\t\t\t<div class=\"elementor-container elementor-column-gap-default\">\n\t\t\t\t\t<div class=\"elementor-column elementor-col-100 elementor-top-column elementor-element elementor-element-5c69cfc\" data-id=\"5c69cfc\" data-element_type=\"column\">\n\t\t\t<div class=\"elementor-widget-wrap elementor-element-populated\">\n\t\t\t\t\t\t<div class=\"elementor-element elementor-element-53119b2 elementor-widget elementor-widget-text-editor\" data-id=\"53119b2\" data-element_type=\"widget\" data-widget_type=\"text-editor.default\">\n\t\t\t\t<div class=\"elementor-widget-container\">\n\t\t\t\t\t\t\t<table style=\"border-collapse: collapse; width: 96.5937%; height: 144px;\">\n<tbody>\n<tr style=\"height: 48px;\">\n<td style=\"width: 32.6254%; height: 48px;\">\n<h4><strong>Description<\/strong><\/h4>\n<\/td>\n<td style=\"width: 38.6251%; height: 48px;\">\n<h4><strong>Mat\u00e9riel<\/strong><\/h4>\n<\/td>\n<td style=\"width: 11.9264%; height: 48px;\">\n<h4>Pcs.<\/h4>\n<\/td>\n<td style=\"width: 6.89866%; height: 48px;\">\n<h4><strong>Prix HT \u20ac<\/strong><\/h4>\n<\/td>\n<td style=\"width: 9.92441%; height: 48px;\">\n<h4><strong>Prix TTC \u20ac<\/strong><\/h4>\n<\/td>\n<\/tr>\n<tr style=\"height: 48px;\">\n<td style=\"width: 32.6254%; height: 48px;\">\n<h5>Climatiseur solaire <img decoding=\"async\" class=\"alignleft\" src=\"http:\/\/www.heliovolt.de\/wordpress\/fr\/wp-content\/uploads\/sites\/2\/2013\/09\/construct.gif\" alt=\"produits \" width=\"100\" height=\"113\" \/><\/h5>\n<p>\u00a0<\/p>\n<\/td>\n<td style=\"width: 38.6251%; height: 48px;\">\n<p style=\"text-align: left;\">Panneaux photovolta\u00efques, 350 Wc<\/p>\n<p style=\"text-align: left;\">Boitier de raccordement, fusible<\/p>\n<p style=\"text-align: left;\">C\u00e2ble rouge avec connecteur<\/p>\n<p style=\"text-align: left;\">Structure en alu (pose au sol)<\/p>\n<\/td>\n<td style=\"width: 11.9264%; height: 48px;\">\n<p style=\"text-align: center;\">4<\/p>\n<p style=\"text-align: center;\">1<\/p>\n<p style=\"text-align: center;\">10 m<\/p>\n<p style=\"text-align: center;\">1<\/p>\n<\/td>\n<td style=\"width: 6.89866%; height: 48px;\">2495,00<\/td>\n<td style=\"width: 9.92441%; height: 48px;\">\n<p>2994,00<\/p>\n<\/td>\n<\/tr>\n<tr style=\"height: 24px;\">\n<td style=\"width: 32.6254%; height: 24px;\">\u00a0<\/td>\n<td style=\"width: 38.6251%; height: 24px;\">\u00a0<\/td>\n<td style=\"width: 11.9264%; height: 24px;\">\u00a0<\/td>\n<td style=\"width: 6.89866%; height: 24px;\">\u00a0<\/td>\n<td style=\"width: 9.92441%; height: 24px;\">\u00a0<\/td>\n<\/tr>\n<tr style=\"height: 24px;\">\n<td style=\"width: 32.6254%; height: 24px;\">\u00a0<\/td>\n<td style=\"width: 38.6251%; height: 24px;\">\u00a0<\/td>\n<td style=\"width: 11.9264%; height: 24px;\">\u00a0<\/td>\n<td style=\"width: 6.89866%; height: 24px;\">\u00a0<\/td>\n<td style=\"width: 9.92441%; height: 24px;\">\u00a0<\/td>\n<\/tr>\n<\/tbody>\n<\/table>\t\t\t\t\t\t<\/div>\n\t\t\t\t<\/div>\n\t\t\t\t<div class=\"elementor-element elementor-element-8866ed0 elementor-widget elementor-widget-text-editor\" data-id=\"8866ed0\" data-element_type=\"widget\" data-widget_type=\"text-editor.default\">\n\t\t\t\t<div class=\"elementor-widget-container\">\n\t\t\t\t\t\t\t<p>Nous sommes \u00e0 la veille d\u2019une v\u00e9ritable r\u00e9volution : une r\u00e9volution digne de la r\u00e9volution de l\u2019imprimerie ! C\u2019est la r\u00e9volution \u00e9cologique ! En effet apr\u00e8s des dizaines d\u2019ann\u00e9es \u00e0 exploiter nos ressources fossiles nous commen\u00e7ons \u00e0 payer le prix des exc\u00e8s des g\u00e9n\u00e9rations pr\u00e9c\u00e9dentes.<\/p>\n<p>L\u2019heure est venue pour faire le choix de nous r\u00e9inventer et de mettre en place des syst\u00e8mes plus respectueux de la Terre ! C\u2019est gr\u00e2ce \u00e0 elle que nous sommes en vie et que nous le voulions ou non, se sera toujours elle qui aura le dernier mot !<\/p>\n<p>Autant en faire un alli\u00e9 et revenir \u00e0 une approche plus respectueuse de notre environnement. Nombreux sont les personnes qui pensent connaitre l\u2019\u00e9nergie solaire cependant ce secteur est bien loin d\u2019\u00eatre aussi connu que nous le pensons \u2026 mais surtout le potentiel offert par l\u2019\u00e9nergie solaire est largement sous exploit\u00e9 pour le moment !<\/p>\n<p><a href=\"http:\/\/www.heliovolt.de\/wordpress\/fr\/l-energie-solaire-est-elle-lenergie-de-demain\/\">D\u00e9couvrez comment l\u2019\u00e9nergie solaire peut devenir notre meilleur partenaire dans la transition \u00e9cologique<\/a><\/p>\t\t\t\t\t\t<\/div>\n\t\t\t\t<\/div>\n\t\t\t\t\t<\/div>\n\t\t<\/div>\n\t\t\t\t\t<\/div>\n\t\t<\/section>\n\t\t\t\t<\/div>\n\t\t","protected":false},"excerpt":{"rendered":"<p>Produits HELIOVOLT Sur cette page vous trouvez des produits phares, qui couvrent votre besoin en \u00e9nergie pour certaines applications \u00e9nerg\u00e9tiques. Par exemple [&hellip;]<\/p>\n","protected":false},"author":1,"featured_media":0,"parent":0,"menu_order":0,"comment_status":"closed","ping_status":"closed","template":"elementor_header_footer","meta":{"footnotes":""},"class_list":["post-1105","page","type-page","status-publish","hentry"],"yoast_head":"<!-- This site is optimized with the Yoast SEO plugin v27.4 - https:\/\/yoast.com\/product\/yoast-seo-wordpress\/ -->\n<title>Produits en \u00e9nergie propre par HELIOVOLT - HELIOVOLT S\u00e0rl<\/title>\n<meta name=\"description\" content=\"Cliquez ici pour d\u00e9couvrir les produits en \u00e9nergie propore que peut vous proposer heliovolt votre sp\u00e9cialiste du solaire \u00e0 schirrhoffen\" \/>\n<meta name=\"robots\" content=\"index, follow, max-snippet:-1, max-image-preview:large, max-video-preview:-1\" \/>\n<link rel=\"canonical\" href=\"http:\/\/www.heliovolt.de\/wordpress\/fr\/produits-en-energie-propre-par-heliovolt\/\" \/>\n<meta name=\"twitter:label1\" content=\"Dur\u00e9e de lecture estim\u00e9e\" \/>\n\t<meta name=\"twitter:data1\" content=\"2 minutes\" \/>\n<script type=\"application\/ld+json\" class=\"yoast-schema-graph\">{\"@context\":\"https:\\\/\\\/schema.org\",\"@graph\":[{\"@type\":\"WebPage\",\"@id\":\"http:\\\/\\\/www.heliovolt.de\\\/wordpress\\\/fr\\\/produits-en-energie-propre-par-heliovolt\\\/\",\"url\":\"http:\\\/\\\/www.heliovolt.de\\\/wordpress\\\/fr\\\/produits-en-energie-propre-par-heliovolt\\\/\",\"name\":\"Produits en \u00e9nergie propre par HELIOVOLT - HELIOVOLT S\u00e0rl\",\"isPartOf\":{\"@id\":\"https:\\\/\\\/www.heliovolt.de\\\/wordpress\\\/fr\\\/#website\"},\"primaryImageOfPage\":{\"@id\":\"http:\\\/\\\/www.heliovolt.de\\\/wordpress\\\/fr\\\/produits-en-energie-propre-par-heliovolt\\\/#primaryimage\"},\"image\":{\"@id\":\"http:\\\/\\\/www.heliovolt.de\\\/wordpress\\\/fr\\\/produits-en-energie-propre-par-heliovolt\\\/#primaryimage\"},\"thumbnailUrl\":\"http:\\\/\\\/www.heliovolt.de\\\/wordpress\\\/fr\\\/wp-content\\\/uploads\\\/sites\\\/2\\\/2013\\\/09\\\/construct.gif\",\"datePublished\":\"2020-11-25T14:50:04+00:00\",\"dateModified\":\"2021-05-15T17:32:48+00:00\",\"description\":\"Cliquez ici pour d\u00e9couvrir les produits en \u00e9nergie propore que peut vous proposer heliovolt votre sp\u00e9cialiste du solaire \u00e0 schirrhoffen\",\"breadcrumb\":{\"@id\":\"http:\\\/\\\/www.heliovolt.de\\\/wordpress\\\/fr\\\/produits-en-energie-propre-par-heliovolt\\\/#breadcrumb\"},\"inLanguage\":\"fr-FR\",\"potentialAction\":[{\"@type\":\"ReadAction\",\"target\":[\"http:\\\/\\\/www.heliovolt.de\\\/wordpress\\\/fr\\\/produits-en-energie-propre-par-heliovolt\\\/\"]}]},{\"@type\":\"ImageObject\",\"inLanguage\":\"fr-FR\",\"@id\":\"http:\\\/\\\/www.heliovolt.de\\\/wordpress\\\/fr\\\/produits-en-energie-propre-par-heliovolt\\\/#primaryimage\",\"url\":\"http:\\\/\\\/www.heliovolt.de\\\/wordpress\\\/fr\\\/wp-content\\\/uploads\\\/sites\\\/2\\\/2013\\\/09\\\/construct.gif\",\"contentUrl\":\"http:\\\/\\\/www.heliovolt.de\\\/wordpress\\\/fr\\\/wp-content\\\/uploads\\\/sites\\\/2\\\/2013\\\/09\\\/construct.gif\",\"width\":100,\"height\":113},{\"@type\":\"BreadcrumbList\",\"@id\":\"http:\\\/\\\/www.heliovolt.de\\\/wordpress\\\/fr\\\/produits-en-energie-propre-par-heliovolt\\\/#breadcrumb\",\"itemListElement\":[{\"@type\":\"ListItem\",\"position\":1,\"name\":\"Accueil\",\"item\":\"https:\\\/\\\/www.heliovolt.de\\\/wordpress\\\/fr\\\/\"},{\"@type\":\"ListItem\",\"position\":2,\"name\":\"Produits en \u00e9nergie propre par HELIOVOLT\"}]},{\"@type\":\"WebSite\",\"@id\":\"https:\\\/\\\/www.heliovolt.de\\\/wordpress\\\/fr\\\/#website\",\"url\":\"https:\\\/\\\/www.heliovolt.de\\\/wordpress\\\/fr\\\/\",\"name\":\"HELIOVOLT S\u00e0rl\",\"description\":\"Concepteur \u00e9nergies propres - Innovations\",\"publisher\":{\"@id\":\"https:\\\/\\\/www.heliovolt.de\\\/wordpress\\\/fr\\\/#organization\"},\"potentialAction\":[{\"@type\":\"SearchAction\",\"target\":{\"@type\":\"EntryPoint\",\"urlTemplate\":\"https:\\\/\\\/www.heliovolt.de\\\/wordpress\\\/fr\\\/?s={search_term_string}\"},\"query-input\":{\"@type\":\"PropertyValueSpecification\",\"valueRequired\":true,\"valueName\":\"search_term_string\"}}],\"inLanguage\":\"fr-FR\"},{\"@type\":\"Organization\",\"@id\":\"https:\\\/\\\/www.heliovolt.de\\\/wordpress\\\/fr\\\/#organization\",\"name\":\"HELIOVOLT S\u00e0rl\",\"url\":\"https:\\\/\\\/www.heliovolt.de\\\/wordpress\\\/fr\\\/\",\"logo\":{\"@type\":\"ImageObject\",\"inLanguage\":\"fr-FR\",\"@id\":\"https:\\\/\\\/www.heliovolt.de\\\/wordpress\\\/fr\\\/#\\\/schema\\\/logo\\\/image\\\/\",\"url\":\"http:\\\/\\\/www.heliovolt.de\\\/wordpress\\\/fr\\\/wp-content\\\/uploads\\\/sites\\\/2\\\/2021\\\/05\\\/Heliovolt_logo_2.png\",\"contentUrl\":\"http:\\\/\\\/www.heliovolt.de\\\/wordpress\\\/fr\\\/wp-content\\\/uploads\\\/sites\\\/2\\\/2021\\\/05\\\/Heliovolt_logo_2.png\",\"width\":1103,\"height\":396,\"caption\":\"HELIOVOLT S\u00e0rl\"},\"image\":{\"@id\":\"https:\\\/\\\/www.heliovolt.de\\\/wordpress\\\/fr\\\/#\\\/schema\\\/logo\\\/image\\\/\"},\"sameAs\":[\"https:\\\/\\\/facebook.com\\\/eberhard.rudertpro.3\",\"https:\\\/\\\/www.linkedin.com\\\/in\\\/eberhard-rudert-75270224\\\/\"]}]}<\/script>\n<!-- \/ Yoast SEO plugin. -->","yoast_head_json":{"title":"Produits en \u00e9nergie propre par HELIOVOLT - HELIOVOLT S\u00e0rl","description":"Cliquez ici pour d\u00e9couvrir les produits en \u00e9nergie propore que peut vous proposer heliovolt votre sp\u00e9cialiste du solaire \u00e0 schirrhoffen","robots":{"index":"index","follow":"follow","max-snippet":"max-snippet:-1","max-image-preview":"max-image-preview:large","max-video-preview":"max-video-preview:-1"},"canonical":"http:\/\/www.heliovolt.de\/wordpress\/fr\/produits-en-energie-propre-par-heliovolt\/","twitter_misc":{"Dur\u00e9e de lecture estim\u00e9e":"2 minutes"},"schema":{"@context":"https:\/\/schema.org","@graph":[{"@type":"WebPage","@id":"http:\/\/www.heliovolt.de\/wordpress\/fr\/produits-en-energie-propre-par-heliovolt\/","url":"http:\/\/www.heliovolt.de\/wordpress\/fr\/produits-en-energie-propre-par-heliovolt\/","name":"Produits en \u00e9nergie propre par HELIOVOLT - HELIOVOLT S\u00e0rl","isPartOf":{"@id":"https:\/\/www.heliovolt.de\/wordpress\/fr\/#website"},"primaryImageOfPage":{"@id":"http:\/\/www.heliovolt.de\/wordpress\/fr\/produits-en-energie-propre-par-heliovolt\/#primaryimage"},"image":{"@id":"http:\/\/www.heliovolt.de\/wordpress\/fr\/produits-en-energie-propre-par-heliovolt\/#primaryimage"},"thumbnailUrl":"http:\/\/www.heliovolt.de\/wordpress\/fr\/wp-content\/uploads\/sites\/2\/2013\/09\/construct.gif","datePublished":"2020-11-25T14:50:04+00:00","dateModified":"2021-05-15T17:32:48+00:00","description":"Cliquez ici pour d\u00e9couvrir les produits en \u00e9nergie propore que peut vous proposer heliovolt votre sp\u00e9cialiste du solaire \u00e0 schirrhoffen","breadcrumb":{"@id":"http:\/\/www.heliovolt.de\/wordpress\/fr\/produits-en-energie-propre-par-heliovolt\/#breadcrumb"},"inLanguage":"fr-FR","potentialAction":[{"@type":"ReadAction","target":["http:\/\/www.heliovolt.de\/wordpress\/fr\/produits-en-energie-propre-par-heliovolt\/"]}]},{"@type":"ImageObject","inLanguage":"fr-FR","@id":"http:\/\/www.heliovolt.de\/wordpress\/fr\/produits-en-energie-propre-par-heliovolt\/#primaryimage","url":"http:\/\/www.heliovolt.de\/wordpress\/fr\/wp-content\/uploads\/sites\/2\/2013\/09\/construct.gif","contentUrl":"http:\/\/www.heliovolt.de\/wordpress\/fr\/wp-content\/uploads\/sites\/2\/2013\/09\/construct.gif","width":100,"height":113},{"@type":"BreadcrumbList","@id":"http:\/\/www.heliovolt.de\/wordpress\/fr\/produits-en-energie-propre-par-heliovolt\/#breadcrumb","itemListElement":[{"@type":"ListItem","position":1,"name":"Accueil","item":"https:\/\/www.heliovolt.de\/wordpress\/fr\/"},{"@type":"ListItem","position":2,"name":"Produits en \u00e9nergie propre par HELIOVOLT"}]},{"@type":"WebSite","@id":"https:\/\/www.heliovolt.de\/wordpress\/fr\/#website","url":"https:\/\/www.heliovolt.de\/wordpress\/fr\/","name":"HELIOVOLT S\u00e0rl","description":"Concepteur \u00e9nergies propres - Innovations","publisher":{"@id":"https:\/\/www.heliovolt.de\/wordpress\/fr\/#organization"},"potentialAction":[{"@type":"SearchAction","target":{"@type":"EntryPoint","urlTemplate":"https:\/\/www.heliovolt.de\/wordpress\/fr\/?s={search_term_string}"},"query-input":{"@type":"PropertyValueSpecification","valueRequired":true,"valueName":"search_term_string"}}],"inLanguage":"fr-FR"},{"@type":"Organization","@id":"https:\/\/www.heliovolt.de\/wordpress\/fr\/#organization","name":"HELIOVOLT S\u00e0rl","url":"https:\/\/www.heliovolt.de\/wordpress\/fr\/","logo":{"@type":"ImageObject","inLanguage":"fr-FR","@id":"https:\/\/www.heliovolt.de\/wordpress\/fr\/#\/schema\/logo\/image\/","url":"http:\/\/www.heliovolt.de\/wordpress\/fr\/wp-content\/uploads\/sites\/2\/2021\/05\/Heliovolt_logo_2.png","contentUrl":"http:\/\/www.heliovolt.de\/wordpress\/fr\/wp-content\/uploads\/sites\/2\/2021\/05\/Heliovolt_logo_2.png","width":1103,"height":396,"caption":"HELIOVOLT S\u00e0rl"},"image":{"@id":"https:\/\/www.heliovolt.de\/wordpress\/fr\/#\/schema\/logo\/image\/"},"sameAs":["https:\/\/facebook.com\/eberhard.rudertpro.3","https:\/\/www.linkedin.com\/in\/eberhard-rudert-75270224\/"]}]}},"_links":{"self":[{"href":"http:\/\/www.heliovolt.de\/wordpress\/fr\/wp-json\/wp\/v2\/pages\/1105","targetHints":{"allow":["GET"]}}],"collection":[{"href":"http:\/\/www.heliovolt.de\/wordpress\/fr\/wp-json\/wp\/v2\/pages"}],"about":[{"href":"http:\/\/www.heliovolt.de\/wordpress\/fr\/wp-json\/wp\/v2\/types\/page"}],"author":[{"embeddable":true,"href":"http:\/\/www.heliovolt.de\/wordpress\/fr\/wp-json\/wp\/v2\/users\/1"}],"replies":[{"embeddable":true,"href":"http:\/\/www.heliovolt.de\/wordpress\/fr\/wp-json\/wp\/v2\/comments?post=1105"}],"version-history":[{"count":47,"href":"http:\/\/www.heliovolt.de\/wordpress\/fr\/wp-json\/wp\/v2\/pages\/1105\/revisions"}],"predecessor-version":[{"id":1673,"href":"http:\/\/www.heliovolt.de\/wordpress\/fr\/wp-json\/wp\/v2\/pages\/1105\/revisions\/1673"}],"wp:attachment":[{"href":"http:\/\/www.heliovolt.de\/wordpress\/fr\/wp-json\/wp\/v2\/media?parent=1105"}],"curies":[{"name":"wp","href":"https:\/\/api.w.org\/{rel}","templated":true}]}}