{"id":1196,"date":"2020-11-25T18:20:56","date_gmt":"2020-11-25T16:20:56","guid":{"rendered":"http:\/\/www.heliovolt.de\/wordpress\/fr\/?page_id=1196"},"modified":"2021-03-24T19:14:06","modified_gmt":"2021-03-24T17:14:06","slug":"heliovolt-blog","status":"publish","type":"page","link":"http:\/\/www.heliovolt.de\/wordpress\/fr\/heliovolt-blog\/","title":{"rendered":"HELIOVOLT Blog"},"content":{"rendered":"\t\t<div data-elementor-type=\"wp-page\" data-elementor-id=\"1196\" class=\"elementor elementor-1196\">\n\t\t\t\t\t\t<section class=\"elementor-section elementor-top-section elementor-element elementor-element-8714069 elementor-section-boxed elementor-section-height-default elementor-section-height-default\" data-id=\"8714069\" data-element_type=\"section\">\n\t\t\t\t\t\t<div class=\"elementor-container elementor-column-gap-default\">\n\t\t\t\t\t<div class=\"elementor-column elementor-col-100 elementor-top-column elementor-element elementor-element-65da885\" data-id=\"65da885\" data-element_type=\"column\">\n\t\t\t<div class=\"elementor-widget-wrap elementor-element-populated\">\n\t\t\t\t\t\t<div class=\"elementor-element elementor-element-a8e0f66 elementor-widget elementor-widget-heading\" data-id=\"a8e0f66\" data-element_type=\"widget\" data-widget_type=\"heading.default\">\n\t\t\t\t<div class=\"elementor-widget-container\">\n\t\t\t<h2 class=\"elementor-heading-title elementor-size-default\">HELIOVOLT Blog<\/h2>\t\t<\/div>\n\t\t\t\t<\/div>\n\t\t\t\t\t<\/div>\n\t\t<\/div>\n\t\t\t\t\t<\/div>\n\t\t<\/section>\n\t\t\t\t<section class=\"elementor-section elementor-top-section elementor-element elementor-element-64a0fda elementor-section-boxed elementor-section-height-default elementor-section-height-default\" data-id=\"64a0fda\" data-element_type=\"section\">\n\t\t\t\t\t\t<div class=\"elementor-container elementor-column-gap-default\">\n\t\t\t\t\t<div class=\"elementor-column elementor-col-100 elementor-top-column elementor-element elementor-element-8e7aeae\" data-id=\"8e7aeae\" data-element_type=\"column\">\n\t\t\t<div class=\"elementor-widget-wrap elementor-element-populated\">\n\t\t\t\t\t\t<div class=\"elementor-element elementor-element-3564cb5 elementor-widget elementor-widget-text-editor\" data-id=\"3564cb5\" data-element_type=\"widget\" data-widget_type=\"text-editor.default\">\n\t\t\t\t<div class=\"elementor-widget-container\">\n\t\t\t\t\t\t\t<p><strong>D\u00e9couvrez cet article sur l&rsquo;\u00e9lectricit\u00e9 nucl\u00e9aire :<\/strong><\/p>\n<p><a title=\"La cour des comptes alerte sur les co\u00fbts du nucl\u00e9aire\" href=\"http:\/\/www.lemonde.fr\/economie\/article\/2014\/05\/27\/facture-du-nucleaire-l-alerte-de-la-cour-des-comptes_4426678_3234.html\" target=\"_blank\" rel=\"noopener noreferrer\">http:\/\/www.lemonde.fr\/economie\/article\/2014\/05\/27\/facture-du-nucleaire-l-alerte-de-la-cour-des-comptes_4426678_3234.html<\/a><\/p>\n<p>Vos id\u00e9es et commentaires sont les bienvenus ! Cependant, nous nous r\u00e9servons le droit de les v\u00e9rifier avant des les publier. Nous supprimerons tout message dont le ton et le contenu pourrait \u00eatre inappropri\u00e9, violerait les r\u00e8gles de bonne conduite et de politesse (\u00e9tiquette), ou contraire \u00e0 la loi.<\/p>\n<table style=\"border-collapse: collapse;width: 100%\">\n<tbody>\n<tr>\n<td style=\"width: 20%\">\u00c9nergie en g\u00e9n\u00e9ral<\/td>\n<td style=\"width: 20%\">Concepts \u00e9nerg\u00e9tiques<\/td>\n<td style=\"width: 20%\">Granulation mobile<\/td>\n<td style=\"width: 20%\">Huile v\u00e9g\u00e9tale combustible et carburant<\/td>\n<td style=\"width: 20%\">Chauffage aux biomasses<\/td>\n<\/tr>\n<tr>\n<td style=\"width: 20%\">Photovolta\u00efque<\/td>\n<td style=\"width: 20%\">Solaire thermique<\/td>\n<td style=\"width: 20%\">Carports<\/td>\n<td style=\"width: 20%\">Illumination LED<\/td>\n<td style=\"width: 20%\">\u00a0<\/td>\n<\/tr>\n<tr>\n<td style=\"width: 20%\">\u00a0<\/td>\n<td style=\"width: 20%\">\u00a0<\/td>\n<td style=\"width: 20%\">\u00a0<\/td>\n<td style=\"width: 20%\">\u00a0<\/td>\n<td style=\"width: 20%\">\u00a0<\/td>\n<\/tr>\n<tr>\n<td style=\"width: 20%\">\u00a0<\/td>\n<td style=\"width: 20%\">\u00a0<\/td>\n<td style=\"width: 20%\">\u00a0<\/td>\n<td style=\"width: 20%\">\u00a0<\/td>\n<td style=\"width: 20%\">\u00a0<\/td>\n<\/tr>\n<\/tbody>\n<\/table>\t\t\t\t\t\t<\/div>\n\t\t\t\t<\/div>\n\t\t\t\t\t<\/div>\n\t\t<\/div>\n\t\t\t\t\t<\/div>\n\t\t<\/section>\n\t\t\t\t<section class=\"elementor-section elementor-top-section elementor-element elementor-element-3131457 elementor-section-boxed elementor-section-height-default elementor-section-height-default\" data-id=\"3131457\" data-element_type=\"section\">\n\t\t\t\t\t\t<div class=\"elementor-container elementor-column-gap-default\">\n\t\t\t\t\t<div class=\"elementor-column elementor-col-100 elementor-top-column elementor-element elementor-element-c6d05ac\" data-id=\"c6d05ac\" data-element_type=\"column\">\n\t\t\t<div class=\"elementor-widget-wrap\">\n\t\t\t\t\t\t\t<\/div>\n\t\t<\/div>\n\t\t\t\t\t<\/div>\n\t\t<\/section>\n\t\t\t\t<\/div>\n\t\t","protected":false},"excerpt":{"rendered":"<p>HELIOVOLT Blog D\u00e9couvrez cet article sur l&rsquo;\u00e9lectricit\u00e9 nucl\u00e9aire : http:\/\/www.lemonde.fr\/economie\/article\/2014\/05\/27\/facture-du-nucleaire-l-alerte-de-la-cour-des-comptes_4426678_3234.html Vos id\u00e9es et commentaires sont les bienvenus ! Cependant, nous nous r\u00e9servons [&hellip;]<\/p>\n","protected":false},"author":1,"featured_media":0,"parent":0,"menu_order":0,"comment_status":"closed","ping_status":"closed","template":"elementor_header_footer","meta":{"footnotes":""},"class_list":["post-1196","page","type-page","status-publish","hentry"],"yoast_head":"<!-- This site is optimized with the Yoast SEO plugin v27.4 - https:\/\/yoast.com\/product\/yoast-seo-wordpress\/ -->\n<title>HELIOVOLT Blog - HELIOVOLT S\u00e0rl<\/title>\n<meta name=\"description\" content=\"Cliquez ici pour d\u00e9couvrir le blog d&#039;Heliovolt et d\u00e9couvrez comment remplacer les \u00e9nergies fossiles par une \u00e9nergie propre et respectueuse !\" \/>\n<meta name=\"robots\" content=\"noindex, nofollow\" \/>\n<script type=\"application\/ld+json\" class=\"yoast-schema-graph\">{\"@context\":\"https:\\\/\\\/schema.org\",\"@graph\":[{\"@type\":\"WebPage\",\"@id\":\"http:\\\/\\\/www.heliovolt.de\\\/wordpress\\\/fr\\\/heliovolt-blog\\\/\",\"url\":\"http:\\\/\\\/www.heliovolt.de\\\/wordpress\\\/fr\\\/heliovolt-blog\\\/\",\"name\":\"HELIOVOLT Blog - HELIOVOLT S\u00e0rl\",\"isPartOf\":{\"@id\":\"https:\\\/\\\/www.heliovolt.de\\\/wordpress\\\/fr\\\/#website\"},\"datePublished\":\"2020-11-25T16:20:56+00:00\",\"dateModified\":\"2021-03-24T17:14:06+00:00\",\"description\":\"Cliquez ici pour d\u00e9couvrir le blog d'Heliovolt et d\u00e9couvrez comment remplacer les \u00e9nergies fossiles par une \u00e9nergie propre et respectueuse !\",\"breadcrumb\":{\"@id\":\"http:\\\/\\\/www.heliovolt.de\\\/wordpress\\\/fr\\\/heliovolt-blog\\\/#breadcrumb\"},\"inLanguage\":\"fr-FR\",\"potentialAction\":[{\"@type\":\"ReadAction\",\"target\":[\"http:\\\/\\\/www.heliovolt.de\\\/wordpress\\\/fr\\\/heliovolt-blog\\\/\"]}]},{\"@type\":\"BreadcrumbList\",\"@id\":\"http:\\\/\\\/www.heliovolt.de\\\/wordpress\\\/fr\\\/heliovolt-blog\\\/#breadcrumb\",\"itemListElement\":[{\"@type\":\"ListItem\",\"position\":1,\"name\":\"Accueil\",\"item\":\"https:\\\/\\\/www.heliovolt.de\\\/wordpress\\\/fr\\\/\"},{\"@type\":\"ListItem\",\"position\":2,\"name\":\"HELIOVOLT Blog\"}]},{\"@type\":\"WebSite\",\"@id\":\"https:\\\/\\\/www.heliovolt.de\\\/wordpress\\\/fr\\\/#website\",\"url\":\"https:\\\/\\\/www.heliovolt.de\\\/wordpress\\\/fr\\\/\",\"name\":\"HELIOVOLT S\u00e0rl\",\"description\":\"Concepteur \u00e9nergies propres - Innovations\",\"publisher\":{\"@id\":\"https:\\\/\\\/www.heliovolt.de\\\/wordpress\\\/fr\\\/#organization\"},\"potentialAction\":[{\"@type\":\"SearchAction\",\"target\":{\"@type\":\"EntryPoint\",\"urlTemplate\":\"https:\\\/\\\/www.heliovolt.de\\\/wordpress\\\/fr\\\/?s={search_term_string}\"},\"query-input\":{\"@type\":\"PropertyValueSpecification\",\"valueRequired\":true,\"valueName\":\"search_term_string\"}}],\"inLanguage\":\"fr-FR\"},{\"@type\":\"Organization\",\"@id\":\"https:\\\/\\\/www.heliovolt.de\\\/wordpress\\\/fr\\\/#organization\",\"name\":\"HELIOVOLT S\u00e0rl\",\"url\":\"https:\\\/\\\/www.heliovolt.de\\\/wordpress\\\/fr\\\/\",\"logo\":{\"@type\":\"ImageObject\",\"inLanguage\":\"fr-FR\",\"@id\":\"https:\\\/\\\/www.heliovolt.de\\\/wordpress\\\/fr\\\/#\\\/schema\\\/logo\\\/image\\\/\",\"url\":\"http:\\\/\\\/www.heliovolt.de\\\/wordpress\\\/fr\\\/wp-content\\\/uploads\\\/sites\\\/2\\\/2021\\\/05\\\/Heliovolt_logo_2.png\",\"contentUrl\":\"http:\\\/\\\/www.heliovolt.de\\\/wordpress\\\/fr\\\/wp-content\\\/uploads\\\/sites\\\/2\\\/2021\\\/05\\\/Heliovolt_logo_2.png\",\"width\":1103,\"height\":396,\"caption\":\"HELIOVOLT S\u00e0rl\"},\"image\":{\"@id\":\"https:\\\/\\\/www.heliovolt.de\\\/wordpress\\\/fr\\\/#\\\/schema\\\/logo\\\/image\\\/\"},\"sameAs\":[\"https:\\\/\\\/facebook.com\\\/eberhard.rudertpro.3\",\"https:\\\/\\\/www.linkedin.com\\\/in\\\/eberhard-rudert-75270224\\\/\"]}]}<\/script>\n<!-- \/ Yoast SEO plugin. -->","yoast_head_json":{"title":"HELIOVOLT Blog - HELIOVOLT S\u00e0rl","description":"Cliquez ici pour d\u00e9couvrir le blog d'Heliovolt et d\u00e9couvrez comment remplacer les \u00e9nergies fossiles par une \u00e9nergie propre et respectueuse !","robots":{"index":"noindex","follow":"nofollow"},"schema":{"@context":"https:\/\/schema.org","@graph":[{"@type":"WebPage","@id":"http:\/\/www.heliovolt.de\/wordpress\/fr\/heliovolt-blog\/","url":"http:\/\/www.heliovolt.de\/wordpress\/fr\/heliovolt-blog\/","name":"HELIOVOLT Blog - HELIOVOLT S\u00e0rl","isPartOf":{"@id":"https:\/\/www.heliovolt.de\/wordpress\/fr\/#website"},"datePublished":"2020-11-25T16:20:56+00:00","dateModified":"2021-03-24T17:14:06+00:00","description":"Cliquez ici pour d\u00e9couvrir le blog d'Heliovolt et d\u00e9couvrez comment remplacer les \u00e9nergies fossiles par une \u00e9nergie propre et respectueuse !","breadcrumb":{"@id":"http:\/\/www.heliovolt.de\/wordpress\/fr\/heliovolt-blog\/#breadcrumb"},"inLanguage":"fr-FR","potentialAction":[{"@type":"ReadAction","target":["http:\/\/www.heliovolt.de\/wordpress\/fr\/heliovolt-blog\/"]}]},{"@type":"BreadcrumbList","@id":"http:\/\/www.heliovolt.de\/wordpress\/fr\/heliovolt-blog\/#breadcrumb","itemListElement":[{"@type":"ListItem","position":1,"name":"Accueil","item":"https:\/\/www.heliovolt.de\/wordpress\/fr\/"},{"@type":"ListItem","position":2,"name":"HELIOVOLT Blog"}]},{"@type":"WebSite","@id":"https:\/\/www.heliovolt.de\/wordpress\/fr\/#website","url":"https:\/\/www.heliovolt.de\/wordpress\/fr\/","name":"HELIOVOLT S\u00e0rl","description":"Concepteur \u00e9nergies propres - Innovations","publisher":{"@id":"https:\/\/www.heliovolt.de\/wordpress\/fr\/#organization"},"potentialAction":[{"@type":"SearchAction","target":{"@type":"EntryPoint","urlTemplate":"https:\/\/www.heliovolt.de\/wordpress\/fr\/?s={search_term_string}"},"query-input":{"@type":"PropertyValueSpecification","valueRequired":true,"valueName":"search_term_string"}}],"inLanguage":"fr-FR"},{"@type":"Organization","@id":"https:\/\/www.heliovolt.de\/wordpress\/fr\/#organization","name":"HELIOVOLT S\u00e0rl","url":"https:\/\/www.heliovolt.de\/wordpress\/fr\/","logo":{"@type":"ImageObject","inLanguage":"fr-FR","@id":"https:\/\/www.heliovolt.de\/wordpress\/fr\/#\/schema\/logo\/image\/","url":"http:\/\/www.heliovolt.de\/wordpress\/fr\/wp-content\/uploads\/sites\/2\/2021\/05\/Heliovolt_logo_2.png","contentUrl":"http:\/\/www.heliovolt.de\/wordpress\/fr\/wp-content\/uploads\/sites\/2\/2021\/05\/Heliovolt_logo_2.png","width":1103,"height":396,"caption":"HELIOVOLT S\u00e0rl"},"image":{"@id":"https:\/\/www.heliovolt.de\/wordpress\/fr\/#\/schema\/logo\/image\/"},"sameAs":["https:\/\/facebook.com\/eberhard.rudertpro.3","https:\/\/www.linkedin.com\/in\/eberhard-rudert-75270224\/"]}]}},"_links":{"self":[{"href":"http:\/\/www.heliovolt.de\/wordpress\/fr\/wp-json\/wp\/v2\/pages\/1196","targetHints":{"allow":["GET"]}}],"collection":[{"href":"http:\/\/www.heliovolt.de\/wordpress\/fr\/wp-json\/wp\/v2\/pages"}],"about":[{"href":"http:\/\/www.heliovolt.de\/wordpress\/fr\/wp-json\/wp\/v2\/types\/page"}],"author":[{"embeddable":true,"href":"http:\/\/www.heliovolt.de\/wordpress\/fr\/wp-json\/wp\/v2\/users\/1"}],"replies":[{"embeddable":true,"href":"http:\/\/www.heliovolt.de\/wordpress\/fr\/wp-json\/wp\/v2\/comments?post=1196"}],"version-history":[{"count":21,"href":"http:\/\/www.heliovolt.de\/wordpress\/fr\/wp-json\/wp\/v2\/pages\/1196\/revisions"}],"predecessor-version":[{"id":1563,"href":"http:\/\/www.heliovolt.de\/wordpress\/fr\/wp-json\/wp\/v2\/pages\/1196\/revisions\/1563"}],"wp:attachment":[{"href":"http:\/\/www.heliovolt.de\/wordpress\/fr\/wp-json\/wp\/v2\/media?parent=1196"}],"curies":[{"name":"wp","href":"https:\/\/api.w.org\/{rel}","templated":true}]}}