{"id":883,"date":"2020-08-24T09:54:41","date_gmt":"2020-08-24T07:54:41","guid":{"rendered":"http:\/\/www.heliovolt.de\/wordpress\/fr\/?page_id=883"},"modified":"2021-03-24T19:05:24","modified_gmt":"2021-03-24T17:05:24","slug":"contact","status":"publish","type":"page","link":"http:\/\/www.heliovolt.de\/wordpress\/fr\/contact\/","title":{"rendered":"Contact"},"content":{"rendered":"\t\t<div data-elementor-type=\"wp-page\" data-elementor-id=\"883\" class=\"elementor elementor-883\">\n\t\t\t\t\t\t<section class=\"elementor-section elementor-top-section elementor-element elementor-element-f066e77 elementor-section-boxed elementor-section-height-default elementor-section-height-default\" data-id=\"f066e77\" data-element_type=\"section\">\n\t\t\t\t\t\t<div class=\"elementor-container elementor-column-gap-default\">\n\t\t\t\t\t<div class=\"elementor-column elementor-col-50 elementor-top-column elementor-element elementor-element-90168a2\" data-id=\"90168a2\" data-element_type=\"column\">\n\t\t\t<div class=\"elementor-widget-wrap elementor-element-populated\">\n\t\t\t\t\t\t<div class=\"elementor-element elementor-element-38fba68 elementor-widget elementor-widget-text-editor\" data-id=\"38fba68\" data-element_type=\"widget\" data-widget_type=\"text-editor.default\">\n\t\t\t\t<div class=\"elementor-widget-container\">\n\t\t\t\t\t\t\t<p>Rien ne vaut le dialogue direct, donc voil\u00e0 notre num\u00e9ro de t\u00e9l\u00e9phone et l&rsquo;adresse :<\/p>\n<p>\u00a0<\/p>\t\t\t\t\t\t<\/div>\n\t\t\t\t<\/div>\n\t\t\t\t\t<\/div>\n\t\t<\/div>\n\t\t\t\t<div class=\"elementor-column elementor-col-50 elementor-top-column elementor-element elementor-element-e4bd49e\" data-id=\"e4bd49e\" data-element_type=\"column\">\n\t\t\t<div class=\"elementor-widget-wrap elementor-element-populated\">\n\t\t\t\t\t\t<div class=\"elementor-element elementor-element-6fa7304 elementor-widget elementor-widget-text-editor\" data-id=\"6fa7304\" data-element_type=\"widget\" data-widget_type=\"text-editor.default\">\n\t\t\t\t<div class=\"elementor-widget-container\">\n\t\t\t\t\t\t\t<p>HELIOVOLT S\u00e0rl<br \/>25 rue Principale<br \/>F67240 SCHIRRHOFFEN<br \/><strong>Tel.: +33 (0)3.88.63.64.62 <\/strong><br \/><strong>Fax: +33 (0)3.88.63.11.34<\/strong><br \/><strong>EMail: <\/strong> <a href=\"mailto:info@heliovolt.fr\">info@heliovolt.fr<\/a><\/p>\t\t\t\t\t\t<\/div>\n\t\t\t\t<\/div>\n\t\t\t\t\t<\/div>\n\t\t<\/div>\n\t\t\t\t\t<\/div>\n\t\t<\/section>\n\t\t\t\t<section class=\"elementor-section elementor-top-section elementor-element elementor-element-80db9f2 elementor-section-boxed elementor-section-height-default elementor-section-height-default\" data-id=\"80db9f2\" data-element_type=\"section\">\n\t\t\t\t\t\t<div class=\"elementor-container elementor-column-gap-default\">\n\t\t\t\t\t<div class=\"elementor-column elementor-col-100 elementor-top-column elementor-element elementor-element-4523f3c\" data-id=\"4523f3c\" data-element_type=\"column\">\n\t\t\t<div class=\"elementor-widget-wrap elementor-element-populated\">\n\t\t\t\t\t\t<div class=\"elementor-element elementor-element-d2d6ce0 elementor-widget elementor-widget-text-editor\" data-id=\"d2d6ce0\" data-element_type=\"widget\" data-widget_type=\"text-editor.default\">\n\t\t\t\t<div class=\"elementor-widget-container\">\n\t\t\t\t\t\t\t<p>Ce formulaire g\u00e9n\u00e9rera un courriel que vous pourrez nous envoyer apr\u00e8s l&rsquo;avoir modifi\u00e9, si vous le souhaitez. Pour vous assurer un service optimal, nous vous prions de bien vouloir remplir le formulaire de contact et de nous l&rsquo;envoyer. Ceci nous permet de nous pr\u00e9parer avant de vous appeler. Vos donn\u00e9es seront exclusivement utilis\u00e9es \u00e0 des fins internes et pour la prise de contact. Nous sommes convainvus par la loi de Protection des donn\u00e9es (RGPD)\u00a0 et son utilit\u00e9 \u00e0 prot\u00e9ger entreprises et personnes contre le vol de donn\u00e9es et ses effets. En aucun cas, nous ne les transmettrons \u00e0 des tiers.<\/p>\n<p>Merci et \u00e0 bient\u00f4t !<\/p>\t\t\t\t\t\t<\/div>\n\t\t\t\t<\/div>\n\t\t\t\t<div class=\"elementor-element elementor-element-28e4fac elementor-widget elementor-widget-text-editor\" data-id=\"28e4fac\" data-element_type=\"widget\" data-widget_type=\"text-editor.default\">\n\t\t\t\t<div class=\"elementor-widget-container\">\n\t\t\t\t\t\t\t<hr \/>\n\n<p><strong><span style=\"text-decoration: underline;font-size: 12pt\">Vos coordonn\u00e9es:<\/span><\/strong><\/p>\n<table style=\"border-collapse: collapse;width: 100%\">\n<tbody>\n<tr>\n<td style=\"width: 50%\">Nom :\u00a0<\/td>\n<td style=\"width: 50%\"><\/td>\n<\/tr>\n<tr>\n<td style=\"width: 50%\">Pr\u00e9nom :\u00a0<\/td>\n<td style=\"width: 50%\"><\/td>\n<\/tr>\n<tr>\n<td style=\"width: 50%\">Ville :<\/td>\n<td style=\"width: 50%\"><\/td>\n<\/tr>\n<tr>\n<td style=\"width: 50%\">Code Postal: \u00a0<\/td>\n<td style=\"width: 50%\"><\/td>\n<\/tr>\n<tr>\n<td style=\"width: 50%\">Vous \u00eates :<\/td>\n<td>\u00a0\nAgriculteur\nParticulier\nCollectivit\u00e9\nIndustriel\nAutre\n<\/td>\n<\/tr>\n<tr>\n<td style=\"width: 50%\">\u00a0Entreprise:<\/td>\n<td>\u00a0<\/td>\n<\/tr>\n<tr>\n<td style=\"width: 50%\">N\u00b0 de t\u00e9l\u00e9phone sur lequel nous pouvons vous joindre:<\/td>\n<td>\u00a0<\/td>\n<\/tr>\n<tr>\n<td style=\"width: 50%\">Quand \u00eates-vous joignables?<\/td>\n<td>\u00a0<\/td>\n<\/tr>\n<tr>\n<td style=\"width: 50%\">Adresse e-mail:<\/td>\n<td>\u00a0<\/td>\n<\/tr>\n<tr>\n<td style=\"width: 50%\"><span style=\"text-decoration: underline;font-size: 12pt\">Prestations:<\/span><\/td>\n<td>\u00a0\u00c9tude photovolta\u00efque \u00c9tude solaire thermique  \u00c9tude chauffage bois\n\n<p> \u00c9tude \u00e9nerg\u00e9tique  Traductions  \u00c9tude autres<\/p>\n<\/td>\n<\/tr>\n<tr>\n<td style=\"width: 50%\"><span style=\"text-decoration: underline;font-size: 12pt\"> Produits:<\/span><\/td>\n<td>\u00a0Chaudi\u00e8re \u00e0 granul\u00e9s  Chaudi\u00e8re \u00e0 bois  Granulation mobile\n\n<p> Granul\u00e9s de paille  Br\u00fbleur multicombustibles<\/p>\n<\/td>\n<\/tr>\n<tr>\n<td style=\"width: 50%\"><span style=\"text-decoration: underline;font-size: 12pt\"> Commentaires (projet, dimensions, autres pr\u00e9cisions,&#8230;)<\/span><\/td>\n<td>\u00a0<textarea cols=\"50\" name=\"Commentaires\" rows=\"5\"><\/textarea><\/td>\n<\/tr>\n<tr>\n<td style=\"width: 50%;height: 56px\"><span style=\"text-decoration: underline\">Reponse par mail<\/span><\/td>\n<td style=\"width: 50%;height: 56px\"><span style=\"font-size: 12pt\">Reponse par mail svp<\/span><\/td>\n<\/tr>\n<tr>\n<td style=\"width: 50%\"><span style=\"text-decoration: underline\">Appel t\u00e9l\u00e9phonique <\/span><\/td>\n<td style=\"width: 50%\"> Veuillez m&rsquo;appeler<\/td>\n<\/tr>\n<tr>\n<td style=\"width: 50%\"><\/td>\n<td style=\"width: 50%\"><\/td>\n<\/tr>\n<\/tbody>\n<\/table>\n\t\t\t\t\t\t<\/div>\n\t\t\t\t<\/div>\n\t\t\t\t\t<\/div>\n\t\t<\/div>\n\t\t\t\t\t<\/div>\n\t\t<\/section>\n\t\t\t\t<\/div>\n\t\t","protected":false},"excerpt":{"rendered":"<p>Rien ne vaut le dialogue direct, donc voil\u00e0 notre num\u00e9ro de t\u00e9l\u00e9phone et l&rsquo;adresse : \u00a0 HELIOVOLT S\u00e0rl25 rue PrincipaleF67240 SCHIRRHOFFENTel.: +33 [&hellip;]<\/p>\n","protected":false},"author":1,"featured_media":0,"parent":0,"menu_order":0,"comment_status":"closed","ping_status":"closed","template":"elementor_header_footer","meta":{"footnotes":""},"class_list":["post-883","page","type-page","status-publish","hentry"],"yoast_head":"<!-- This site is optimized with the Yoast SEO plugin v27.4 - https:\/\/yoast.com\/product\/yoast-seo-wordpress\/ -->\n<title>Contact - HELIOVOLT S\u00e0rl<\/title>\n<meta name=\"description\" content=\"Cliquez ici pour contacter Heliovolt, votre sp\u00e9cialiste en \u00e9nergies propres \u00e0 Schirrhoffen dans le Bas-Rhin.\" \/>\n<meta name=\"robots\" content=\"noindex, nofollow\" \/>\n<meta name=\"twitter:label1\" content=\"Dur\u00e9e de lecture estim\u00e9e\" \/>\n\t<meta name=\"twitter:data1\" content=\"1 minute\" \/>\n<script type=\"application\/ld+json\" class=\"yoast-schema-graph\">{\"@context\":\"https:\\\/\\\/schema.org\",\"@graph\":[{\"@type\":\"WebPage\",\"@id\":\"http:\\\/\\\/www.heliovolt.de\\\/wordpress\\\/fr\\\/contact\\\/\",\"url\":\"http:\\\/\\\/www.heliovolt.de\\\/wordpress\\\/fr\\\/contact\\\/\",\"name\":\"Contact - HELIOVOLT S\u00e0rl\",\"isPartOf\":{\"@id\":\"https:\\\/\\\/www.heliovolt.de\\\/wordpress\\\/fr\\\/#website\"},\"datePublished\":\"2020-08-24T07:54:41+00:00\",\"dateModified\":\"2021-03-24T17:05:24+00:00\",\"description\":\"Cliquez ici pour contacter Heliovolt, votre sp\u00e9cialiste en \u00e9nergies propres \u00e0 Schirrhoffen dans le Bas-Rhin.\",\"breadcrumb\":{\"@id\":\"http:\\\/\\\/www.heliovolt.de\\\/wordpress\\\/fr\\\/contact\\\/#breadcrumb\"},\"inLanguage\":\"fr-FR\",\"potentialAction\":[{\"@type\":\"ReadAction\",\"target\":[\"http:\\\/\\\/www.heliovolt.de\\\/wordpress\\\/fr\\\/contact\\\/\"]}]},{\"@type\":\"BreadcrumbList\",\"@id\":\"http:\\\/\\\/www.heliovolt.de\\\/wordpress\\\/fr\\\/contact\\\/#breadcrumb\",\"itemListElement\":[{\"@type\":\"ListItem\",\"position\":1,\"name\":\"Accueil\",\"item\":\"https:\\\/\\\/www.heliovolt.de\\\/wordpress\\\/fr\\\/\"},{\"@type\":\"ListItem\",\"position\":2,\"name\":\"Contact\"}]},{\"@type\":\"WebSite\",\"@id\":\"https:\\\/\\\/www.heliovolt.de\\\/wordpress\\\/fr\\\/#website\",\"url\":\"https:\\\/\\\/www.heliovolt.de\\\/wordpress\\\/fr\\\/\",\"name\":\"HELIOVOLT S\u00e0rl\",\"description\":\"Concepteur \u00e9nergies propres - Innovations\",\"publisher\":{\"@id\":\"https:\\\/\\\/www.heliovolt.de\\\/wordpress\\\/fr\\\/#organization\"},\"potentialAction\":[{\"@type\":\"SearchAction\",\"target\":{\"@type\":\"EntryPoint\",\"urlTemplate\":\"https:\\\/\\\/www.heliovolt.de\\\/wordpress\\\/fr\\\/?s={search_term_string}\"},\"query-input\":{\"@type\":\"PropertyValueSpecification\",\"valueRequired\":true,\"valueName\":\"search_term_string\"}}],\"inLanguage\":\"fr-FR\"},{\"@type\":\"Organization\",\"@id\":\"https:\\\/\\\/www.heliovolt.de\\\/wordpress\\\/fr\\\/#organization\",\"name\":\"HELIOVOLT S\u00e0rl\",\"url\":\"https:\\\/\\\/www.heliovolt.de\\\/wordpress\\\/fr\\\/\",\"logo\":{\"@type\":\"ImageObject\",\"inLanguage\":\"fr-FR\",\"@id\":\"https:\\\/\\\/www.heliovolt.de\\\/wordpress\\\/fr\\\/#\\\/schema\\\/logo\\\/image\\\/\",\"url\":\"http:\\\/\\\/www.heliovolt.de\\\/wordpress\\\/fr\\\/wp-content\\\/uploads\\\/sites\\\/2\\\/2021\\\/05\\\/Heliovolt_logo_2.png\",\"contentUrl\":\"http:\\\/\\\/www.heliovolt.de\\\/wordpress\\\/fr\\\/wp-content\\\/uploads\\\/sites\\\/2\\\/2021\\\/05\\\/Heliovolt_logo_2.png\",\"width\":1103,\"height\":396,\"caption\":\"HELIOVOLT S\u00e0rl\"},\"image\":{\"@id\":\"https:\\\/\\\/www.heliovolt.de\\\/wordpress\\\/fr\\\/#\\\/schema\\\/logo\\\/image\\\/\"},\"sameAs\":[\"https:\\\/\\\/facebook.com\\\/eberhard.rudertpro.3\",\"https:\\\/\\\/www.linkedin.com\\\/in\\\/eberhard-rudert-75270224\\\/\"]}]}<\/script>\n<!-- \/ Yoast SEO plugin. -->","yoast_head_json":{"title":"Contact - HELIOVOLT S\u00e0rl","description":"Cliquez ici pour contacter Heliovolt, votre sp\u00e9cialiste en \u00e9nergies propres \u00e0 Schirrhoffen dans le Bas-Rhin.","robots":{"index":"noindex","follow":"nofollow"},"twitter_misc":{"Dur\u00e9e de lecture estim\u00e9e":"1 minute"},"schema":{"@context":"https:\/\/schema.org","@graph":[{"@type":"WebPage","@id":"http:\/\/www.heliovolt.de\/wordpress\/fr\/contact\/","url":"http:\/\/www.heliovolt.de\/wordpress\/fr\/contact\/","name":"Contact - HELIOVOLT S\u00e0rl","isPartOf":{"@id":"https:\/\/www.heliovolt.de\/wordpress\/fr\/#website"},"datePublished":"2020-08-24T07:54:41+00:00","dateModified":"2021-03-24T17:05:24+00:00","description":"Cliquez ici pour contacter Heliovolt, votre sp\u00e9cialiste en \u00e9nergies propres \u00e0 Schirrhoffen dans le Bas-Rhin.","breadcrumb":{"@id":"http:\/\/www.heliovolt.de\/wordpress\/fr\/contact\/#breadcrumb"},"inLanguage":"fr-FR","potentialAction":[{"@type":"ReadAction","target":["http:\/\/www.heliovolt.de\/wordpress\/fr\/contact\/"]}]},{"@type":"BreadcrumbList","@id":"http:\/\/www.heliovolt.de\/wordpress\/fr\/contact\/#breadcrumb","itemListElement":[{"@type":"ListItem","position":1,"name":"Accueil","item":"https:\/\/www.heliovolt.de\/wordpress\/fr\/"},{"@type":"ListItem","position":2,"name":"Contact"}]},{"@type":"WebSite","@id":"https:\/\/www.heliovolt.de\/wordpress\/fr\/#website","url":"https:\/\/www.heliovolt.de\/wordpress\/fr\/","name":"HELIOVOLT S\u00e0rl","description":"Concepteur \u00e9nergies propres - Innovations","publisher":{"@id":"https:\/\/www.heliovolt.de\/wordpress\/fr\/#organization"},"potentialAction":[{"@type":"SearchAction","target":{"@type":"EntryPoint","urlTemplate":"https:\/\/www.heliovolt.de\/wordpress\/fr\/?s={search_term_string}"},"query-input":{"@type":"PropertyValueSpecification","valueRequired":true,"valueName":"search_term_string"}}],"inLanguage":"fr-FR"},{"@type":"Organization","@id":"https:\/\/www.heliovolt.de\/wordpress\/fr\/#organization","name":"HELIOVOLT S\u00e0rl","url":"https:\/\/www.heliovolt.de\/wordpress\/fr\/","logo":{"@type":"ImageObject","inLanguage":"fr-FR","@id":"https:\/\/www.heliovolt.de\/wordpress\/fr\/#\/schema\/logo\/image\/","url":"http:\/\/www.heliovolt.de\/wordpress\/fr\/wp-content\/uploads\/sites\/2\/2021\/05\/Heliovolt_logo_2.png","contentUrl":"http:\/\/www.heliovolt.de\/wordpress\/fr\/wp-content\/uploads\/sites\/2\/2021\/05\/Heliovolt_logo_2.png","width":1103,"height":396,"caption":"HELIOVOLT S\u00e0rl"},"image":{"@id":"https:\/\/www.heliovolt.de\/wordpress\/fr\/#\/schema\/logo\/image\/"},"sameAs":["https:\/\/facebook.com\/eberhard.rudertpro.3","https:\/\/www.linkedin.com\/in\/eberhard-rudert-75270224\/"]}]}},"_links":{"self":[{"href":"http:\/\/www.heliovolt.de\/wordpress\/fr\/wp-json\/wp\/v2\/pages\/883","targetHints":{"allow":["GET"]}}],"collection":[{"href":"http:\/\/www.heliovolt.de\/wordpress\/fr\/wp-json\/wp\/v2\/pages"}],"about":[{"href":"http:\/\/www.heliovolt.de\/wordpress\/fr\/wp-json\/wp\/v2\/types\/page"}],"author":[{"embeddable":true,"href":"http:\/\/www.heliovolt.de\/wordpress\/fr\/wp-json\/wp\/v2\/users\/1"}],"replies":[{"embeddable":true,"href":"http:\/\/www.heliovolt.de\/wordpress\/fr\/wp-json\/wp\/v2\/comments?post=883"}],"version-history":[{"count":18,"href":"http:\/\/www.heliovolt.de\/wordpress\/fr\/wp-json\/wp\/v2\/pages\/883\/revisions"}],"predecessor-version":[{"id":1692,"href":"http:\/\/www.heliovolt.de\/wordpress\/fr\/wp-json\/wp\/v2\/pages\/883\/revisions\/1692"}],"wp:attachment":[{"href":"http:\/\/www.heliovolt.de\/wordpress\/fr\/wp-json\/wp\/v2\/media?parent=883"}],"curies":[{"name":"wp","href":"https:\/\/api.w.org\/{rel}","templated":true}]}}