{"id":916,"date":"2020-08-24T15:10:23","date_gmt":"2020-08-24T13:10:23","guid":{"rendered":"http:\/\/www.heliovolt.de\/wordpress\/fr\/?page_id=916"},"modified":"2021-05-15T19:46:05","modified_gmt":"2021-05-15T17:46:05","slug":"solutions-en-energie-propre-energie-renouvelable","status":"publish","type":"page","link":"http:\/\/www.heliovolt.de\/wordpress\/fr\/solutions-en-energie-propre-energie-renouvelable\/","title":{"rendered":"Solutions en \u00c9nergie Propre = \u00c9nergie solaire"},"content":{"rendered":"<h2>Solutions en \u00c9nergie Propre &amp; \u00c9nergie Renouvelable<\/h2>\n<h2>&#8230;..c&rsquo;est des solutions solaires<\/h2>\n<p>Convaincu par la puissance et durabilit\u00e9 de notre soleil HELIOVOLT travaille pour la production d&rsquo;une \u00e9nergie renouvelable et propre depuis 2002,\u00a0 apportant \u00e0 ses clients des produits et concepts bien dimensionn\u00e9s, des \u00e9conomies en \u00e9nergie \u00e9lectrique et de chauffage, une meilleure s\u00e9curit\u00e9 d&rsquo;approvisionnement et donc l&rsquo;\u00e9conomie p\u00e9cuniaire qui vient avec. Souvent coupl\u00e9 \u00e0 des mesures d&rsquo;\u00e9conomie d&rsquo;\u00e9nergie en g\u00e9n\u00e9rale on peut profiter encore plus.<\/p>\n<p>HELIOVOLT est donc sp\u00e9cialis\u00e9 sur l&rsquo;ing\u00e9nierie et la r\u00e9alisation de syst\u00e8mes solaires afin de produire un courant propre ou pour des syst\u00e8mes de chauffage avec une \u00e9nergie renouvelable c&rsquo;est \u00e0 dire utilisant un combustible propre et non-fossile.<\/p>\n<p>Nous sommes constamment \u00e0 la recherche de concepts et de mat\u00e9riels innovants, afin de r\u00e9pondre au mieux aux besoins sp\u00e9cifiques de notre client\u00e8le :<\/p>\n<ul>\n<li><strong>professionnels <\/strong><\/li>\n<li><strong>agriculteurs <\/strong><\/li>\n<li><strong>entreprises industrielles et artisanales<\/strong><\/li>\n<li><strong>communes<\/strong><\/li>\n<li><strong>particuliers<\/strong><\/li>\n<\/ul>\n<h2>Innovations<\/h2>\n<p>Des produits innovatrices nous int\u00e9ressent fortement, car ces produits donnent des possibilit\u00e9s de d\u00e9veloppement des nouveaux proc\u00e9dures de fabrication, moins gourmands en \u00e9nergie primaire et donc favorables pour la fabrication \u00e9conomique et \u00e9cologique de panneaux solaires, batteries, sous-constructions, onduleurs et autres composants de syst\u00e8mes.<\/p>\n<p>En plus, le but\u00a0 de HELIOVOLT est l&rsquo;utilisation large des \u00e9nergies renouvelables, notamment par la d\u00e9centralisation de la production d&rsquo;\u00e9nergie, pour permettre une vrais transformation du syst\u00e8me \u00e9nerg\u00e9tique sans nucl\u00e9aire ou fossile.<\/p>\n<p>Pour cette \u00ab\u00a0Transition au Solaire\u00a0\u00bb\u00a0 le Soleil nous fournit son \u00e9nergie sans limites, propre et durable, sans d\u00e9chets ni co\u00fbts.<\/p>\n<p>ET : non, une installation g\u00e9othermique profonde n&rsquo;est <strong>PAS<\/strong> une installation \u00e0 \u00e9nergies renouvelables, car elle tire sur l&rsquo;\u00e9nergie stock\u00e9e dans la plan\u00e8te, qui n&rsquo;est pas in\u00e9puisable comme le soleil.<\/p>\n<p><strong>Il faut finir de d\u00e9finir comme \u00e7a, c&rsquo;est juste FAUX !<\/strong><\/p>\n<p>Par contre, une installation g\u00e9othermique qui se base sur les \u00e9nergies surfaciques (sol, nappe phr\u00e9atique, air etc.) est bien s\u00fbr une installation d&rsquo;\u00e9nergie renouvelable, car aliment\u00e9e &#8230;&#8230;..par le soleil.<\/p>\n<p>.<\/p>\n<h2>Prestations et produits<\/h2>\n<p><strong>Installations \u00eelot<\/strong><\/p>\n<p>Pour l&rsquo;alimentation de stations de pompage, d&rsquo;\u00e9clairage, de p\u00e8se, des transmetteurs radio et autres usages.<\/p>\n<p>Nous \u00e9laborons votre besoin en panneaux et batterie, venant d&rsquo;une toute petite installation jusqu&rsquo;\u00e0 plusieurs kW de puissance.<\/p>\n<p><strong>Installations coupl\u00e9es au r\u00e9seau et injection du courant<\/strong><\/p>\n<p>Comme les installations d&rsquo;une puissance au-dessus de 100 kWc demandent un appel d&rsquo;offre, nous nous limitons en g\u00e9n\u00e9rale \u00e0 cette puissance. La r\u00e9mun\u00e9ration du courant inject\u00e9e fait donc objet d&rsquo;une n\u00e9gociation lors de l&rsquo;appel d&rsquo;offre.<\/p>\n<p>En-dessous 100 kWc la r\u00e9mun\u00e9ration du courant est fix\u00e9 par la CRE (Commission de la R\u00e9gulation d&rsquo;\u00c9nergie), selon un tableau de puissance, voir en-dessous<\/p>\n<table style=\"width: 77.102%;\">\n<tbody>\n<tr>\n<th style=\"width: 9.30233%;\" scope=\"col\">Type de tarif<\/th>\n<th style=\"width: 27.3703%;\" scope=\"col\">Type de l&rsquo;installation<\/th>\n<th style=\"width: 14.8479%;\" scope=\"col\">Puissance totale (P+Q)<\/th>\n<th style=\"width: 12.1646%;\" scope=\"col\"><em>du 01\/01\/20 au 30\/06\/20<\/em><\/th>\n<th style=\"width: 10.9124%;\" scope=\"col\">du 01\/07\/20 au 30\/09\/20*<\/th>\n<\/tr>\n<tr>\n<td style=\"width: 9.30233%;\" rowspan=\"2\">Tarif dit Ta<\/td>\n<td style=\"width: 27.3703%;\" rowspan=\"2\">Sur b\u00e2timent et respectant les crit\u00e8res g\u00e9n\u00e9raux d&rsquo;implantation (int\u00e9gration toiture)<\/td>\n<td style=\"width: 14.8479%;\">\u2264 3 kWc<\/td>\n<td style=\"width: 12.1646%;\"><em>18,53<\/em><\/td>\n<td style=\"width: 10.9124%;\"><strong>18,49<\/strong><\/td>\n<\/tr>\n<tr>\n<td style=\"width: 14.8479%;\">\u2264 9 kWc<\/td>\n<td style=\"width: 12.1646%;\"><em>15,75<\/em><\/td>\n<td style=\"width: 10.9124%;\"><strong>15,72<\/strong><\/td>\n<\/tr>\n<tr>\n<td style=\"width: 9.30233%;\" rowspan=\"3\">Tarif dit Tb<\/td>\n<td style=\"width: 27.3703%;\" rowspan=\"3\">Installation au sol, carport, hangar, maison, etc.<\/td>\n<td style=\"width: 14.8479%;\">\u2264 36 kWc<\/td>\n<td style=\"width: 12.1646%;\"><em>12,07<\/em><\/td>\n<td style=\"width: 10.9124%;\"><strong>11,79<\/strong><\/td>\n<\/tr>\n<tr>\n<td style=\"width: 14.8479%;\">\u2264 100 kWc<\/td>\n<td style=\"width: 12.1646%;\"><em>10,51<\/em><\/td>\n<td style=\"width: 10.9124%;\"><strong>10,25<\/strong><\/td>\n<\/tr>\n<tr>\n<td style=\"width: 14.8479%;\">&gt; 100 kWc<\/td>\n<td style=\"width: 23.077%;\" colspan=\"2\">\n<p><em>appel d&rsquo;offre<\/em><\/p>\n<\/td>\n<\/tr>\n<\/tbody>\n<\/table>\n<p>(date d&rsquo;actualisation : 25.8.2020)<\/p>\n<p><img fetchpriority=\"high\" decoding=\"async\" src=\"http:\/\/www.heliovolt.de\/wordpress\/fr\/wp-content\/uploads\/sites\/2\/2020\/08\/sunflowr.jpg\" alt=\"\u00e9nergie renouvelable\" width=\"800\" height=\"600\" \/><\/p>\n<p><strong>Installations pour autoconsommation avec ou sans injection :<\/strong><\/p>\n<p>Ces installations sont \u00e0 dimensionner concernant le besoin \u00e9lectrique d&rsquo;une maison ou d&rsquo;une entreprise industrielle, l&rsquo;optimisation sera de trouver le maximum de performance avec le moindre co\u00fbt pour le client. Selon votre besoin nous calculons les panneaux, les batteries, onduleurs et sous-structure pour un maximum d&rsquo;autoconsommation, et un minimum d&rsquo;injection au r\u00e9seau (r\u00e9mun\u00e9ration et vente de 10\u00a2\u20ac\/kWh seulement).<\/p>\n<p>M\u00eame en France avec un parc nucl\u00e9aire incomparable le courant solaire commence \u00e0 devenir moins ch\u00e8re que celui des centrales nucl\u00e9aires. La plupart des centrales va arriver \u00e0 la fin de l&rsquo;exploitation pr\u00e9vue dans les 20 ans \u00e0 venir, sauf si on prends le grand risque de prolonger la dur\u00e9e d&rsquo;exploitation.<\/p>\n<p><em>Attention: en cas de panne nucl\u00e9aire votre assurance maladie ou de votre maison ne payera pas, regardez dans votre contrat d&rsquo;assurance sous \u00ab\u00a0Risques nucl\u00e9aires\u00a0\u00bb&#8230;&#8230;&#8230;&#8230;<\/em><\/p>\n<p>Ces co\u00fbts pour la maintenance et pour le d\u00e9mant\u00e8lement des centrales va pousser encore le prix du courant, la CRE estime de 6 % par an. Plus d&rsquo;information sur le prix d&rsquo;\u00e9lectricit\u00e9 : <a href=\"https:\/\/www.cre.fr\/Pages-annexes\/Open-Data\" target=\"_blank\" rel=\"noopener\">https:\/\/www.cre.fr\/Pages-annexes\/Open-Data<\/a><\/p>\n<p>A cause de ces argumentations du prix d&rsquo;\u00e9lectricit\u00e9 l&rsquo;energie solaire sera de plus en plus concurrentielle, en outre le d\u00e9velloppement des batteries de stockage est tellement rapide, que l\u00e0 aussi des fortes baisses de prix et d&rsquo;am\u00e9liorations de la technologie sont \u00e0 attendre. Donc un fort potentiel pour une vrai \u00ab\u00a0Transition au Solaire\u00a0\u00bb, avec stockage de l&rsquo;\u00e9nergie solaire pour des p\u00e9riodes sans soleil ou pour la nuit<\/p>\n<p><strong>Mobilit\u00e9 \u00e9lectrique<\/strong><\/p>\n<p>Nous concevons votre g\u00e9n\u00e9rateur photovolta\u00efque pour votre v\u00e9hicule \u00e9lectrique, en intersaison &#8211; \u00e9t\u00e9 il est possible de charger gr\u00e2ce \u00e0 une source d&rsquo;\u00e9nergie renouvelable : pratiquement 100 % en \u00e9lectricit\u00e9 solaire.<\/p>\n<p>Avec un bon syst\u00e8me de gestion (EnergyManagementSystem) et par les applications sur smartphone beaucoup de configurations et de surveillances sont possibles. <a href=\"http:\/\/www.heliovolt.de\/wordpress\/fr\/contact\/\" target=\"_blank\" rel=\"noopener\">Demandez-nous pour un conseil.<\/a><\/p>\n","protected":false},"excerpt":{"rendered":"<p>Solutions en \u00c9nergie Propre &amp; \u00c9nergie Renouvelable &#8230;..c&rsquo;est des solutions solaires Convaincu par la puissance et durabilit\u00e9 de notre soleil HELIOVOLT travaille [&hellip;]<\/p>\n","protected":false},"author":1,"featured_media":0,"parent":0,"menu_order":0,"comment_status":"closed","ping_status":"closed","template":"elementor_header_footer","meta":{"footnotes":""},"class_list":["post-916","page","type-page","status-publish","hentry"],"yoast_head":"<!-- This site is optimized with the Yoast SEO plugin v27.4 - https:\/\/yoast.com\/product\/yoast-seo-wordpress\/ -->\n<title>Solutions en \u00c9nergie Propre = \u00c9nergie solaire - HELIOVOLT S\u00e0rl<\/title>\n<meta name=\"description\" content=\"Cliquez ici pour d\u00e9couvrir les solutions en \u00e9nergie renouvelable &amp; \u00e9nergie propre propos\u00e9es par Heliovolt \u00e0 Schirrhoffen en Alsace !\" \/>\n<meta name=\"robots\" content=\"index, follow, max-snippet:-1, max-image-preview:large, max-video-preview:-1\" \/>\n<link rel=\"canonical\" href=\"http:\/\/www.heliovolt.de\/wordpress\/fr\/solutions-en-energie-propre-energie-renouvelable\/\" \/>\n<meta name=\"twitter:label1\" content=\"Dur\u00e9e de lecture estim\u00e9e\" \/>\n\t<meta name=\"twitter:data1\" content=\"4 minutes\" \/>\n<script type=\"application\/ld+json\" class=\"yoast-schema-graph\">{\"@context\":\"https:\\\/\\\/schema.org\",\"@graph\":[{\"@type\":\"WebPage\",\"@id\":\"http:\\\/\\\/www.heliovolt.de\\\/wordpress\\\/fr\\\/solutions-en-energie-propre-energie-renouvelable\\\/\",\"url\":\"http:\\\/\\\/www.heliovolt.de\\\/wordpress\\\/fr\\\/solutions-en-energie-propre-energie-renouvelable\\\/\",\"name\":\"Solutions en \u00c9nergie Propre = \u00c9nergie solaire - HELIOVOLT S\u00e0rl\",\"isPartOf\":{\"@id\":\"https:\\\/\\\/www.heliovolt.de\\\/wordpress\\\/fr\\\/#website\"},\"primaryImageOfPage\":{\"@id\":\"http:\\\/\\\/www.heliovolt.de\\\/wordpress\\\/fr\\\/solutions-en-energie-propre-energie-renouvelable\\\/#primaryimage\"},\"image\":{\"@id\":\"http:\\\/\\\/www.heliovolt.de\\\/wordpress\\\/fr\\\/solutions-en-energie-propre-energie-renouvelable\\\/#primaryimage\"},\"thumbnailUrl\":\"http:\\\/\\\/www.heliovolt.de\\\/wordpress\\\/fr\\\/wp-content\\\/uploads\\\/sites\\\/2\\\/2020\\\/08\\\/sunflowr.jpg\",\"datePublished\":\"2020-08-24T13:10:23+00:00\",\"dateModified\":\"2021-05-15T17:46:05+00:00\",\"description\":\"Cliquez ici pour d\u00e9couvrir les solutions en \u00e9nergie renouvelable & \u00e9nergie propre propos\u00e9es par Heliovolt \u00e0 Schirrhoffen en Alsace !\",\"breadcrumb\":{\"@id\":\"http:\\\/\\\/www.heliovolt.de\\\/wordpress\\\/fr\\\/solutions-en-energie-propre-energie-renouvelable\\\/#breadcrumb\"},\"inLanguage\":\"fr-FR\",\"potentialAction\":[{\"@type\":\"ReadAction\",\"target\":[\"http:\\\/\\\/www.heliovolt.de\\\/wordpress\\\/fr\\\/solutions-en-energie-propre-energie-renouvelable\\\/\"]}]},{\"@type\":\"ImageObject\",\"inLanguage\":\"fr-FR\",\"@id\":\"http:\\\/\\\/www.heliovolt.de\\\/wordpress\\\/fr\\\/solutions-en-energie-propre-energie-renouvelable\\\/#primaryimage\",\"url\":\"http:\\\/\\\/www.heliovolt.de\\\/wordpress\\\/fr\\\/wp-content\\\/uploads\\\/sites\\\/2\\\/2020\\\/08\\\/sunflowr.jpg\",\"contentUrl\":\"http:\\\/\\\/www.heliovolt.de\\\/wordpress\\\/fr\\\/wp-content\\\/uploads\\\/sites\\\/2\\\/2020\\\/08\\\/sunflowr.jpg\",\"width\":800,\"height\":600,\"caption\":\"\u00e9nergie renouvelable\"},{\"@type\":\"BreadcrumbList\",\"@id\":\"http:\\\/\\\/www.heliovolt.de\\\/wordpress\\\/fr\\\/solutions-en-energie-propre-energie-renouvelable\\\/#breadcrumb\",\"itemListElement\":[{\"@type\":\"ListItem\",\"position\":1,\"name\":\"Accueil\",\"item\":\"https:\\\/\\\/www.heliovolt.de\\\/wordpress\\\/fr\\\/\"},{\"@type\":\"ListItem\",\"position\":2,\"name\":\"Solutions en \u00c9nergie Propre = \u00c9nergie solaire\"}]},{\"@type\":\"WebSite\",\"@id\":\"https:\\\/\\\/www.heliovolt.de\\\/wordpress\\\/fr\\\/#website\",\"url\":\"https:\\\/\\\/www.heliovolt.de\\\/wordpress\\\/fr\\\/\",\"name\":\"HELIOVOLT S\u00e0rl\",\"description\":\"Concepteur \u00e9nergies propres - Innovations\",\"publisher\":{\"@id\":\"https:\\\/\\\/www.heliovolt.de\\\/wordpress\\\/fr\\\/#organization\"},\"potentialAction\":[{\"@type\":\"SearchAction\",\"target\":{\"@type\":\"EntryPoint\",\"urlTemplate\":\"https:\\\/\\\/www.heliovolt.de\\\/wordpress\\\/fr\\\/?s={search_term_string}\"},\"query-input\":{\"@type\":\"PropertyValueSpecification\",\"valueRequired\":true,\"valueName\":\"search_term_string\"}}],\"inLanguage\":\"fr-FR\"},{\"@type\":\"Organization\",\"@id\":\"https:\\\/\\\/www.heliovolt.de\\\/wordpress\\\/fr\\\/#organization\",\"name\":\"HELIOVOLT S\u00e0rl\",\"url\":\"https:\\\/\\\/www.heliovolt.de\\\/wordpress\\\/fr\\\/\",\"logo\":{\"@type\":\"ImageObject\",\"inLanguage\":\"fr-FR\",\"@id\":\"https:\\\/\\\/www.heliovolt.de\\\/wordpress\\\/fr\\\/#\\\/schema\\\/logo\\\/image\\\/\",\"url\":\"http:\\\/\\\/www.heliovolt.de\\\/wordpress\\\/fr\\\/wp-content\\\/uploads\\\/sites\\\/2\\\/2021\\\/05\\\/Heliovolt_logo_2.png\",\"contentUrl\":\"http:\\\/\\\/www.heliovolt.de\\\/wordpress\\\/fr\\\/wp-content\\\/uploads\\\/sites\\\/2\\\/2021\\\/05\\\/Heliovolt_logo_2.png\",\"width\":1103,\"height\":396,\"caption\":\"HELIOVOLT S\u00e0rl\"},\"image\":{\"@id\":\"https:\\\/\\\/www.heliovolt.de\\\/wordpress\\\/fr\\\/#\\\/schema\\\/logo\\\/image\\\/\"},\"sameAs\":[\"https:\\\/\\\/facebook.com\\\/eberhard.rudertpro.3\",\"https:\\\/\\\/www.linkedin.com\\\/in\\\/eberhard-rudert-75270224\\\/\"]}]}<\/script>\n<!-- \/ Yoast SEO plugin. -->","yoast_head_json":{"title":"Solutions en \u00c9nergie Propre = \u00c9nergie solaire - HELIOVOLT S\u00e0rl","description":"Cliquez ici pour d\u00e9couvrir les solutions en \u00e9nergie renouvelable & \u00e9nergie propre propos\u00e9es par Heliovolt \u00e0 Schirrhoffen en Alsace !","robots":{"index":"index","follow":"follow","max-snippet":"max-snippet:-1","max-image-preview":"max-image-preview:large","max-video-preview":"max-video-preview:-1"},"canonical":"http:\/\/www.heliovolt.de\/wordpress\/fr\/solutions-en-energie-propre-energie-renouvelable\/","twitter_misc":{"Dur\u00e9e de lecture estim\u00e9e":"4 minutes"},"schema":{"@context":"https:\/\/schema.org","@graph":[{"@type":"WebPage","@id":"http:\/\/www.heliovolt.de\/wordpress\/fr\/solutions-en-energie-propre-energie-renouvelable\/","url":"http:\/\/www.heliovolt.de\/wordpress\/fr\/solutions-en-energie-propre-energie-renouvelable\/","name":"Solutions en \u00c9nergie Propre = \u00c9nergie solaire - HELIOVOLT S\u00e0rl","isPartOf":{"@id":"https:\/\/www.heliovolt.de\/wordpress\/fr\/#website"},"primaryImageOfPage":{"@id":"http:\/\/www.heliovolt.de\/wordpress\/fr\/solutions-en-energie-propre-energie-renouvelable\/#primaryimage"},"image":{"@id":"http:\/\/www.heliovolt.de\/wordpress\/fr\/solutions-en-energie-propre-energie-renouvelable\/#primaryimage"},"thumbnailUrl":"http:\/\/www.heliovolt.de\/wordpress\/fr\/wp-content\/uploads\/sites\/2\/2020\/08\/sunflowr.jpg","datePublished":"2020-08-24T13:10:23+00:00","dateModified":"2021-05-15T17:46:05+00:00","description":"Cliquez ici pour d\u00e9couvrir les solutions en \u00e9nergie renouvelable & \u00e9nergie propre propos\u00e9es par Heliovolt \u00e0 Schirrhoffen en Alsace !","breadcrumb":{"@id":"http:\/\/www.heliovolt.de\/wordpress\/fr\/solutions-en-energie-propre-energie-renouvelable\/#breadcrumb"},"inLanguage":"fr-FR","potentialAction":[{"@type":"ReadAction","target":["http:\/\/www.heliovolt.de\/wordpress\/fr\/solutions-en-energie-propre-energie-renouvelable\/"]}]},{"@type":"ImageObject","inLanguage":"fr-FR","@id":"http:\/\/www.heliovolt.de\/wordpress\/fr\/solutions-en-energie-propre-energie-renouvelable\/#primaryimage","url":"http:\/\/www.heliovolt.de\/wordpress\/fr\/wp-content\/uploads\/sites\/2\/2020\/08\/sunflowr.jpg","contentUrl":"http:\/\/www.heliovolt.de\/wordpress\/fr\/wp-content\/uploads\/sites\/2\/2020\/08\/sunflowr.jpg","width":800,"height":600,"caption":"\u00e9nergie renouvelable"},{"@type":"BreadcrumbList","@id":"http:\/\/www.heliovolt.de\/wordpress\/fr\/solutions-en-energie-propre-energie-renouvelable\/#breadcrumb","itemListElement":[{"@type":"ListItem","position":1,"name":"Accueil","item":"https:\/\/www.heliovolt.de\/wordpress\/fr\/"},{"@type":"ListItem","position":2,"name":"Solutions en \u00c9nergie Propre = \u00c9nergie solaire"}]},{"@type":"WebSite","@id":"https:\/\/www.heliovolt.de\/wordpress\/fr\/#website","url":"https:\/\/www.heliovolt.de\/wordpress\/fr\/","name":"HELIOVOLT S\u00e0rl","description":"Concepteur \u00e9nergies propres - Innovations","publisher":{"@id":"https:\/\/www.heliovolt.de\/wordpress\/fr\/#organization"},"potentialAction":[{"@type":"SearchAction","target":{"@type":"EntryPoint","urlTemplate":"https:\/\/www.heliovolt.de\/wordpress\/fr\/?s={search_term_string}"},"query-input":{"@type":"PropertyValueSpecification","valueRequired":true,"valueName":"search_term_string"}}],"inLanguage":"fr-FR"},{"@type":"Organization","@id":"https:\/\/www.heliovolt.de\/wordpress\/fr\/#organization","name":"HELIOVOLT S\u00e0rl","url":"https:\/\/www.heliovolt.de\/wordpress\/fr\/","logo":{"@type":"ImageObject","inLanguage":"fr-FR","@id":"https:\/\/www.heliovolt.de\/wordpress\/fr\/#\/schema\/logo\/image\/","url":"http:\/\/www.heliovolt.de\/wordpress\/fr\/wp-content\/uploads\/sites\/2\/2021\/05\/Heliovolt_logo_2.png","contentUrl":"http:\/\/www.heliovolt.de\/wordpress\/fr\/wp-content\/uploads\/sites\/2\/2021\/05\/Heliovolt_logo_2.png","width":1103,"height":396,"caption":"HELIOVOLT S\u00e0rl"},"image":{"@id":"https:\/\/www.heliovolt.de\/wordpress\/fr\/#\/schema\/logo\/image\/"},"sameAs":["https:\/\/facebook.com\/eberhard.rudertpro.3","https:\/\/www.linkedin.com\/in\/eberhard-rudert-75270224\/"]}]}},"_links":{"self":[{"href":"http:\/\/www.heliovolt.de\/wordpress\/fr\/wp-json\/wp\/v2\/pages\/916","targetHints":{"allow":["GET"]}}],"collection":[{"href":"http:\/\/www.heliovolt.de\/wordpress\/fr\/wp-json\/wp\/v2\/pages"}],"about":[{"href":"http:\/\/www.heliovolt.de\/wordpress\/fr\/wp-json\/wp\/v2\/types\/page"}],"author":[{"embeddable":true,"href":"http:\/\/www.heliovolt.de\/wordpress\/fr\/wp-json\/wp\/v2\/users\/1"}],"replies":[{"embeddable":true,"href":"http:\/\/www.heliovolt.de\/wordpress\/fr\/wp-json\/wp\/v2\/comments?post=916"}],"version-history":[{"count":86,"href":"http:\/\/www.heliovolt.de\/wordpress\/fr\/wp-json\/wp\/v2\/pages\/916\/revisions"}],"predecessor-version":[{"id":1677,"href":"http:\/\/www.heliovolt.de\/wordpress\/fr\/wp-json\/wp\/v2\/pages\/916\/revisions\/1677"}],"wp:attachment":[{"href":"http:\/\/www.heliovolt.de\/wordpress\/fr\/wp-json\/wp\/v2\/media?parent=916"}],"curies":[{"name":"wp","href":"https:\/\/api.w.org\/{rel}","templated":true}]}}