{"id":920,"date":"2020-08-24T15:14:01","date_gmt":"2020-08-24T13:14:01","guid":{"rendered":"http:\/\/www.heliovolt.de\/wordpress\/fr\/?page_id=920"},"modified":"2021-05-15T19:24:07","modified_gmt":"2021-05-15T17:24:07","slug":"panneaux-hybrides-par-heliovolt","status":"publish","type":"page","link":"http:\/\/www.heliovolt.de\/wordpress\/fr\/panneaux-hybrides-par-heliovolt\/","title":{"rendered":"Panneaux Hybrides par HELIOVOLT"},"content":{"rendered":"\t\t<div data-elementor-type=\"wp-page\" data-elementor-id=\"920\" class=\"elementor elementor-920\">\n\t\t\t\t\t\t<section class=\"elementor-section elementor-top-section elementor-element elementor-element-f7929c6 elementor-section-boxed elementor-section-height-default elementor-section-height-default\" data-id=\"f7929c6\" data-element_type=\"section\">\n\t\t\t\t\t\t<div class=\"elementor-container elementor-column-gap-default\">\n\t\t\t\t\t<div class=\"elementor-column elementor-col-100 elementor-top-column elementor-element elementor-element-cb13779\" data-id=\"cb13779\" data-element_type=\"column\">\n\t\t\t<div class=\"elementor-widget-wrap elementor-element-populated\">\n\t\t\t\t\t\t<div class=\"elementor-element elementor-element-2bee8b9 elementor-widget elementor-widget-heading\" data-id=\"2bee8b9\" data-element_type=\"widget\" data-widget_type=\"heading.default\">\n\t\t\t\t<div class=\"elementor-widget-container\">\n\t\t\t<h2 class=\"elementor-heading-title elementor-size-default\">Panneaux hybrides<\/h2>\t\t<\/div>\n\t\t\t\t<\/div>\n\t\t\t\t\t<\/div>\n\t\t<\/div>\n\t\t\t\t\t<\/div>\n\t\t<\/section>\n\t\t\t\t<section class=\"elementor-section elementor-top-section elementor-element elementor-element-ee91f6f elementor-section-boxed elementor-section-height-default elementor-section-height-default\" data-id=\"ee91f6f\" data-element_type=\"section\">\n\t\t\t\t\t\t<div class=\"elementor-container elementor-column-gap-default\">\n\t\t\t\t\t<div class=\"elementor-column elementor-col-50 elementor-top-column elementor-element elementor-element-b533a2e\" data-id=\"b533a2e\" data-element_type=\"column\">\n\t\t\t<div class=\"elementor-widget-wrap elementor-element-populated\">\n\t\t\t\t\t\t<div class=\"elementor-element elementor-element-0e684eb elementor-widget elementor-widget-text-editor\" data-id=\"0e684eb\" data-element_type=\"widget\" data-widget_type=\"text-editor.default\">\n\t\t\t\t<div class=\"elementor-widget-container\">\n\t\t\t\t\t\t\t<p>Les panneaux hybrides sont des panneaux solaires, qui sont capables de produire en m\u00eame temps \u00e9lectricit\u00e9 et chaleur solaire.<\/p>\t\t\t\t\t\t<\/div>\n\t\t\t\t<\/div>\n\t\t\t\t<div class=\"elementor-element elementor-element-ac9aa98 elementor-widget elementor-widget-image\" data-id=\"ac9aa98\" data-element_type=\"widget\" data-widget_type=\"image.default\">\n\t\t\t\t<div class=\"elementor-widget-container\">\n\t\t\t\t\t\t\t\t\t\t\t\t\t<img fetchpriority=\"high\" decoding=\"async\" width=\"1024\" height=\"410\" src=\"http:\/\/www.heliovolt.de\/wordpress\/fr\/wp-content\/uploads\/sites\/2\/2020\/09\/2Power_Querschnitt-1024x410.jpg\" class=\"attachment-large size-large wp-image-1040\" alt=\"panneaux hybrides\" srcset=\"http:\/\/www.heliovolt.de\/wordpress\/fr\/wp-content\/uploads\/sites\/2\/2020\/09\/2Power_Querschnitt-1024x410.jpg 1024w, http:\/\/www.heliovolt.de\/wordpress\/fr\/wp-content\/uploads\/sites\/2\/2020\/09\/2Power_Querschnitt-300x120.jpg 300w, http:\/\/www.heliovolt.de\/wordpress\/fr\/wp-content\/uploads\/sites\/2\/2020\/09\/2Power_Querschnitt-768x307.jpg 768w, http:\/\/www.heliovolt.de\/wordpress\/fr\/wp-content\/uploads\/sites\/2\/2020\/09\/2Power_Querschnitt-1536x614.jpg 1536w, http:\/\/www.heliovolt.de\/wordpress\/fr\/wp-content\/uploads\/sites\/2\/2020\/09\/2Power_Querschnitt-830x332.jpg 830w, http:\/\/www.heliovolt.de\/wordpress\/fr\/wp-content\/uploads\/sites\/2\/2020\/09\/2Power_Querschnitt-230x92.jpg 230w, http:\/\/www.heliovolt.de\/wordpress\/fr\/wp-content\/uploads\/sites\/2\/2020\/09\/2Power_Querschnitt-350x140.jpg 350w, http:\/\/www.heliovolt.de\/wordpress\/fr\/wp-content\/uploads\/sites\/2\/2020\/09\/2Power_Querschnitt-480x192.jpg 480w, http:\/\/www.heliovolt.de\/wordpress\/fr\/wp-content\/uploads\/sites\/2\/2020\/09\/2Power_Querschnitt.jpg 1890w\" sizes=\"(max-width: 1024px) 100vw, 1024px\" \/>\t\t\t\t\t\t\t\t\t\t\t\t\t<\/div>\n\t\t\t\t<\/div>\n\t\t\t\t<div class=\"elementor-element elementor-element-29d2168 elementor-widget elementor-widget-image\" data-id=\"29d2168\" data-element_type=\"widget\" data-widget_type=\"image.default\">\n\t\t\t\t<div class=\"elementor-widget-container\">\n\t\t\t\t\t\t\t\t\t\t\t\t\t<img decoding=\"async\" width=\"687\" height=\"662\" src=\"http:\/\/www.heliovolt.de\/wordpress\/fr\/wp-content\/uploads\/sites\/2\/2020\/09\/R-VOLT_PrinZip.png\" class=\"attachment-large size-large wp-image-1038\" alt=\"Panneaux hybrides\" srcset=\"http:\/\/www.heliovolt.de\/wordpress\/fr\/wp-content\/uploads\/sites\/2\/2020\/09\/R-VOLT_PrinZip.png 687w, http:\/\/www.heliovolt.de\/wordpress\/fr\/wp-content\/uploads\/sites\/2\/2020\/09\/R-VOLT_PrinZip-300x289.png 300w, http:\/\/www.heliovolt.de\/wordpress\/fr\/wp-content\/uploads\/sites\/2\/2020\/09\/R-VOLT_PrinZip-230x222.png 230w, http:\/\/www.heliovolt.de\/wordpress\/fr\/wp-content\/uploads\/sites\/2\/2020\/09\/R-VOLT_PrinZip-350x337.png 350w, http:\/\/www.heliovolt.de\/wordpress\/fr\/wp-content\/uploads\/sites\/2\/2020\/09\/R-VOLT_PrinZip-480x463.png 480w\" sizes=\"(max-width: 687px) 100vw, 687px\" \/>\t\t\t\t\t\t\t\t\t\t\t\t\t<\/div>\n\t\t\t\t<\/div>\n\t\t\t\t\t<\/div>\n\t\t<\/div>\n\t\t\t\t<div class=\"elementor-column elementor-col-50 elementor-top-column elementor-element elementor-element-47f6c2b\" data-id=\"47f6c2b\" data-element_type=\"column\">\n\t\t\t<div class=\"elementor-widget-wrap elementor-element-populated\">\n\t\t\t\t\t\t<div class=\"elementor-element elementor-element-25e5f2c elementor-widget elementor-widget-text-editor\" data-id=\"25e5f2c\" data-element_type=\"widget\" data-widget_type=\"text-editor.default\">\n\t\t\t\t<div class=\"elementor-widget-container\">\n\t\t\t\t\t\t\t<h5>Il y a les possibilit\u00e9s suivantes :<\/h5>\n<p>il existe une couche caloporteur derri\u00e8re le verre du module, qui permet de transporter la chaleur et de l&rsquo;utiliser par exemple dans une pompe \u00e0 chaleur, pour le chauffage et l&rsquo;eau chaude sanitaire. Pour \u00e9viter le gel en hiver, il faut utiliser du glycol comme caloporteur. Donc pour l&rsquo;installation il faut un sp\u00e9cialiste qui est habitu\u00e9 \u00e0 travailler avec de l&rsquo;hydraulique.<\/p>\n<p>Syst\u00e8me:\u00a0 Fabricant NELSKAMP, Produit 2-POWER<\/p>\n<p><strong>2. l&rsquo;air chauff\u00e9e derri\u00e8re le verre du panneau<br \/><\/strong><\/p>\n<p>sera inject\u00e9e directement dans le b\u00e2timent pour le chauffage par un syst\u00e8me de ventilation \u00e9tanche. Par m\u00e9lange avec de l&rsquo;air froide de l&rsquo;ext\u00e9rieur la temp\u00e9rature souhait\u00e9e pour le chauffage peut \u00eatre r\u00e9gl\u00e9 jusqu&rsquo;\u00e0 environ 50 \u00b0C. Par l&rsquo;utilisation de l&rsquo;air comme caloporteur il n&rsquo;y a pas de danger de gel , le surchauffe en \u00e9t\u00e9 d&rsquo;un capteur solaire thermque sera \u00e9vit\u00e9 \u00e9galement, donc pas besoin de glyco. Cela rends le syst\u00e8me plus fiable et \u00e9cologique.<\/p>\n<p>Syst\u00e8me : Fabricant SYSTOVI , Produit\u00a0 R-VOLT<\/p>\n<p>\u00a0<\/p>\n<p>\u00a0<\/p>\t\t\t\t\t\t<\/div>\n\t\t\t\t<\/div>\n\t\t\t\t\t<\/div>\n\t\t<\/div>\n\t\t\t\t\t<\/div>\n\t\t<\/section>\n\t\t\t\t<section class=\"elementor-section elementor-top-section elementor-element elementor-element-802fa5a elementor-section-boxed elementor-section-height-default elementor-section-height-default\" data-id=\"802fa5a\" data-element_type=\"section\">\n\t\t\t\t\t\t<div class=\"elementor-container elementor-column-gap-default\">\n\t\t\t\t\t<div class=\"elementor-column elementor-col-100 elementor-top-column elementor-element elementor-element-9072706\" data-id=\"9072706\" data-element_type=\"column\">\n\t\t\t<div class=\"elementor-widget-wrap elementor-element-populated\">\n\t\t\t\t\t\t<div class=\"elementor-element elementor-element-1fd1c7c elementor-widget elementor-widget-text-editor\" data-id=\"1fd1c7c\" data-element_type=\"widget\" data-widget_type=\"text-editor.default\">\n\t\t\t\t<div class=\"elementor-widget-container\">\n\t\t\t\t\t\t\t<p>Nous sommes \u00e0 la veille d\u2019une v\u00e9ritable r\u00e9volution : une r\u00e9volution digne de la r\u00e9volution de l\u2019imprimerie ! C\u2019est la r\u00e9volution \u00e9cologique ! En effet apr\u00e8s des dizaines d\u2019ann\u00e9es \u00e0 exploiter nos ressources fossiles nous commen\u00e7ons \u00e0 payer le prix des exc\u00e8s des g\u00e9n\u00e9rations pr\u00e9c\u00e9dentes.<\/p>\n<p>L\u2019heure est venue pour faire le choix de nous r\u00e9inventer et de mettre en place des syst\u00e8mes plus respectueux de la Terre ! C\u2019est gr\u00e2ce \u00e0 elle que nous sommes en vie et que nous le voulions ou non, se sera toujours elle qui aura le dernier mot !<\/p>\n<p>Autant en faire un alli\u00e9 et revenir \u00e0 une approche plus respectueuse de notre environnement. Nombreux sont les personnes qui pensent connaitre l\u2019\u00e9nergie solaire cependant ce secteur est bien loin d\u2019\u00eatre aussi connu que nous le pensons \u2026 mais surtout le potentiel offert par l\u2019\u00e9nergie solaire est largement sous exploit\u00e9 pour le moment !<\/p>\n<p><a href=\"http:\/\/www.heliovolt.de\/wordpress\/fr\/l-energie-solaire-est-elle-lenergie-de-demain\/\">D\u00e9couvrez comment l\u2019\u00e9nergie solaire peut devenir notre meilleur partenaire dans la transition \u00e9cologique<\/a><\/p>\t\t\t\t\t\t<\/div>\n\t\t\t\t<\/div>\n\t\t\t\t\t<\/div>\n\t\t<\/div>\n\t\t\t\t\t<\/div>\n\t\t<\/section>\n\t\t\t\t<\/div>\n\t\t","protected":false},"excerpt":{"rendered":"<p>Panneaux hybrides Les panneaux hybrides sont des panneaux solaires, qui sont capables de produire en m\u00eame temps \u00e9lectricit\u00e9 et chaleur solaire. Il [&hellip;]<\/p>\n","protected":false},"author":1,"featured_media":0,"parent":0,"menu_order":0,"comment_status":"closed","ping_status":"closed","template":"elementor_header_footer","meta":{"footnotes":""},"class_list":["post-920","page","type-page","status-publish","hentry"],"yoast_head":"<!-- This site is optimized with the Yoast SEO plugin v27.4 - https:\/\/yoast.com\/product\/yoast-seo-wordpress\/ -->\n<title>Panneaux Hybrides par HELIOVOLT - HELIOVOLT S\u00e0rl<\/title>\n<meta name=\"description\" content=\"Cliquez ici pour d\u00e9couvrir les panneaux hybrides et autres solutions propos\u00e9es par Heliovolt, votre sp\u00e9cialiste en \u00e9nergies propres !\" \/>\n<meta name=\"robots\" content=\"index, follow, max-snippet:-1, max-image-preview:large, max-video-preview:-1\" \/>\n<link rel=\"canonical\" href=\"http:\/\/www.heliovolt.de\/wordpress\/fr\/panneaux-hybrides-par-heliovolt\/\" \/>\n<meta name=\"twitter:label1\" content=\"Dur\u00e9e de lecture estim\u00e9e\" \/>\n\t<meta name=\"twitter:data1\" content=\"2 minutes\" \/>\n<script type=\"application\/ld+json\" class=\"yoast-schema-graph\">{\"@context\":\"https:\\\/\\\/schema.org\",\"@graph\":[{\"@type\":\"WebPage\",\"@id\":\"http:\\\/\\\/www.heliovolt.de\\\/wordpress\\\/fr\\\/panneaux-hybrides-par-heliovolt\\\/\",\"url\":\"http:\\\/\\\/www.heliovolt.de\\\/wordpress\\\/fr\\\/panneaux-hybrides-par-heliovolt\\\/\",\"name\":\"Panneaux Hybrides par HELIOVOLT - HELIOVOLT S\u00e0rl\",\"isPartOf\":{\"@id\":\"https:\\\/\\\/www.heliovolt.de\\\/wordpress\\\/fr\\\/#website\"},\"primaryImageOfPage\":{\"@id\":\"http:\\\/\\\/www.heliovolt.de\\\/wordpress\\\/fr\\\/panneaux-hybrides-par-heliovolt\\\/#primaryimage\"},\"image\":{\"@id\":\"http:\\\/\\\/www.heliovolt.de\\\/wordpress\\\/fr\\\/panneaux-hybrides-par-heliovolt\\\/#primaryimage\"},\"thumbnailUrl\":\"http:\\\/\\\/www.heliovolt.de\\\/wordpress\\\/fr\\\/wp-content\\\/uploads\\\/sites\\\/2\\\/2020\\\/09\\\/2Power_Querschnitt-1024x410.jpg\",\"datePublished\":\"2020-08-24T13:14:01+00:00\",\"dateModified\":\"2021-05-15T17:24:07+00:00\",\"description\":\"Cliquez ici pour d\u00e9couvrir les panneaux hybrides et autres solutions propos\u00e9es par Heliovolt, votre sp\u00e9cialiste en \u00e9nergies propres !\",\"breadcrumb\":{\"@id\":\"http:\\\/\\\/www.heliovolt.de\\\/wordpress\\\/fr\\\/panneaux-hybrides-par-heliovolt\\\/#breadcrumb\"},\"inLanguage\":\"fr-FR\",\"potentialAction\":[{\"@type\":\"ReadAction\",\"target\":[\"http:\\\/\\\/www.heliovolt.de\\\/wordpress\\\/fr\\\/panneaux-hybrides-par-heliovolt\\\/\"]}]},{\"@type\":\"ImageObject\",\"inLanguage\":\"fr-FR\",\"@id\":\"http:\\\/\\\/www.heliovolt.de\\\/wordpress\\\/fr\\\/panneaux-hybrides-par-heliovolt\\\/#primaryimage\",\"url\":\"http:\\\/\\\/www.heliovolt.de\\\/wordpress\\\/fr\\\/wp-content\\\/uploads\\\/sites\\\/2\\\/2020\\\/09\\\/2Power_Querschnitt.jpg\",\"contentUrl\":\"http:\\\/\\\/www.heliovolt.de\\\/wordpress\\\/fr\\\/wp-content\\\/uploads\\\/sites\\\/2\\\/2020\\\/09\\\/2Power_Querschnitt.jpg\",\"width\":1890,\"height\":756,\"caption\":\"panneaux hybrides\"},{\"@type\":\"BreadcrumbList\",\"@id\":\"http:\\\/\\\/www.heliovolt.de\\\/wordpress\\\/fr\\\/panneaux-hybrides-par-heliovolt\\\/#breadcrumb\",\"itemListElement\":[{\"@type\":\"ListItem\",\"position\":1,\"name\":\"Accueil\",\"item\":\"https:\\\/\\\/www.heliovolt.de\\\/wordpress\\\/fr\\\/\"},{\"@type\":\"ListItem\",\"position\":2,\"name\":\"Panneaux Hybrides par HELIOVOLT\"}]},{\"@type\":\"WebSite\",\"@id\":\"https:\\\/\\\/www.heliovolt.de\\\/wordpress\\\/fr\\\/#website\",\"url\":\"https:\\\/\\\/www.heliovolt.de\\\/wordpress\\\/fr\\\/\",\"name\":\"HELIOVOLT S\u00e0rl\",\"description\":\"Concepteur \u00e9nergies propres - Innovations\",\"publisher\":{\"@id\":\"https:\\\/\\\/www.heliovolt.de\\\/wordpress\\\/fr\\\/#organization\"},\"potentialAction\":[{\"@type\":\"SearchAction\",\"target\":{\"@type\":\"EntryPoint\",\"urlTemplate\":\"https:\\\/\\\/www.heliovolt.de\\\/wordpress\\\/fr\\\/?s={search_term_string}\"},\"query-input\":{\"@type\":\"PropertyValueSpecification\",\"valueRequired\":true,\"valueName\":\"search_term_string\"}}],\"inLanguage\":\"fr-FR\"},{\"@type\":\"Organization\",\"@id\":\"https:\\\/\\\/www.heliovolt.de\\\/wordpress\\\/fr\\\/#organization\",\"name\":\"HELIOVOLT S\u00e0rl\",\"url\":\"https:\\\/\\\/www.heliovolt.de\\\/wordpress\\\/fr\\\/\",\"logo\":{\"@type\":\"ImageObject\",\"inLanguage\":\"fr-FR\",\"@id\":\"https:\\\/\\\/www.heliovolt.de\\\/wordpress\\\/fr\\\/#\\\/schema\\\/logo\\\/image\\\/\",\"url\":\"http:\\\/\\\/www.heliovolt.de\\\/wordpress\\\/fr\\\/wp-content\\\/uploads\\\/sites\\\/2\\\/2021\\\/05\\\/Heliovolt_logo_2.png\",\"contentUrl\":\"http:\\\/\\\/www.heliovolt.de\\\/wordpress\\\/fr\\\/wp-content\\\/uploads\\\/sites\\\/2\\\/2021\\\/05\\\/Heliovolt_logo_2.png\",\"width\":1103,\"height\":396,\"caption\":\"HELIOVOLT S\u00e0rl\"},\"image\":{\"@id\":\"https:\\\/\\\/www.heliovolt.de\\\/wordpress\\\/fr\\\/#\\\/schema\\\/logo\\\/image\\\/\"},\"sameAs\":[\"https:\\\/\\\/facebook.com\\\/eberhard.rudertpro.3\",\"https:\\\/\\\/www.linkedin.com\\\/in\\\/eberhard-rudert-75270224\\\/\"]}]}<\/script>\n<!-- \/ Yoast SEO plugin. -->","yoast_head_json":{"title":"Panneaux Hybrides par HELIOVOLT - HELIOVOLT S\u00e0rl","description":"Cliquez ici pour d\u00e9couvrir les panneaux hybrides et autres solutions propos\u00e9es par Heliovolt, votre sp\u00e9cialiste en \u00e9nergies propres !","robots":{"index":"index","follow":"follow","max-snippet":"max-snippet:-1","max-image-preview":"max-image-preview:large","max-video-preview":"max-video-preview:-1"},"canonical":"http:\/\/www.heliovolt.de\/wordpress\/fr\/panneaux-hybrides-par-heliovolt\/","twitter_misc":{"Dur\u00e9e de lecture estim\u00e9e":"2 minutes"},"schema":{"@context":"https:\/\/schema.org","@graph":[{"@type":"WebPage","@id":"http:\/\/www.heliovolt.de\/wordpress\/fr\/panneaux-hybrides-par-heliovolt\/","url":"http:\/\/www.heliovolt.de\/wordpress\/fr\/panneaux-hybrides-par-heliovolt\/","name":"Panneaux Hybrides par HELIOVOLT - HELIOVOLT S\u00e0rl","isPartOf":{"@id":"https:\/\/www.heliovolt.de\/wordpress\/fr\/#website"},"primaryImageOfPage":{"@id":"http:\/\/www.heliovolt.de\/wordpress\/fr\/panneaux-hybrides-par-heliovolt\/#primaryimage"},"image":{"@id":"http:\/\/www.heliovolt.de\/wordpress\/fr\/panneaux-hybrides-par-heliovolt\/#primaryimage"},"thumbnailUrl":"http:\/\/www.heliovolt.de\/wordpress\/fr\/wp-content\/uploads\/sites\/2\/2020\/09\/2Power_Querschnitt-1024x410.jpg","datePublished":"2020-08-24T13:14:01+00:00","dateModified":"2021-05-15T17:24:07+00:00","description":"Cliquez ici pour d\u00e9couvrir les panneaux hybrides et autres solutions propos\u00e9es par Heliovolt, votre sp\u00e9cialiste en \u00e9nergies propres !","breadcrumb":{"@id":"http:\/\/www.heliovolt.de\/wordpress\/fr\/panneaux-hybrides-par-heliovolt\/#breadcrumb"},"inLanguage":"fr-FR","potentialAction":[{"@type":"ReadAction","target":["http:\/\/www.heliovolt.de\/wordpress\/fr\/panneaux-hybrides-par-heliovolt\/"]}]},{"@type":"ImageObject","inLanguage":"fr-FR","@id":"http:\/\/www.heliovolt.de\/wordpress\/fr\/panneaux-hybrides-par-heliovolt\/#primaryimage","url":"http:\/\/www.heliovolt.de\/wordpress\/fr\/wp-content\/uploads\/sites\/2\/2020\/09\/2Power_Querschnitt.jpg","contentUrl":"http:\/\/www.heliovolt.de\/wordpress\/fr\/wp-content\/uploads\/sites\/2\/2020\/09\/2Power_Querschnitt.jpg","width":1890,"height":756,"caption":"panneaux hybrides"},{"@type":"BreadcrumbList","@id":"http:\/\/www.heliovolt.de\/wordpress\/fr\/panneaux-hybrides-par-heliovolt\/#breadcrumb","itemListElement":[{"@type":"ListItem","position":1,"name":"Accueil","item":"https:\/\/www.heliovolt.de\/wordpress\/fr\/"},{"@type":"ListItem","position":2,"name":"Panneaux Hybrides par HELIOVOLT"}]},{"@type":"WebSite","@id":"https:\/\/www.heliovolt.de\/wordpress\/fr\/#website","url":"https:\/\/www.heliovolt.de\/wordpress\/fr\/","name":"HELIOVOLT S\u00e0rl","description":"Concepteur \u00e9nergies propres - Innovations","publisher":{"@id":"https:\/\/www.heliovolt.de\/wordpress\/fr\/#organization"},"potentialAction":[{"@type":"SearchAction","target":{"@type":"EntryPoint","urlTemplate":"https:\/\/www.heliovolt.de\/wordpress\/fr\/?s={search_term_string}"},"query-input":{"@type":"PropertyValueSpecification","valueRequired":true,"valueName":"search_term_string"}}],"inLanguage":"fr-FR"},{"@type":"Organization","@id":"https:\/\/www.heliovolt.de\/wordpress\/fr\/#organization","name":"HELIOVOLT S\u00e0rl","url":"https:\/\/www.heliovolt.de\/wordpress\/fr\/","logo":{"@type":"ImageObject","inLanguage":"fr-FR","@id":"https:\/\/www.heliovolt.de\/wordpress\/fr\/#\/schema\/logo\/image\/","url":"http:\/\/www.heliovolt.de\/wordpress\/fr\/wp-content\/uploads\/sites\/2\/2021\/05\/Heliovolt_logo_2.png","contentUrl":"http:\/\/www.heliovolt.de\/wordpress\/fr\/wp-content\/uploads\/sites\/2\/2021\/05\/Heliovolt_logo_2.png","width":1103,"height":396,"caption":"HELIOVOLT S\u00e0rl"},"image":{"@id":"https:\/\/www.heliovolt.de\/wordpress\/fr\/#\/schema\/logo\/image\/"},"sameAs":["https:\/\/facebook.com\/eberhard.rudertpro.3","https:\/\/www.linkedin.com\/in\/eberhard-rudert-75270224\/"]}]}},"_links":{"self":[{"href":"http:\/\/www.heliovolt.de\/wordpress\/fr\/wp-json\/wp\/v2\/pages\/920","targetHints":{"allow":["GET"]}}],"collection":[{"href":"http:\/\/www.heliovolt.de\/wordpress\/fr\/wp-json\/wp\/v2\/pages"}],"about":[{"href":"http:\/\/www.heliovolt.de\/wordpress\/fr\/wp-json\/wp\/v2\/types\/page"}],"author":[{"embeddable":true,"href":"http:\/\/www.heliovolt.de\/wordpress\/fr\/wp-json\/wp\/v2\/users\/1"}],"replies":[{"embeddable":true,"href":"http:\/\/www.heliovolt.de\/wordpress\/fr\/wp-json\/wp\/v2\/comments?post=920"}],"version-history":[{"count":31,"href":"http:\/\/www.heliovolt.de\/wordpress\/fr\/wp-json\/wp\/v2\/pages\/920\/revisions"}],"predecessor-version":[{"id":1666,"href":"http:\/\/www.heliovolt.de\/wordpress\/fr\/wp-json\/wp\/v2\/pages\/920\/revisions\/1666"}],"wp:attachment":[{"href":"http:\/\/www.heliovolt.de\/wordpress\/fr\/wp-json\/wp\/v2\/media?parent=920"}],"curies":[{"name":"wp","href":"https:\/\/api.w.org\/{rel}","templated":true}]}}