{"id":997,"date":"2020-08-25T17:51:30","date_gmt":"2020-08-25T15:51:30","guid":{"rendered":"http:\/\/www.heliovolt.de\/wordpress\/fr\/?page_id=997"},"modified":"2021-05-15T19:20:59","modified_gmt":"2021-05-15T17:20:59","slug":"maison-prosommateur-par-heliovolt","status":"publish","type":"page","link":"http:\/\/www.heliovolt.de\/wordpress\/fr\/maison-prosommateur-par-heliovolt\/","title":{"rendered":"Maison Prosommateur par HELIOVOLT"},"content":{"rendered":"\t\t<div data-elementor-type=\"wp-page\" data-elementor-id=\"997\" class=\"elementor elementor-997\">\n\t\t\t\t\t\t<section class=\"elementor-section elementor-top-section elementor-element elementor-element-586b04f elementor-section-boxed elementor-section-height-default elementor-section-height-default\" data-id=\"586b04f\" data-element_type=\"section\">\n\t\t\t\t\t\t<div class=\"elementor-container elementor-column-gap-default\">\n\t\t\t\t\t<div class=\"elementor-column elementor-col-100 elementor-top-column elementor-element elementor-element-487b35f\" data-id=\"487b35f\" data-element_type=\"column\">\n\t\t\t<div class=\"elementor-widget-wrap elementor-element-populated\">\n\t\t\t\t\t\t<div class=\"elementor-element elementor-element-77a09c6 elementor-widget elementor-widget-heading\" data-id=\"77a09c6\" data-element_type=\"widget\" data-widget_type=\"heading.default\">\n\t\t\t\t<div class=\"elementor-widget-container\">\n\t\t\t<h2 class=\"elementor-heading-title elementor-size-default\">La Maison \"Prosommateur\"<\/h2>\t\t<\/div>\n\t\t\t\t<\/div>\n\t\t\t\t\t<\/div>\n\t\t<\/div>\n\t\t\t\t\t<\/div>\n\t\t<\/section>\n\t\t\t\t<section class=\"elementor-section elementor-top-section elementor-element elementor-element-843b13a elementor-section-boxed elementor-section-height-default elementor-section-height-default\" data-id=\"843b13a\" data-element_type=\"section\">\n\t\t\t\t\t\t<div class=\"elementor-container elementor-column-gap-default\">\n\t\t\t\t\t<div class=\"elementor-column elementor-col-50 elementor-top-column elementor-element elementor-element-f695cb5\" data-id=\"f695cb5\" data-element_type=\"column\">\n\t\t\t<div class=\"elementor-widget-wrap elementor-element-populated\">\n\t\t\t\t\t\t<div class=\"elementor-element elementor-element-4104f44 elementor-widget elementor-widget-image\" data-id=\"4104f44\" data-element_type=\"widget\" data-widget_type=\"image.default\">\n\t\t\t\t<div class=\"elementor-widget-container\">\n\t\t\t\t\t\t\t\t\t\t\t\t\t<img fetchpriority=\"high\" decoding=\"async\" width=\"976\" height=\"962\" src=\"http:\/\/www.heliovolt.de\/wordpress\/fr\/wp-content\/uploads\/sites\/2\/2020\/07\/Solarstrom_Haus_15.5.2020.png\" class=\"attachment-large size-large wp-image-865\" alt=\"maison prosommateur\" srcset=\"http:\/\/www.heliovolt.de\/wordpress\/fr\/wp-content\/uploads\/sites\/2\/2020\/07\/Solarstrom_Haus_15.5.2020.png 976w, http:\/\/www.heliovolt.de\/wordpress\/fr\/wp-content\/uploads\/sites\/2\/2020\/07\/Solarstrom_Haus_15.5.2020-300x296.png 300w, http:\/\/www.heliovolt.de\/wordpress\/fr\/wp-content\/uploads\/sites\/2\/2020\/07\/Solarstrom_Haus_15.5.2020-768x757.png 768w, http:\/\/www.heliovolt.de\/wordpress\/fr\/wp-content\/uploads\/sites\/2\/2020\/07\/Solarstrom_Haus_15.5.2020-830x818.png 830w, http:\/\/www.heliovolt.de\/wordpress\/fr\/wp-content\/uploads\/sites\/2\/2020\/07\/Solarstrom_Haus_15.5.2020-230x227.png 230w, http:\/\/www.heliovolt.de\/wordpress\/fr\/wp-content\/uploads\/sites\/2\/2020\/07\/Solarstrom_Haus_15.5.2020-350x345.png 350w, http:\/\/www.heliovolt.de\/wordpress\/fr\/wp-content\/uploads\/sites\/2\/2020\/07\/Solarstrom_Haus_15.5.2020-480x473.png 480w\" sizes=\"(max-width: 976px) 100vw, 976px\" \/>\t\t\t\t\t\t\t\t\t\t\t\t\t<\/div>\n\t\t\t\t<\/div>\n\t\t\t\t<div class=\"elementor-element elementor-element-1c8e326 elementor-widget elementor-widget-text-editor\" data-id=\"1c8e326\" data-element_type=\"widget\" data-widget_type=\"text-editor.default\">\n\t\t\t\t<div class=\"elementor-widget-container\">\n\t\t\t\t\t\t\t<table style=\"border-collapse: collapse;width: 100%;height: 168px\">\n<tbody>\n<tr style=\"height: 24px\">\n<td style=\"width: 36.1318%;height: 24px\"><strong>\u00c9l\u00e9ment<\/strong><\/td>\n<td style=\"width: 21.2064%;text-align: center;height: 24px\"><strong>Puissance kW<\/strong><\/td>\n<td style=\"width: 23.1965%;text-align: center;height: 24px\"><strong>Dur\u00e9e h<\/strong><\/td>\n<td style=\"width: 19.4651%;text-align: center;height: 24px\"><strong>\u00c9nergie kWh<\/strong><\/td>\n<\/tr>\n<tr style=\"height: 24px\">\n<td style=\"width: 36.1318%;height: 24px\">Chargeur batterie v\u00e9hicule<\/td>\n<td style=\"width: 21.2064%;text-align: center;height: 24px\">3<\/td>\n<td style=\"width: 23.1965%;text-align: center;height: 24px\">5<\/td>\n<td style=\"width: 19.4651%;text-align: center;height: 24px\">15<\/td>\n<\/tr>\n<tr style=\"height: 24px\">\n<td style=\"width: 36.1318%;height: 24px\">Lave-linge (60 \u00b0)<\/td>\n<td style=\"width: 21.2064%;text-align: center;height: 24px\">1,6<\/td>\n<td style=\"width: 23.1965%;text-align: center;height: 24px\">1,5<\/td>\n<td style=\"width: 19.4651%;text-align: center;height: 24px\">1,6<\/td>\n<\/tr>\n<tr style=\"height: 24px\">\n<td style=\"width: 36.1318%;height: 24px\">Lave-vaiselle (60 \u00b0)<\/td>\n<td style=\"width: 21.2064%;text-align: center;height: 24px\">1,8<\/td>\n<td style=\"width: 23.1965%;text-align: center;height: 24px\">1,5<\/td>\n<td style=\"width: 19.4651%;text-align: center;height: 24px\">1,8<\/td>\n<\/tr>\n<tr style=\"height: 24px\">\n<td style=\"width: 36.1318%;height: 24px\">Machine a caf\u00e9<\/td>\n<td style=\"width: 21.2064%;text-align: center;height: 24px\">0,8<\/td>\n<td style=\"width: 23.1965%;text-align: center;height: 24px\">0,2<\/td>\n<td style=\"width: 19.4651%;text-align: center;height: 24px\">0,16<\/td>\n<\/tr>\n<tr style=\"height: 24px\">\n<td style=\"width: 36.1318%;height: 24px\">T\u00e9l\u00e9vision 60 cm<\/td>\n<td style=\"width: 21.2064%;text-align: center;height: 24px\">0,25<\/td>\n<td style=\"width: 23.1965%;text-align: center;height: 24px\">4<\/td>\n<td style=\"width: 19.4651%;text-align: center;height: 24px\">1<\/td>\n<\/tr>\n<tr style=\"height: 24px\">\n<td style=\"width: 36.1318%;height: 24px\">Frigo am\u00e9ricain<\/td>\n<td style=\"width: 21.2064%;text-align: center;height: 24px\">0,5<\/td>\n<td style=\"width: 23.1965%;text-align: center;height: 24px\">5<\/td>\n<td style=\"width: 19.4651%;text-align: center;height: 24px\">2,5<\/td>\n<\/tr>\n<\/tbody>\n<\/table>\t\t\t\t\t\t<\/div>\n\t\t\t\t<\/div>\n\t\t\t\t\t<\/div>\n\t\t<\/div>\n\t\t\t\t<div class=\"elementor-column elementor-col-50 elementor-top-column elementor-element elementor-element-8c55bbc\" data-id=\"8c55bbc\" data-element_type=\"column\">\n\t\t\t<div class=\"elementor-widget-wrap elementor-element-populated\">\n\t\t\t\t\t\t<div class=\"elementor-element elementor-element-c21e372 elementor-widget elementor-widget-text-editor\" data-id=\"c21e372\" data-element_type=\"widget\" data-widget_type=\"text-editor.default\">\n\t\t\t\t<div class=\"elementor-widget-container\">\n\t\t\t\t\t\t\t<p><strong>La d\u00e9finition : prosommateur = pro<del>ducteur<\/del> \u00a0 +\u00a0 <del>con<\/del>sommateur<\/strong><\/p>\n<p>Quand on parle de prosommateur, Il s&rsquo;agit d&rsquo;une combinaison\u00a0 de producteur et de consommateur, qui est bien s\u00fbr la m\u00eame personne, qui produit son courant, qui le consomme aussi, et cela en m\u00eame temps si tout est bien con\u00e7u.<\/p>\n<p>La consommation se fait comme avant, mais on regarde les p\u00e9riodes d&rsquo;utilisation de chaque \u00e9l\u00e9ment, on veille \u00e0 ne pas avoir trop de puissance en service en m\u00eame temps. Dans le cadre d&rsquo;une installation \u00ab\u00a0prosommateur\u00a0\u00bb nous allons caler les \u00e9l\u00e9ments les plus puissantes comme la charge de la voiture \u00e9lectrique, le lave-vaisselle, le lave-linge et autres dans les heures de midi, pendant la plus grande puissance solaire. On peut aussi combiner batterie et production solaire en directe pour avoir une puissance qui \u00e9vite d&rsquo;acheter du courant du r\u00e9seau.<\/p>\n<p>A titre d&rsquo;exemple le tableau \u00e0 gauche : on peut bien voir les grands consommateurs, les petits comme la machine \u00e0 caf\u00e9 ne tourne que 15 minutes et l&rsquo;\u00e9nergie absorb\u00e9e est petite.<\/p>\n<p>Les 15 kWh du chargeur \u00e9lectrique suffisent pour environ 100 km, si le v\u00e9hicule est \u00e9quip\u00e9 d&rsquo;une batterie (pas un hybride). Cela d\u00e9pends largement du type de v\u00e9hicule et de chargeur (ici charge par prise 230 V \u00e0 la maison \u00e0 16 A) et la consommation d\u00e9pend de la mani\u00e8re \u00e0 rouler et largement de la vitesse.<\/p>\n<p>Par exemple sur autoroute il n&rsquo;y a aucune r\u00e9cup\u00e9ration ( retour de l&rsquo;\u00e9lectricit\u00e9 dans la batterie lors du freinage), la r\u00e9sistance d&rsquo;air bouffe l&rsquo;\u00e9nergie \u00e9lectrique en fonction du carr\u00e9 de la vitesse ( 2 x plus vite = 4 x plus d&rsquo;\u00e9nergie consomm\u00e9e , 3 x = 9 x etc&#8230;.). En ville c&rsquo;est plus int\u00e9ressant, la batterie se recharge lors du freinage devant un feu rouge. Cette fonction est uniquement possible avec des voitures \u00e9lectriques en batterie !<\/p>\n<div>\u00a0<\/div>\n<p>\u00a0<\/p>\t\t\t\t\t\t<\/div>\n\t\t\t\t<\/div>\n\t\t\t\t\t<\/div>\n\t\t<\/div>\n\t\t\t\t\t<\/div>\n\t\t<\/section>\n\t\t\t\t<section class=\"elementor-section elementor-top-section elementor-element elementor-element-048e59a elementor-section-boxed elementor-section-height-default elementor-section-height-default\" data-id=\"048e59a\" data-element_type=\"section\">\n\t\t\t\t\t\t<div class=\"elementor-container elementor-column-gap-default\">\n\t\t\t\t\t<div class=\"elementor-column elementor-col-50 elementor-top-column elementor-element elementor-element-ea8091e\" data-id=\"ea8091e\" data-element_type=\"column\">\n\t\t\t<div class=\"elementor-widget-wrap elementor-element-populated\">\n\t\t\t\t\t\t<div class=\"elementor-element elementor-element-2e63402 elementor-widget elementor-widget-text-editor\" data-id=\"2e63402\" data-element_type=\"widget\" data-widget_type=\"text-editor.default\">\n\t\t\t\t<div class=\"elementor-widget-container\">\n\t\t\t\t\t\t\t<h5>Pronostic de production pour une journ\u00e9e en \u00e9t\u00e9<\/h5>\n<p>Une journ\u00e9e \u00e0 Strasbourg en \u00e9t\u00e9 : la courbe bleue montre le rayonnement solaire avec un ciel clair. Par contre\u00a0 dans la vall\u00e9e du Rhin on a souvent des brumes, qui r\u00e9duisent le rayonnement.\u00a0 La courbe brune est le rayonnement global, qui consiste du rayonnement direct en addition du rayonnement diffus. Donc aussi avec des nuages on a un rayonnement non n\u00e9gligeable, sinon c&rsquo;\u00e9tait totalement noir&#8230;.comme pendant la nuit.<\/p>\n<div>\u00a0<\/div>\n<p>\u00a0<\/p>\t\t\t\t\t\t<\/div>\n\t\t\t\t<\/div>\n\t\t\t\t\t<\/div>\n\t\t<\/div>\n\t\t\t\t<div class=\"elementor-column elementor-col-50 elementor-top-column elementor-element elementor-element-1ab77f9\" data-id=\"1ab77f9\" data-element_type=\"column\">\n\t\t\t<div class=\"elementor-widget-wrap elementor-element-populated\">\n\t\t\t\t\t\t<div class=\"elementor-element elementor-element-0b106ca elementor-widget elementor-widget-image\" data-id=\"0b106ca\" data-element_type=\"widget\" data-widget_type=\"image.default\">\n\t\t\t\t<div class=\"elementor-widget-container\">\n\t\t\t\t\t\t\t\t\t\t\t\t\t<img decoding=\"async\" width=\"1024\" height=\"786\" src=\"http:\/\/www.heliovolt.de\/wordpress\/fr\/wp-content\/uploads\/sites\/2\/2020\/08\/Dayradincl_48.585_7.736_undefined_8_35deg_0deg_L-1-1024x786.png\" class=\"attachment-large size-large wp-image-1031\" alt=\"maison prosommateur\" srcset=\"http:\/\/www.heliovolt.de\/wordpress\/fr\/wp-content\/uploads\/sites\/2\/2020\/08\/Dayradincl_48.585_7.736_undefined_8_35deg_0deg_L-1-1024x786.png 1024w, http:\/\/www.heliovolt.de\/wordpress\/fr\/wp-content\/uploads\/sites\/2\/2020\/08\/Dayradincl_48.585_7.736_undefined_8_35deg_0deg_L-1-300x230.png 300w, http:\/\/www.heliovolt.de\/wordpress\/fr\/wp-content\/uploads\/sites\/2\/2020\/08\/Dayradincl_48.585_7.736_undefined_8_35deg_0deg_L-1-768x590.png 768w, http:\/\/www.heliovolt.de\/wordpress\/fr\/wp-content\/uploads\/sites\/2\/2020\/08\/Dayradincl_48.585_7.736_undefined_8_35deg_0deg_L-1-830x637.png 830w, http:\/\/www.heliovolt.de\/wordpress\/fr\/wp-content\/uploads\/sites\/2\/2020\/08\/Dayradincl_48.585_7.736_undefined_8_35deg_0deg_L-1-230x177.png 230w, http:\/\/www.heliovolt.de\/wordpress\/fr\/wp-content\/uploads\/sites\/2\/2020\/08\/Dayradincl_48.585_7.736_undefined_8_35deg_0deg_L-1-350x269.png 350w, http:\/\/www.heliovolt.de\/wordpress\/fr\/wp-content\/uploads\/sites\/2\/2020\/08\/Dayradincl_48.585_7.736_undefined_8_35deg_0deg_L-1-480x369.png 480w, http:\/\/www.heliovolt.de\/wordpress\/fr\/wp-content\/uploads\/sites\/2\/2020\/08\/Dayradincl_48.585_7.736_undefined_8_35deg_0deg_L-1.png 1042w\" sizes=\"(max-width: 1024px) 100vw, 1024px\" \/>\t\t\t\t\t\t\t\t\t\t\t\t\t<\/div>\n\t\t\t\t<\/div>\n\t\t\t\t\t<\/div>\n\t\t<\/div>\n\t\t\t\t\t<\/div>\n\t\t<\/section>\n\t\t\t\t<section class=\"elementor-section elementor-top-section elementor-element elementor-element-b5f0300 elementor-section-boxed elementor-section-height-default elementor-section-height-default\" data-id=\"b5f0300\" data-element_type=\"section\">\n\t\t\t\t\t\t<div class=\"elementor-container elementor-column-gap-default\">\n\t\t\t\t\t<div class=\"elementor-column elementor-col-50 elementor-top-column elementor-element elementor-element-6508643\" data-id=\"6508643\" data-element_type=\"column\">\n\t\t\t<div class=\"elementor-widget-wrap elementor-element-populated\">\n\t\t\t\t\t\t<div class=\"elementor-element elementor-element-b2a72af elementor-widget elementor-widget-image\" data-id=\"b2a72af\" data-element_type=\"widget\" data-widget_type=\"image.default\">\n\t\t\t\t<div class=\"elementor-widget-container\">\n\t\t\t\t\t\t\t\t\t\t\t\t\t<img decoding=\"async\" src=\"http:\/\/www.heliovolt.de\/wordpress\/fr\/wp-content\/plugins\/elementor\/assets\/images\/placeholder.png\" title=\"\" alt=\"\" loading=\"lazy\" \/>\t\t\t\t\t\t\t\t\t\t\t\t\t<\/div>\n\t\t\t\t<\/div>\n\t\t\t\t\t<\/div>\n\t\t<\/div>\n\t\t\t\t<div class=\"elementor-column elementor-col-50 elementor-top-column elementor-element elementor-element-b590748\" data-id=\"b590748\" data-element_type=\"column\">\n\t\t\t<div class=\"elementor-widget-wrap elementor-element-populated\">\n\t\t\t\t\t\t<div class=\"elementor-element elementor-element-3b3f4e1 elementor-widget elementor-widget-text-editor\" data-id=\"3b3f4e1\" data-element_type=\"widget\" data-widget_type=\"text-editor.default\">\n\t\t\t\t<div class=\"elementor-widget-container\">\n\t\t\t\t\t\t\t<p>Cette photo montre la courbe de production et de consommation en, \u00e9t\u00e9 avec un v\u00e9hicule \u00e9lectrique qui charge dans le cadre de l&rsquo;approche \u00ab\u00a0prosommateur\u00a0\u00bb<\/p>\n<div><\/div>\n<div><\/div>\t\t\t\t\t\t<\/div>\n\t\t\t\t<\/div>\n\t\t\t\t<div class=\"elementor-element elementor-element-b8a6b1d elementor-widget elementor-widget-text-editor\" data-id=\"b8a6b1d\" data-element_type=\"widget\" data-widget_type=\"text-editor.default\">\n\t\t\t\t<div class=\"elementor-widget-container\">\n\t\t\t\t\t\t\t<p>\u00e0 completer , en quelques jours + d&rsquo;infos&#8230;.<\/p>\n<p>\u00a0<\/p>\n<div><\/div>\t\t\t\t\t\t<\/div>\n\t\t\t\t<\/div>\n\t\t\t\t\t<\/div>\n\t\t<\/div>\n\t\t\t\t\t<\/div>\n\t\t<\/section>\n\t\t\t\t<\/div>\n\t\t","protected":false},"excerpt":{"rendered":"<p>La Maison \u00ab\u00a0Prosommateur\u00a0\u00bb \u00c9l\u00e9ment Puissance kW Dur\u00e9e h \u00c9nergie kWh Chargeur batterie v\u00e9hicule 3 5 15 Lave-linge (60 \u00b0) 1,6 1,5 1,6 [&hellip;]<\/p>\n","protected":false},"author":1,"featured_media":0,"parent":0,"menu_order":0,"comment_status":"closed","ping_status":"closed","template":"elementor_header_footer","meta":{"footnotes":""},"class_list":["post-997","page","type-page","status-publish","hentry"],"yoast_head":"<!-- This site is optimized with the Yoast SEO plugin v27.4 - https:\/\/yoast.com\/product\/yoast-seo-wordpress\/ -->\n<title>Maison Prosommateur par HELIOVOLT - HELIOVOLT S\u00e0rl<\/title>\n<meta name=\"description\" content=\"Cliquez ici pour d\u00e9couvrir le concept unique d&#039;une maison prosommateur, une maison qui produit et consomme son \u00e9nergie propre !\" \/>\n<meta name=\"robots\" content=\"index, follow, max-snippet:-1, max-image-preview:large, max-video-preview:-1\" \/>\n<link rel=\"canonical\" href=\"http:\/\/www.heliovolt.de\/wordpress\/fr\/maison-prosommateur-par-heliovolt\/\" \/>\n<meta name=\"twitter:label1\" content=\"Dur\u00e9e de lecture estim\u00e9e\" \/>\n\t<meta name=\"twitter:data1\" content=\"2 minutes\" \/>\n<script type=\"application\/ld+json\" class=\"yoast-schema-graph\">{\"@context\":\"https:\\\/\\\/schema.org\",\"@graph\":[{\"@type\":\"WebPage\",\"@id\":\"http:\\\/\\\/www.heliovolt.de\\\/wordpress\\\/fr\\\/maison-prosommateur-par-heliovolt\\\/\",\"url\":\"http:\\\/\\\/www.heliovolt.de\\\/wordpress\\\/fr\\\/maison-prosommateur-par-heliovolt\\\/\",\"name\":\"Maison Prosommateur par HELIOVOLT - HELIOVOLT S\u00e0rl\",\"isPartOf\":{\"@id\":\"https:\\\/\\\/www.heliovolt.de\\\/wordpress\\\/fr\\\/#website\"},\"primaryImageOfPage\":{\"@id\":\"http:\\\/\\\/www.heliovolt.de\\\/wordpress\\\/fr\\\/maison-prosommateur-par-heliovolt\\\/#primaryimage\"},\"image\":{\"@id\":\"http:\\\/\\\/www.heliovolt.de\\\/wordpress\\\/fr\\\/maison-prosommateur-par-heliovolt\\\/#primaryimage\"},\"thumbnailUrl\":\"http:\\\/\\\/www.heliovolt.de\\\/wordpress\\\/fr\\\/wp-content\\\/uploads\\\/sites\\\/2\\\/2020\\\/07\\\/Solarstrom_Haus_15.5.2020.png\",\"datePublished\":\"2020-08-25T15:51:30+00:00\",\"dateModified\":\"2021-05-15T17:20:59+00:00\",\"description\":\"Cliquez ici pour d\u00e9couvrir le concept unique d'une maison prosommateur, une maison qui produit et consomme son \u00e9nergie propre !\",\"breadcrumb\":{\"@id\":\"http:\\\/\\\/www.heliovolt.de\\\/wordpress\\\/fr\\\/maison-prosommateur-par-heliovolt\\\/#breadcrumb\"},\"inLanguage\":\"fr-FR\",\"potentialAction\":[{\"@type\":\"ReadAction\",\"target\":[\"http:\\\/\\\/www.heliovolt.de\\\/wordpress\\\/fr\\\/maison-prosommateur-par-heliovolt\\\/\"]}]},{\"@type\":\"ImageObject\",\"inLanguage\":\"fr-FR\",\"@id\":\"http:\\\/\\\/www.heliovolt.de\\\/wordpress\\\/fr\\\/maison-prosommateur-par-heliovolt\\\/#primaryimage\",\"url\":\"http:\\\/\\\/www.heliovolt.de\\\/wordpress\\\/fr\\\/wp-content\\\/uploads\\\/sites\\\/2\\\/2020\\\/07\\\/Solarstrom_Haus_15.5.2020.png\",\"contentUrl\":\"http:\\\/\\\/www.heliovolt.de\\\/wordpress\\\/fr\\\/wp-content\\\/uploads\\\/sites\\\/2\\\/2020\\\/07\\\/Solarstrom_Haus_15.5.2020.png\",\"width\":976,\"height\":962,\"caption\":\"maison prosommateur\"},{\"@type\":\"BreadcrumbList\",\"@id\":\"http:\\\/\\\/www.heliovolt.de\\\/wordpress\\\/fr\\\/maison-prosommateur-par-heliovolt\\\/#breadcrumb\",\"itemListElement\":[{\"@type\":\"ListItem\",\"position\":1,\"name\":\"Accueil\",\"item\":\"https:\\\/\\\/www.heliovolt.de\\\/wordpress\\\/fr\\\/\"},{\"@type\":\"ListItem\",\"position\":2,\"name\":\"Maison Prosommateur par HELIOVOLT\"}]},{\"@type\":\"WebSite\",\"@id\":\"https:\\\/\\\/www.heliovolt.de\\\/wordpress\\\/fr\\\/#website\",\"url\":\"https:\\\/\\\/www.heliovolt.de\\\/wordpress\\\/fr\\\/\",\"name\":\"HELIOVOLT S\u00e0rl\",\"description\":\"Concepteur \u00e9nergies propres - Innovations\",\"publisher\":{\"@id\":\"https:\\\/\\\/www.heliovolt.de\\\/wordpress\\\/fr\\\/#organization\"},\"potentialAction\":[{\"@type\":\"SearchAction\",\"target\":{\"@type\":\"EntryPoint\",\"urlTemplate\":\"https:\\\/\\\/www.heliovolt.de\\\/wordpress\\\/fr\\\/?s={search_term_string}\"},\"query-input\":{\"@type\":\"PropertyValueSpecification\",\"valueRequired\":true,\"valueName\":\"search_term_string\"}}],\"inLanguage\":\"fr-FR\"},{\"@type\":\"Organization\",\"@id\":\"https:\\\/\\\/www.heliovolt.de\\\/wordpress\\\/fr\\\/#organization\",\"name\":\"HELIOVOLT S\u00e0rl\",\"url\":\"https:\\\/\\\/www.heliovolt.de\\\/wordpress\\\/fr\\\/\",\"logo\":{\"@type\":\"ImageObject\",\"inLanguage\":\"fr-FR\",\"@id\":\"https:\\\/\\\/www.heliovolt.de\\\/wordpress\\\/fr\\\/#\\\/schema\\\/logo\\\/image\\\/\",\"url\":\"http:\\\/\\\/www.heliovolt.de\\\/wordpress\\\/fr\\\/wp-content\\\/uploads\\\/sites\\\/2\\\/2021\\\/05\\\/Heliovolt_logo_2.png\",\"contentUrl\":\"http:\\\/\\\/www.heliovolt.de\\\/wordpress\\\/fr\\\/wp-content\\\/uploads\\\/sites\\\/2\\\/2021\\\/05\\\/Heliovolt_logo_2.png\",\"width\":1103,\"height\":396,\"caption\":\"HELIOVOLT S\u00e0rl\"},\"image\":{\"@id\":\"https:\\\/\\\/www.heliovolt.de\\\/wordpress\\\/fr\\\/#\\\/schema\\\/logo\\\/image\\\/\"},\"sameAs\":[\"https:\\\/\\\/facebook.com\\\/eberhard.rudertpro.3\",\"https:\\\/\\\/www.linkedin.com\\\/in\\\/eberhard-rudert-75270224\\\/\"]}]}<\/script>\n<!-- \/ Yoast SEO plugin. -->","yoast_head_json":{"title":"Maison Prosommateur par HELIOVOLT - HELIOVOLT S\u00e0rl","description":"Cliquez ici pour d\u00e9couvrir le concept unique d'une maison prosommateur, une maison qui produit et consomme son \u00e9nergie propre !","robots":{"index":"index","follow":"follow","max-snippet":"max-snippet:-1","max-image-preview":"max-image-preview:large","max-video-preview":"max-video-preview:-1"},"canonical":"http:\/\/www.heliovolt.de\/wordpress\/fr\/maison-prosommateur-par-heliovolt\/","twitter_misc":{"Dur\u00e9e de lecture estim\u00e9e":"2 minutes"},"schema":{"@context":"https:\/\/schema.org","@graph":[{"@type":"WebPage","@id":"http:\/\/www.heliovolt.de\/wordpress\/fr\/maison-prosommateur-par-heliovolt\/","url":"http:\/\/www.heliovolt.de\/wordpress\/fr\/maison-prosommateur-par-heliovolt\/","name":"Maison Prosommateur par HELIOVOLT - HELIOVOLT S\u00e0rl","isPartOf":{"@id":"https:\/\/www.heliovolt.de\/wordpress\/fr\/#website"},"primaryImageOfPage":{"@id":"http:\/\/www.heliovolt.de\/wordpress\/fr\/maison-prosommateur-par-heliovolt\/#primaryimage"},"image":{"@id":"http:\/\/www.heliovolt.de\/wordpress\/fr\/maison-prosommateur-par-heliovolt\/#primaryimage"},"thumbnailUrl":"http:\/\/www.heliovolt.de\/wordpress\/fr\/wp-content\/uploads\/sites\/2\/2020\/07\/Solarstrom_Haus_15.5.2020.png","datePublished":"2020-08-25T15:51:30+00:00","dateModified":"2021-05-15T17:20:59+00:00","description":"Cliquez ici pour d\u00e9couvrir le concept unique d'une maison prosommateur, une maison qui produit et consomme son \u00e9nergie propre !","breadcrumb":{"@id":"http:\/\/www.heliovolt.de\/wordpress\/fr\/maison-prosommateur-par-heliovolt\/#breadcrumb"},"inLanguage":"fr-FR","potentialAction":[{"@type":"ReadAction","target":["http:\/\/www.heliovolt.de\/wordpress\/fr\/maison-prosommateur-par-heliovolt\/"]}]},{"@type":"ImageObject","inLanguage":"fr-FR","@id":"http:\/\/www.heliovolt.de\/wordpress\/fr\/maison-prosommateur-par-heliovolt\/#primaryimage","url":"http:\/\/www.heliovolt.de\/wordpress\/fr\/wp-content\/uploads\/sites\/2\/2020\/07\/Solarstrom_Haus_15.5.2020.png","contentUrl":"http:\/\/www.heliovolt.de\/wordpress\/fr\/wp-content\/uploads\/sites\/2\/2020\/07\/Solarstrom_Haus_15.5.2020.png","width":976,"height":962,"caption":"maison prosommateur"},{"@type":"BreadcrumbList","@id":"http:\/\/www.heliovolt.de\/wordpress\/fr\/maison-prosommateur-par-heliovolt\/#breadcrumb","itemListElement":[{"@type":"ListItem","position":1,"name":"Accueil","item":"https:\/\/www.heliovolt.de\/wordpress\/fr\/"},{"@type":"ListItem","position":2,"name":"Maison Prosommateur par HELIOVOLT"}]},{"@type":"WebSite","@id":"https:\/\/www.heliovolt.de\/wordpress\/fr\/#website","url":"https:\/\/www.heliovolt.de\/wordpress\/fr\/","name":"HELIOVOLT S\u00e0rl","description":"Concepteur \u00e9nergies propres - Innovations","publisher":{"@id":"https:\/\/www.heliovolt.de\/wordpress\/fr\/#organization"},"potentialAction":[{"@type":"SearchAction","target":{"@type":"EntryPoint","urlTemplate":"https:\/\/www.heliovolt.de\/wordpress\/fr\/?s={search_term_string}"},"query-input":{"@type":"PropertyValueSpecification","valueRequired":true,"valueName":"search_term_string"}}],"inLanguage":"fr-FR"},{"@type":"Organization","@id":"https:\/\/www.heliovolt.de\/wordpress\/fr\/#organization","name":"HELIOVOLT S\u00e0rl","url":"https:\/\/www.heliovolt.de\/wordpress\/fr\/","logo":{"@type":"ImageObject","inLanguage":"fr-FR","@id":"https:\/\/www.heliovolt.de\/wordpress\/fr\/#\/schema\/logo\/image\/","url":"http:\/\/www.heliovolt.de\/wordpress\/fr\/wp-content\/uploads\/sites\/2\/2021\/05\/Heliovolt_logo_2.png","contentUrl":"http:\/\/www.heliovolt.de\/wordpress\/fr\/wp-content\/uploads\/sites\/2\/2021\/05\/Heliovolt_logo_2.png","width":1103,"height":396,"caption":"HELIOVOLT S\u00e0rl"},"image":{"@id":"https:\/\/www.heliovolt.de\/wordpress\/fr\/#\/schema\/logo\/image\/"},"sameAs":["https:\/\/facebook.com\/eberhard.rudertpro.3","https:\/\/www.linkedin.com\/in\/eberhard-rudert-75270224\/"]}]}},"_links":{"self":[{"href":"http:\/\/www.heliovolt.de\/wordpress\/fr\/wp-json\/wp\/v2\/pages\/997","targetHints":{"allow":["GET"]}}],"collection":[{"href":"http:\/\/www.heliovolt.de\/wordpress\/fr\/wp-json\/wp\/v2\/pages"}],"about":[{"href":"http:\/\/www.heliovolt.de\/wordpress\/fr\/wp-json\/wp\/v2\/types\/page"}],"author":[{"embeddable":true,"href":"http:\/\/www.heliovolt.de\/wordpress\/fr\/wp-json\/wp\/v2\/users\/1"}],"replies":[{"embeddable":true,"href":"http:\/\/www.heliovolt.de\/wordpress\/fr\/wp-json\/wp\/v2\/comments?post=997"}],"version-history":[{"count":33,"href":"http:\/\/www.heliovolt.de\/wordpress\/fr\/wp-json\/wp\/v2\/pages\/997\/revisions"}],"predecessor-version":[{"id":1664,"href":"http:\/\/www.heliovolt.de\/wordpress\/fr\/wp-json\/wp\/v2\/pages\/997\/revisions\/1664"}],"wp:attachment":[{"href":"http:\/\/www.heliovolt.de\/wordpress\/fr\/wp-json\/wp\/v2\/media?parent=997"}],"curies":[{"name":"wp","href":"https:\/\/api.w.org\/{rel}","templated":true}]}}