{"id":1323,"date":"2020-08-05T11:24:26","date_gmt":"2020-08-05T09:24:26","guid":{"rendered":"http:\/\/www.heliovolt.de\/wordpress\/?page_id=1323"},"modified":"2020-08-24T11:34:38","modified_gmt":"2020-08-24T09:34:38","slug":"kontaktaufnahme","status":"publish","type":"page","link":"http:\/\/www.heliovolt.de\/wordpress\/kontaktaufnahme\/","title":{"rendered":"Kontaktaufnahme"},"content":{"rendered":"\t\t<div data-elementor-type=\"wp-page\" data-elementor-id=\"1323\" class=\"elementor elementor-1323\">\n\t\t\t\t\t\t<section class=\"elementor-section elementor-top-section elementor-element elementor-element-d856383 elementor-section-boxed elementor-section-height-default elementor-section-height-default\" data-id=\"d856383\" data-element_type=\"section\">\n\t\t\t\t\t\t<div class=\"elementor-container elementor-column-gap-default\">\n\t\t\t\t\t<div class=\"elementor-column elementor-col-50 elementor-top-column elementor-element elementor-element-42288c3\" data-id=\"42288c3\" data-element_type=\"column\">\n\t\t\t<div class=\"elementor-widget-wrap elementor-element-populated\">\n\t\t\t\t\t\t<div class=\"elementor-element elementor-element-e650cd8 elementor-widget elementor-widget-text-editor\" data-id=\"e650cd8\" data-element_type=\"widget\" data-widget_type=\"text-editor.default\">\n\t\t\t\t<div class=\"elementor-widget-container\">\n\t\t\t\t\t\t\t<p>Nichts ist besser als der pers\u00f6nliche Kontakt, daher hier unsere Kontaktdaten, rufen Sie uns gerne an oder besuchen Sie uns :<\/p>\t\t\t\t\t\t<\/div>\n\t\t\t\t<\/div>\n\t\t\t\t\t<\/div>\n\t\t<\/div>\n\t\t\t\t<div class=\"elementor-column elementor-col-50 elementor-top-column elementor-element elementor-element-ca8e052\" data-id=\"ca8e052\" data-element_type=\"column\">\n\t\t\t<div class=\"elementor-widget-wrap elementor-element-populated\">\n\t\t\t\t\t\t<div class=\"elementor-element elementor-element-c21a686 elementor-widget elementor-widget-text-editor\" data-id=\"c21a686\" data-element_type=\"widget\" data-widget_type=\"text-editor.default\">\n\t\t\t\t<div class=\"elementor-widget-container\">\n\t\t\t\t\t\t\t<p>HELIOVOLT S\u00e0rl<br \/>25 rue Principale<br \/>F67240 SCHIRRHOFFEN<br \/><strong>Tel.: +33 (0)3.88.63.64.62 <\/strong><br \/><strong>Fax: +33 (0)3.88.63.11.34<\/strong><br \/><strong>EMail: <\/strong> <a href=\"mailto:info@heliovolt.de\">info@heliovolt.de<\/a><\/p>\t\t\t\t\t\t<\/div>\n\t\t\t\t<\/div>\n\t\t\t\t\t<\/div>\n\t\t<\/div>\n\t\t\t\t\t<\/div>\n\t\t<\/section>\n\t\t\t\t<section class=\"elementor-section elementor-top-section elementor-element elementor-element-6365039 elementor-section-boxed elementor-section-height-default elementor-section-height-default\" data-id=\"6365039\" data-element_type=\"section\">\n\t\t\t\t\t\t<div class=\"elementor-container elementor-column-gap-default\">\n\t\t\t\t\t<div class=\"elementor-column elementor-col-100 elementor-top-column elementor-element elementor-element-68627ca\" data-id=\"68627ca\" data-element_type=\"column\">\n\t\t\t<div class=\"elementor-widget-wrap elementor-element-populated\">\n\t\t\t\t\t\t<div class=\"elementor-element elementor-element-5856e42 elementor-widget elementor-widget-text-editor\" data-id=\"5856e42\" data-element_type=\"widget\" data-widget_type=\"text-editor.default\">\n\t\t\t\t<div class=\"elementor-widget-container\">\n\t\t\t\t\t\t\t<form action=\"mailto:info@heliovolt.de\" enctype=\"text\/plain\" method=\"post\">Dieses Formular wird eine E-Mail an uns erzeugen, mit Ihren Daten zur Beantwortung. Um Ihnen einen optimalen Service bieten zu k\u00f6nnen m\u00f6chten wir Sie bitten die f\u00fcr Sie notwendigen Angaben zu machen, dadurch k\u00f6nnen wir uns auf Ihre Anfrage vorbereiten.\n\nIhre Daten werden von uns IN KEINEM FALL weitergegeben, DGSchVO ist f\u00fcr uns eine wichtige und notwendige Ma\u00dfnahme gegen Datenklau und Aussp\u00e4hen von Personen. Diese Daten dienen ausschlie\u00dflich Kontaktaufnahme und Vorbereitung, und werden nach erfolgter Bearbeitung umgehend gel\u00f6scht.\n<table style=\"border-collapse: collapse; width: 100%; height: 739px;\">\n<tbody>\n<tr style=\"height: 32px;\">\n<td style=\"width: 50%; height: 32px;\">Name :<\/td>\n<td style=\"width: 50%; height: 32px;\"><input name=\"NAME\" type=\"text\" \/><\/td>\n<\/tr>\n<tr style=\"height: 32px;\">\n<td style=\"width: 50%; height: 32px;\">Vorname :<\/td>\n<td style=\"width: 50%; height: 32px;\"><input name=\"VORNAME\" type=\"text\" \/><\/td>\n<\/tr>\n<tr style=\"height: 32px;\">\n<td style=\"width: 50%; height: 32px;\">Stadt :<\/td>\n<td style=\"width: 50%; height: 32px;\"><input name=\"STADT\" type=\"text\" \/><\/td>\n<\/tr>\n<tr style=\"height: 32px;\">\n<td style=\"width: 50%; height: 32px;\">Postleitzahl:<\/td>\n<td style=\"width: 50%; height: 32px;\"><input name=\"PLZ\" type=\"text\" \/><\/td>\n<\/tr>\n<tr style=\"height: 31px;\">\n<td style=\"width: 50%; height: 31px;\">Sie sind:<\/td>\n<td style=\"width: 50%; height: 31px;\"><select name=\"KATEGORIE\" size=\"1\">Landwirtschaft\n<option value=\"Landwirtschaft\"><\/option>\n<option value=\"Privatperson\">Privatperson<\/option>\n<option value=\"Kommunale Einrichtung\">Kommunale Einrichtung<\/option>\n<option value=\"Industrie\">Industrie<\/option>\n<option value=\"Sonstiges\">Sonstiges<\/option>\n<\/select><\/td>\n<\/tr>\n<tr style=\"height: 32px;\">\n<td style=\"width: 50%; height: 32px;\">Unternehmen Name:<\/td>\n<td style=\"width: 50%; height: 32px;\"><input name=\"UNTERNEHMEN\" type=\"text\" \/><\/td>\n<\/tr>\n<tr style=\"height: 48px;\">\n<td style=\"width: 50%; height: 48px;\">Telefonnummer wo wir Sie zu B\u00fcrozeiten erreichen k\u00f6nnen:<\/td>\n<td style=\"width: 50%; height: 48px;\"><input name=\"TELEFON\" type=\"text\" \/><\/td>\n<\/tr>\n<tr style=\"height: 48px;\">\n<td style=\"width: 50%; height: 48px;\">Wann passt es Ihnen am besten ?<\/td>\n<td style=\"width: 50%; height: 48px;\"><input name=\"ZEITPUNKT\" type=\"text\" \/><\/td>\n<\/tr>\n<tr style=\"height: 32px;\">\n<td style=\"width: 50%; height: 32px;\">Addresse Email:<\/td>\n<td style=\"width: 50%; height: 32px;\"><input name=\"EMAIL\" type=\"text\" \/><\/td>\n<\/tr>\n<tr style=\"height: 96px;\">\n<td style=\"width: 50%; height: 96px;\">Leistungen die Sie interessieren:<\/td>\n<td style=\"width: 50%; height: 96px;\"><input name=\"Photovoltaik Auslegung\" type=\"checkbox\" value=\"JA\" \/>Solarstrom-Projekt <input name=\"Solarw\u00e4rme-Projekt\" type=\"checkbox\" value=\"JA\" \/>Solar-W\u00e4rme-Projekt\n<input name=\"Holzheizung Projektierung\" type=\"checkbox\" value=\"JA\" \/> Holz-Heizung Projekt\n<input name=\"Energie Engineering\" type=\"checkbox\" value=\"JA\" \/> Energieeinsparung <input name=\"\u00dcbersetzungen\" type=\"checkbox\" value=\"JA\" \/> \u00dcbersetzungen\n<input name=\"Andere Energiedienstleistungen\" type=\"checkbox\" value=\"JA\" \/>Andere Interessen ?<\/td>\n<\/tr>\n<tr style=\"height: 72px;\">\n<td style=\"width: 50%; height: 72px;\">Produkte:<\/td>\n<td style=\"width: 50%; height: 72px;\"><input name=\"Pelletkessel\" type=\"checkbox\" value=\"JA\" \/>Pelletheizkessel <input name=\"HolzHeizKessel\" type=\"checkbox\" value=\"JA\" \/> Holzheizkessel <input name=\"Solarstrom\" type=\"checkbox\" value=\"JA\" \/> Solarstrom-Bauteile (Photovoltaik)\n<input name=\"Multi-\u00d6lbrenner\" type=\"checkbox\" value=\"JA\" \/> Multi-\u00d6l-Brenner C1<\/td>\n<\/tr>\n<tr style=\"height: 95px;\">\n<td style=\"width: 50%; height: 95px;\">Kommentare (Projekt, Dimensionen, weitere Angaben,&#8230;)<\/td>\n<td style=\"width: 50%; height: 95px;\"><textarea cols=\"50\" name=\"Kommentare\" rows=\"5\"><\/textarea><\/td>\n<\/tr>\n<tr style=\"height: 56px;\">\n<td style=\"width: 50%; height: 56px;\"><span style=\"text-decoration: underline;\">Mailantwort<\/span><\/td>\n<td style=\"width: 50%; height: 56px;\"><input name=\"AntwortSchriftlich\" type=\"checkbox\" value=\"JA\" \/><span style=\"font-size: 12pt;\">Bitte per Mail antworten<\/span><\/td>\n<\/tr>\n<tr>\n<td style=\"width: 50%; \"><span style=\"text-decoration: underline;\">Telefonanruf gew\u00fcnscht <\/span><\/td>\n<td style=\"width: 50%; \">\u00a0<input name=\"Bitte anrufen\" type=\"checkbox\" value=\"JA\" \/>Bitte anrufen<\/td>\n<\/tr>\n<tr>\n<td style=\"width: 50%; \"><\/td>\n<td style=\"width: 50%; \"><input type=\"submit\" value=\"Abschicken\" \/><\/td>\n<\/tr>\n<\/tbody>\n<\/table>\n<\/form>\t\t\t\t\t\t<\/div>\n\t\t\t\t<\/div>\n\t\t\t\t\t<\/div>\n\t\t<\/div>\n\t\t\t\t\t<\/div>\n\t\t<\/section>\n\t\t\t\t<section class=\"elementor-section elementor-top-section elementor-element elementor-element-386c1f2 elementor-section-boxed elementor-section-height-default elementor-section-height-default\" data-id=\"386c1f2\" data-element_type=\"section\">\n\t\t\t\t\t\t<div class=\"elementor-container elementor-column-gap-default\">\n\t\t\t\t\t<div class=\"elementor-column elementor-col-100 elementor-top-column elementor-element elementor-element-b21f1e3\" data-id=\"b21f1e3\" data-element_type=\"column\">\n\t\t\t<div class=\"elementor-widget-wrap elementor-element-populated\">\n\t\t\t\t\t\t<div class=\"elementor-element elementor-element-07d2505 elementor-widget elementor-widget-text-editor\" data-id=\"07d2505\" data-element_type=\"widget\" data-widget_type=\"text-editor.default\">\n\t\t\t\t<div class=\"elementor-widget-container\">\n\t\t\t\t\t\t\t<p>..<\/p>\t\t\t\t\t\t<\/div>\n\t\t\t\t<\/div>\n\t\t\t\t\t<\/div>\n\t\t<\/div>\n\t\t\t\t\t<\/div>\n\t\t<\/section>\n\t\t\t\t<\/div>\n\t\t","protected":false},"excerpt":{"rendered":"<p><br data-mce-bogus=\"1\"\/><\/p>\n","protected":false},"author":1,"featured_media":0,"parent":0,"menu_order":0,"comment_status":"closed","ping_status":"closed","template":"","meta":{"footnotes":""},"class_list":["post-1323","page","type-page","status-publish","hentry"],"yoast_head":"<!-- This site is optimized with the Yoast SEO plugin v27.4 - https:\/\/yoast.com\/product\/yoast-seo-wordpress\/ -->\n<title>Kontaktaufnahme - HELIOVOLT<\/title>\n<meta name=\"robots\" content=\"index, follow, max-snippet:-1, max-image-preview:large, max-video-preview:-1\" \/>\n<link rel=\"canonical\" href=\"http:\/\/www.heliovolt.de\/wordpress\/kontaktaufnahme\/\" \/>\n<meta property=\"og:locale\" content=\"de_DE\" \/>\n<meta property=\"og:type\" content=\"article\" \/>\n<meta property=\"og:title\" content=\"Kontaktaufnahme - HELIOVOLT\" \/>\n<meta property=\"og:url\" content=\"http:\/\/www.heliovolt.de\/wordpress\/kontaktaufnahme\/\" \/>\n<meta property=\"og:site_name\" content=\"HELIOVOLT\" \/>\n<meta property=\"article:modified_time\" content=\"2020-08-24T09:34:38+00:00\" \/>\n<meta name=\"twitter:label1\" content=\"Gesch\u00e4tzte Lesezeit\" \/>\n\t<meta name=\"twitter:data1\" content=\"1\u00a0Minute\" \/>\n<script type=\"application\/ld+json\" class=\"yoast-schema-graph\">{\"@context\":\"https:\\\/\\\/schema.org\",\"@graph\":[{\"@type\":\"WebPage\",\"@id\":\"http:\\\/\\\/www.heliovolt.de\\\/wordpress\\\/kontaktaufnahme\\\/\",\"url\":\"http:\\\/\\\/www.heliovolt.de\\\/wordpress\\\/kontaktaufnahme\\\/\",\"name\":\"Kontaktaufnahme - HELIOVOLT\",\"isPartOf\":{\"@id\":\"http:\\\/\\\/www.heliovolt.de\\\/wordpress\\\/#website\"},\"datePublished\":\"2020-08-05T09:24:26+00:00\",\"dateModified\":\"2020-08-24T09:34:38+00:00\",\"inLanguage\":\"de\",\"potentialAction\":[{\"@type\":\"ReadAction\",\"target\":[\"http:\\\/\\\/www.heliovolt.de\\\/wordpress\\\/kontaktaufnahme\\\/\"]}]},{\"@type\":\"WebSite\",\"@id\":\"http:\\\/\\\/www.heliovolt.de\\\/wordpress\\\/#website\",\"url\":\"http:\\\/\\\/www.heliovolt.de\\\/wordpress\\\/\",\"name\":\"HELIOVOLT\",\"description\":\"Planungsb\u00fcro Erneuerbare Energie - Energiekonzepte\",\"publisher\":{\"@id\":\"http:\\\/\\\/www.heliovolt.de\\\/wordpress\\\/#organization\"},\"potentialAction\":[{\"@type\":\"SearchAction\",\"target\":{\"@type\":\"EntryPoint\",\"urlTemplate\":\"http:\\\/\\\/www.heliovolt.de\\\/wordpress\\\/?s={search_term_string}\"},\"query-input\":{\"@type\":\"PropertyValueSpecification\",\"valueRequired\":true,\"valueName\":\"search_term_string\"}}],\"inLanguage\":\"de\"},{\"@type\":\"Organization\",\"@id\":\"http:\\\/\\\/www.heliovolt.de\\\/wordpress\\\/#organization\",\"name\":\"HELIOVOLT Sarl\",\"url\":\"http:\\\/\\\/www.heliovolt.de\\\/wordpress\\\/\",\"logo\":{\"@type\":\"ImageObject\",\"inLanguage\":\"de\",\"@id\":\"http:\\\/\\\/www.heliovolt.de\\\/wordpress\\\/#\\\/schema\\\/logo\\\/image\\\/\",\"url\":\"http:\\\/\\\/www.heliovolt.de\\\/wordpress\\\/wp-content\\\/uploads\\\/2020\\\/03\\\/Heliovolt_Logo_transparent_D-scaled-1.png\",\"contentUrl\":\"http:\\\/\\\/www.heliovolt.de\\\/wordpress\\\/wp-content\\\/uploads\\\/2020\\\/03\\\/Heliovolt_Logo_transparent_D-scaled-1.png\",\"width\":2560,\"height\":853,\"caption\":\"HELIOVOLT Sarl\"},\"image\":{\"@id\":\"http:\\\/\\\/www.heliovolt.de\\\/wordpress\\\/#\\\/schema\\\/logo\\\/image\\\/\"}}]}<\/script>\n<!-- \/ Yoast SEO plugin. -->","yoast_head_json":{"title":"Kontaktaufnahme - HELIOVOLT","robots":{"index":"index","follow":"follow","max-snippet":"max-snippet:-1","max-image-preview":"max-image-preview:large","max-video-preview":"max-video-preview:-1"},"canonical":"http:\/\/www.heliovolt.de\/wordpress\/kontaktaufnahme\/","og_locale":"de_DE","og_type":"article","og_title":"Kontaktaufnahme - HELIOVOLT","og_url":"http:\/\/www.heliovolt.de\/wordpress\/kontaktaufnahme\/","og_site_name":"HELIOVOLT","article_modified_time":"2020-08-24T09:34:38+00:00","twitter_misc":{"Gesch\u00e4tzte Lesezeit":"1\u00a0Minute"},"schema":{"@context":"https:\/\/schema.org","@graph":[{"@type":"WebPage","@id":"http:\/\/www.heliovolt.de\/wordpress\/kontaktaufnahme\/","url":"http:\/\/www.heliovolt.de\/wordpress\/kontaktaufnahme\/","name":"Kontaktaufnahme - HELIOVOLT","isPartOf":{"@id":"http:\/\/www.heliovolt.de\/wordpress\/#website"},"datePublished":"2020-08-05T09:24:26+00:00","dateModified":"2020-08-24T09:34:38+00:00","inLanguage":"de","potentialAction":[{"@type":"ReadAction","target":["http:\/\/www.heliovolt.de\/wordpress\/kontaktaufnahme\/"]}]},{"@type":"WebSite","@id":"http:\/\/www.heliovolt.de\/wordpress\/#website","url":"http:\/\/www.heliovolt.de\/wordpress\/","name":"HELIOVOLT","description":"Planungsb\u00fcro Erneuerbare Energie - Energiekonzepte","publisher":{"@id":"http:\/\/www.heliovolt.de\/wordpress\/#organization"},"potentialAction":[{"@type":"SearchAction","target":{"@type":"EntryPoint","urlTemplate":"http:\/\/www.heliovolt.de\/wordpress\/?s={search_term_string}"},"query-input":{"@type":"PropertyValueSpecification","valueRequired":true,"valueName":"search_term_string"}}],"inLanguage":"de"},{"@type":"Organization","@id":"http:\/\/www.heliovolt.de\/wordpress\/#organization","name":"HELIOVOLT Sarl","url":"http:\/\/www.heliovolt.de\/wordpress\/","logo":{"@type":"ImageObject","inLanguage":"de","@id":"http:\/\/www.heliovolt.de\/wordpress\/#\/schema\/logo\/image\/","url":"http:\/\/www.heliovolt.de\/wordpress\/wp-content\/uploads\/2020\/03\/Heliovolt_Logo_transparent_D-scaled-1.png","contentUrl":"http:\/\/www.heliovolt.de\/wordpress\/wp-content\/uploads\/2020\/03\/Heliovolt_Logo_transparent_D-scaled-1.png","width":2560,"height":853,"caption":"HELIOVOLT Sarl"},"image":{"@id":"http:\/\/www.heliovolt.de\/wordpress\/#\/schema\/logo\/image\/"}}]}},"_links":{"self":[{"href":"http:\/\/www.heliovolt.de\/wordpress\/wp-json\/wp\/v2\/pages\/1323","targetHints":{"allow":["GET"]}}],"collection":[{"href":"http:\/\/www.heliovolt.de\/wordpress\/wp-json\/wp\/v2\/pages"}],"about":[{"href":"http:\/\/www.heliovolt.de\/wordpress\/wp-json\/wp\/v2\/types\/page"}],"author":[{"embeddable":true,"href":"http:\/\/www.heliovolt.de\/wordpress\/wp-json\/wp\/v2\/users\/1"}],"replies":[{"embeddable":true,"href":"http:\/\/www.heliovolt.de\/wordpress\/wp-json\/wp\/v2\/comments?post=1323"}],"version-history":[{"count":20,"href":"http:\/\/www.heliovolt.de\/wordpress\/wp-json\/wp\/v2\/pages\/1323\/revisions"}],"predecessor-version":[{"id":1448,"href":"http:\/\/www.heliovolt.de\/wordpress\/wp-json\/wp\/v2\/pages\/1323\/revisions\/1448"}],"wp:attachment":[{"href":"http:\/\/www.heliovolt.de\/wordpress\/wp-json\/wp\/v2\/media?parent=1323"}],"curies":[{"name":"wp","href":"https:\/\/api.w.org\/{rel}","templated":true}]}}