{"id":1339,"date":"2020-08-05T14:04:16","date_gmt":"2020-08-05T12:04:16","guid":{"rendered":"http:\/\/www.heliovolt.de\/wordpress\/?page_id=1339"},"modified":"2020-08-24T17:37:09","modified_gmt":"2020-08-24T15:37:09","slug":"oekologische-energie-konzepte","status":"publish","type":"page","link":"http:\/\/www.heliovolt.de\/wordpress\/oekologische-energie-konzepte\/","title":{"rendered":"\u00d6kologische Energie-Konzepte"},"content":{"rendered":"\t\t<div data-elementor-type=\"wp-page\" data-elementor-id=\"1339\" class=\"elementor elementor-1339\">\n\t\t\t\t\t\t<section class=\"elementor-section elementor-top-section elementor-element elementor-element-fdf4a82 elementor-section-boxed elementor-section-height-default elementor-section-height-default\" data-id=\"fdf4a82\" data-element_type=\"section\">\n\t\t\t\t\t\t<div class=\"elementor-container elementor-column-gap-default\">\n\t\t\t\t\t<div class=\"elementor-column elementor-col-100 elementor-top-column elementor-element elementor-element-cbc36c8\" data-id=\"cbc36c8\" data-element_type=\"column\">\n\t\t\t<div class=\"elementor-widget-wrap elementor-element-populated\">\n\t\t\t\t\t\t<div class=\"elementor-element elementor-element-636b50d elementor-widget elementor-widget-text-editor\" data-id=\"636b50d\" data-element_type=\"widget\" data-widget_type=\"text-editor.default\">\n\t\t\t\t<div class=\"elementor-widget-container\">\n\t\t\t\t\t\t\t<p><!--vcv no format--><\/p><h2><span style=\"color: #830000;\">sind<\/span><strong><span style=\"color: #830000;\"> <span style=\"color: #993300;\">&#8230;&#8230;&#8230;Solare Energie-Konzepte<\/span><\/span><\/strong><\/h2><div class=\"vce-row-container\"><p>\u00dcberzeugt von der Kraft und Ausdauer unserer Sonne erarbeitet HELIOVOLT seit 2002 Konzepte zur solaren Energie-Erzeugung, die den Kunden Vorteile bez\u00fcglich ihrer Versorgungssicherheit, ihrem Strompreis und damit verbundene Geld-Einsparung bringen. Oft wird dies gekoppelt an Energie-Einsparma\u00dfnahmen, daher hat man einen doppelten Nutzen.<\/p><p style=\"text-align: justify;\">HELIOVOLT hat also seinen Schwerpunkt auf der Konzept-Erarbeitung und dem Verkauf von Systemen zur sauberen Energiegewinnung.<\/p><p style=\"text-align: justify;\">Wir sind durchgehend auf der Suche nach <strong>innovativen <\/strong><strong>Konzepten und Produkten<\/strong>, um die verschiedensten Anforderungen unserer Kunden erf\u00fcllen zu k\u00f6nnen :<\/p><ul style=\"list-style-type: circle;\"><li style=\"text-align: justify;\"><strong>Unternehmen <\/strong><\/li><li style=\"text-align: justify;\"><strong>Landwirte <\/strong><\/li><li style=\"text-align: justify;\"><strong>industrielle und handwerkliche Betriebe <\/strong><\/li><li style=\"text-align: justify;\"><strong>Kommunen <\/strong><\/li><li style=\"text-align: justify;\"><strong>Privath<\/strong><strong>aushalte<\/strong><\/li><\/ul><h3><span style=\"color: #830000;\">Innovationen<\/span><\/h3><p>Innovative Produkte und Verfahren bilden einen Schwerpunkt unseres Interesses, da diese zur Weiterentwicklung bestehender Systeme und Anlagen dienen k\u00f6nnen sowie vielmals den Prim\u00e4renergie-Einsatz zur Herstellung von Modulen, Gestellen, Batterien und Elektronik reduzieren.<\/p><p>Unser Ziel ist dar\u00fcberhinaus der breite Einsatz von erneuerbaren Energien, insbesondere durch Dezentralisierung der Energie-Gewinnung, um eine wirkliche Energiewende weg vom fossilen Brennstoff und der Nuklearenergie zu erm\u00f6glichen.<\/p><p>Dazu liefert uns die Sonne eine mehr als ausreichende Prim\u00e4renergie, sauber und gratis, und unersch\u00f6pflich.<\/p><h3><span style=\"color: #993300;\">Produkte und Leistungen<\/span><\/h3><\/div><p style=\"text-align: left;\"><strong>Inselanlagen :<\/strong><\/p><p style=\"text-align: left;\">Zur solaren Versorgung von z.B. Pumpstationen. Telemetrie-Transmittern oder Beleuchtung. Wir berechnen Ihren Bedarf und stimmen die Anlage darauf ab. Dies kann im kleinen Rahmen bis hin zu mehreren kW gehen, mit der entsprechenden Batterie.<\/p><p style=\"text-align: left;\"><strong>Netzgekoppelte Anlagen zur Volleinspeisung:<\/strong><\/p><p style=\"text-align: left;\">Im EEG 1999 wurde die Netzeinspeisung von Solarstrom durch die Verpflichtung der Abnahme und der erh\u00f6hten Verg\u00fctung f\u00fcr Solarstrom gef\u00f6rdert, dies ist heute nicht mehr im gleichen Rahmen der Fall.<\/p><p style=\"text-align: left;\">Durch den gro\u00dfen Erfolg solarer Stromerzeugung sind die Preise f\u00fcr Systeme und Komponenten in einem raschen Tempo gesunken, mehr als man damals erwartet hatte. Daher wurde ein Deckel eingef\u00fchrt, der zum Gl\u00fcck im Jahre 2020 wieder entfernt wurde (Umsetzung durch Politik steht noch aus).<\/p><p style=\"text-align: left;\"><span style=\"color: #000080;\"><em><span style=\"font-size: 14pt;\"><strong>Daher: mit viel Elan wieder ran und Anlegen bauen !<\/strong><\/span><\/em><\/span><\/p><p style=\"text-align: left;\"><strong>Netzgekoppelte Anlagen zum Eigenverbrauch und zur Teileinspeisung:<\/strong><\/p><p style=\"text-align: left;\">Diese Anlagen werden auf den ben\u00f6tigten Strom eines Haushalts oder Gewerbebetriebs ausgelegt, die Optimierung erfolgt zum maximalen preislichen und energetischen Nutzen des Kunden. Wir dimensionnieren Batterie, Solargenerator, Wechselrichter und eventuelle Zusatzverbraucher zum Erreichen einer minimalen Einspeisung ins Stromnetz, da dieser Strom mittlerweile nicht mehr kostendeckend verg\u00fctet wird.<\/p><p style=\"text-align: left;\">Die Preistreiber in der Energiewende sind unrentable Kohlekraftwerke, Nuklearstrom ist in Deutschland zum Gl\u00fcck keine Alternative mehr, da auch zu teuer und zu viel Risiko, und die Frage der Endlagerung ist immer noch nicht gekl\u00e4rt. Daher wird auch in der Zukunft der Strompreis vom Netz ansteigen, als L\u00f6sung bietet sich Solarstrom an, eine mehr und mehr entwickelte Batteriespeichertechnik erm\u00f6glicht die Nutzung der gespeicherten Energie in sonnearmen Zeiten oder nachts. Hier ist noch ein gro\u00dfes Entwicklungspotential.<\/p><p style=\"text-align: left;\"><strong>Elektromobilit\u00e4t :<\/strong> Wir dimensionnieren Anlagen auf Carports und anderen Aufstellm\u00f6glichkeiten, die zur Gewinnung von Strom zur Ladung von Elektroautos und deren Batterien dienen. Auch hier ist wieder eine gut optimierte Anlage der Schl\u00fcssel zu maximaler Einsparung und minimalen Kosten.<\/p><p><!--vcv no format--><\/p>\t\t\t\t\t\t<\/div>\n\t\t\t\t<\/div>\n\t\t\t\t\t<\/div>\n\t\t<\/div>\n\t\t\t\t\t<\/div>\n\t\t<\/section>\n\t\t\t\t<section class=\"elementor-section elementor-top-section elementor-element elementor-element-8ee3fd5 elementor-section-boxed elementor-section-height-default elementor-section-height-default\" data-id=\"8ee3fd5\" data-element_type=\"section\">\n\t\t\t\t\t\t<div class=\"elementor-container elementor-column-gap-default\">\n\t\t\t\t\t<div class=\"elementor-column elementor-col-100 elementor-top-column elementor-element elementor-element-43a9005\" data-id=\"43a9005\" data-element_type=\"column\">\n\t\t\t<div class=\"elementor-widget-wrap elementor-element-populated\">\n\t\t\t\t\t\t<div class=\"elementor-element elementor-element-5a78f7d elementor-widget elementor-widget-text-editor\" data-id=\"5a78f7d\" data-element_type=\"widget\" data-widget_type=\"text-editor.default\">\n\t\t\t\t<div class=\"elementor-widget-container\">\n\t\t\t\t\t\t\t<p>LProdukte E-Mobilit\u00e4t<\/p>\t\t\t\t\t\t<\/div>\n\t\t\t\t<\/div>\n\t\t\t\t\t<\/div>\n\t\t<\/div>\n\t\t\t\t\t<\/div>\n\t\t<\/section>\n\t\t\t\t<\/div>\n\t\t","protected":false},"excerpt":{"rendered":"<p>sind &#8230;&#8230;&#8230;Solare Energie-Konzepte \u00dcberzeugt von der Kraft und Ausdauer unserer Sonne erarbeitet HELIOVOLT seit 2002 Konzepte zur solaren Energie-Erzeugung, die den Kunden [&hellip;]<\/p>\n","protected":false},"author":1,"featured_media":0,"parent":0,"menu_order":0,"comment_status":"closed","ping_status":"closed","template":"","meta":{"footnotes":""},"class_list":["post-1339","page","type-page","status-publish","hentry"],"yoast_head":"<!-- This site is optimized with the Yoast SEO plugin v27.4 - https:\/\/yoast.com\/product\/yoast-seo-wordpress\/ -->\n<title>\u00d6kologische Energie-Konzepte - HELIOVOLT<\/title>\n<meta name=\"robots\" content=\"index, follow, max-snippet:-1, max-image-preview:large, max-video-preview:-1\" \/>\n<link rel=\"canonical\" href=\"http:\/\/www.heliovolt.de\/wordpress\/oekologische-energie-konzepte\/\" \/>\n<meta property=\"og:locale\" content=\"de_DE\" \/>\n<meta property=\"og:type\" content=\"article\" \/>\n<meta property=\"og:title\" content=\"\u00d6kologische Energie-Konzepte - HELIOVOLT\" \/>\n<meta property=\"og:description\" content=\"sind &#8230;&#8230;&#8230;Solare Energie-Konzepte \u00dcberzeugt von der Kraft und Ausdauer unserer Sonne erarbeitet HELIOVOLT seit 2002 Konzepte zur solaren Energie-Erzeugung, die den Kunden [&hellip;]\" \/>\n<meta property=\"og:url\" content=\"http:\/\/www.heliovolt.de\/wordpress\/oekologische-energie-konzepte\/\" \/>\n<meta property=\"og:site_name\" content=\"HELIOVOLT\" \/>\n<meta property=\"article:modified_time\" content=\"2020-08-24T15:37:09+00:00\" \/>\n<meta name=\"twitter:label1\" content=\"Gesch\u00e4tzte Lesezeit\" \/>\n\t<meta name=\"twitter:data1\" content=\"2\u00a0Minuten\" \/>\n<script type=\"application\/ld+json\" class=\"yoast-schema-graph\">{\"@context\":\"https:\\\/\\\/schema.org\",\"@graph\":[{\"@type\":\"WebPage\",\"@id\":\"http:\\\/\\\/www.heliovolt.de\\\/wordpress\\\/oekologische-energie-konzepte\\\/\",\"url\":\"http:\\\/\\\/www.heliovolt.de\\\/wordpress\\\/oekologische-energie-konzepte\\\/\",\"name\":\"\u00d6kologische Energie-Konzepte - HELIOVOLT\",\"isPartOf\":{\"@id\":\"http:\\\/\\\/www.heliovolt.de\\\/wordpress\\\/#website\"},\"datePublished\":\"2020-08-05T12:04:16+00:00\",\"dateModified\":\"2020-08-24T15:37:09+00:00\",\"inLanguage\":\"de\",\"potentialAction\":[{\"@type\":\"ReadAction\",\"target\":[\"http:\\\/\\\/www.heliovolt.de\\\/wordpress\\\/oekologische-energie-konzepte\\\/\"]}]},{\"@type\":\"WebSite\",\"@id\":\"http:\\\/\\\/www.heliovolt.de\\\/wordpress\\\/#website\",\"url\":\"http:\\\/\\\/www.heliovolt.de\\\/wordpress\\\/\",\"name\":\"HELIOVOLT\",\"description\":\"Planungsb\u00fcro Erneuerbare Energie - Energiekonzepte\",\"publisher\":{\"@id\":\"http:\\\/\\\/www.heliovolt.de\\\/wordpress\\\/#organization\"},\"potentialAction\":[{\"@type\":\"SearchAction\",\"target\":{\"@type\":\"EntryPoint\",\"urlTemplate\":\"http:\\\/\\\/www.heliovolt.de\\\/wordpress\\\/?s={search_term_string}\"},\"query-input\":{\"@type\":\"PropertyValueSpecification\",\"valueRequired\":true,\"valueName\":\"search_term_string\"}}],\"inLanguage\":\"de\"},{\"@type\":\"Organization\",\"@id\":\"http:\\\/\\\/www.heliovolt.de\\\/wordpress\\\/#organization\",\"name\":\"HELIOVOLT Sarl\",\"url\":\"http:\\\/\\\/www.heliovolt.de\\\/wordpress\\\/\",\"logo\":{\"@type\":\"ImageObject\",\"inLanguage\":\"de\",\"@id\":\"http:\\\/\\\/www.heliovolt.de\\\/wordpress\\\/#\\\/schema\\\/logo\\\/image\\\/\",\"url\":\"http:\\\/\\\/www.heliovolt.de\\\/wordpress\\\/wp-content\\\/uploads\\\/2020\\\/03\\\/Heliovolt_Logo_transparent_D-scaled-1.png\",\"contentUrl\":\"http:\\\/\\\/www.heliovolt.de\\\/wordpress\\\/wp-content\\\/uploads\\\/2020\\\/03\\\/Heliovolt_Logo_transparent_D-scaled-1.png\",\"width\":2560,\"height\":853,\"caption\":\"HELIOVOLT Sarl\"},\"image\":{\"@id\":\"http:\\\/\\\/www.heliovolt.de\\\/wordpress\\\/#\\\/schema\\\/logo\\\/image\\\/\"}}]}<\/script>\n<!-- \/ Yoast SEO plugin. -->","yoast_head_json":{"title":"\u00d6kologische Energie-Konzepte - HELIOVOLT","robots":{"index":"index","follow":"follow","max-snippet":"max-snippet:-1","max-image-preview":"max-image-preview:large","max-video-preview":"max-video-preview:-1"},"canonical":"http:\/\/www.heliovolt.de\/wordpress\/oekologische-energie-konzepte\/","og_locale":"de_DE","og_type":"article","og_title":"\u00d6kologische Energie-Konzepte - HELIOVOLT","og_description":"sind &#8230;&#8230;&#8230;Solare Energie-Konzepte \u00dcberzeugt von der Kraft und Ausdauer unserer Sonne erarbeitet HELIOVOLT seit 2002 Konzepte zur solaren Energie-Erzeugung, die den Kunden [&hellip;]","og_url":"http:\/\/www.heliovolt.de\/wordpress\/oekologische-energie-konzepte\/","og_site_name":"HELIOVOLT","article_modified_time":"2020-08-24T15:37:09+00:00","twitter_misc":{"Gesch\u00e4tzte Lesezeit":"2\u00a0Minuten"},"schema":{"@context":"https:\/\/schema.org","@graph":[{"@type":"WebPage","@id":"http:\/\/www.heliovolt.de\/wordpress\/oekologische-energie-konzepte\/","url":"http:\/\/www.heliovolt.de\/wordpress\/oekologische-energie-konzepte\/","name":"\u00d6kologische Energie-Konzepte - HELIOVOLT","isPartOf":{"@id":"http:\/\/www.heliovolt.de\/wordpress\/#website"},"datePublished":"2020-08-05T12:04:16+00:00","dateModified":"2020-08-24T15:37:09+00:00","inLanguage":"de","potentialAction":[{"@type":"ReadAction","target":["http:\/\/www.heliovolt.de\/wordpress\/oekologische-energie-konzepte\/"]}]},{"@type":"WebSite","@id":"http:\/\/www.heliovolt.de\/wordpress\/#website","url":"http:\/\/www.heliovolt.de\/wordpress\/","name":"HELIOVOLT","description":"Planungsb\u00fcro Erneuerbare Energie - Energiekonzepte","publisher":{"@id":"http:\/\/www.heliovolt.de\/wordpress\/#organization"},"potentialAction":[{"@type":"SearchAction","target":{"@type":"EntryPoint","urlTemplate":"http:\/\/www.heliovolt.de\/wordpress\/?s={search_term_string}"},"query-input":{"@type":"PropertyValueSpecification","valueRequired":true,"valueName":"search_term_string"}}],"inLanguage":"de"},{"@type":"Organization","@id":"http:\/\/www.heliovolt.de\/wordpress\/#organization","name":"HELIOVOLT Sarl","url":"http:\/\/www.heliovolt.de\/wordpress\/","logo":{"@type":"ImageObject","inLanguage":"de","@id":"http:\/\/www.heliovolt.de\/wordpress\/#\/schema\/logo\/image\/","url":"http:\/\/www.heliovolt.de\/wordpress\/wp-content\/uploads\/2020\/03\/Heliovolt_Logo_transparent_D-scaled-1.png","contentUrl":"http:\/\/www.heliovolt.de\/wordpress\/wp-content\/uploads\/2020\/03\/Heliovolt_Logo_transparent_D-scaled-1.png","width":2560,"height":853,"caption":"HELIOVOLT Sarl"},"image":{"@id":"http:\/\/www.heliovolt.de\/wordpress\/#\/schema\/logo\/image\/"}}]}},"_links":{"self":[{"href":"http:\/\/www.heliovolt.de\/wordpress\/wp-json\/wp\/v2\/pages\/1339","targetHints":{"allow":["GET"]}}],"collection":[{"href":"http:\/\/www.heliovolt.de\/wordpress\/wp-json\/wp\/v2\/pages"}],"about":[{"href":"http:\/\/www.heliovolt.de\/wordpress\/wp-json\/wp\/v2\/types\/page"}],"author":[{"embeddable":true,"href":"http:\/\/www.heliovolt.de\/wordpress\/wp-json\/wp\/v2\/users\/1"}],"replies":[{"embeddable":true,"href":"http:\/\/www.heliovolt.de\/wordpress\/wp-json\/wp\/v2\/comments?post=1339"}],"version-history":[{"count":7,"href":"http:\/\/www.heliovolt.de\/wordpress\/wp-json\/wp\/v2\/pages\/1339\/revisions"}],"predecessor-version":[{"id":1461,"href":"http:\/\/www.heliovolt.de\/wordpress\/wp-json\/wp\/v2\/pages\/1339\/revisions\/1461"}],"wp:attachment":[{"href":"http:\/\/www.heliovolt.de\/wordpress\/wp-json\/wp\/v2\/media?parent=1339"}],"curies":[{"name":"wp","href":"https:\/\/api.w.org\/{rel}","templated":true}]}}