{"id":1349,"date":"2020-08-06T10:54:29","date_gmt":"2020-08-06T08:54:29","guid":{"rendered":"http:\/\/www.heliovolt.de\/wordpress\/?page_id=1349"},"modified":"2020-09-08T15:56:53","modified_gmt":"2020-09-08T13:56:53","slug":"solar-engineering","status":"publish","type":"page","link":"http:\/\/www.heliovolt.de\/wordpress\/solar-engineering\/","title":{"rendered":"Solar-Engineering"},"content":{"rendered":"\t\t<div data-elementor-type=\"wp-page\" data-elementor-id=\"1349\" class=\"elementor elementor-1349\">\n\t\t\t\t\t\t<section class=\"elementor-section elementor-top-section elementor-element elementor-element-2397123 elementor-section-boxed elementor-section-height-default elementor-section-height-default\" data-id=\"2397123\" data-element_type=\"section\">\n\t\t\t\t\t\t<div class=\"elementor-container elementor-column-gap-default\">\n\t\t\t\t\t<div class=\"elementor-column elementor-col-33 elementor-top-column elementor-element elementor-element-61ec590\" data-id=\"61ec590\" data-element_type=\"column\">\n\t\t\t<div class=\"elementor-widget-wrap elementor-element-populated\">\n\t\t\t\t\t\t<div class=\"elementor-element elementor-element-f6948f9 elementor-widget elementor-widget-text-editor\" data-id=\"f6948f9\" data-element_type=\"widget\" data-widget_type=\"text-editor.default\">\n\t\t\t\t<div class=\"elementor-widget-container\">\n\t\t\t\t\t\t\t<h4><span style=\"color: #000080;\">Leistungen und Produkte zur Energie-Erzeugung aus Sonnenenergie<\/span><\/h4>\t\t\t\t\t\t<\/div>\n\t\t\t\t<\/div>\n\t\t\t\t\t<\/div>\n\t\t<\/div>\n\t\t\t\t<div class=\"elementor-column elementor-col-33 elementor-top-column elementor-element elementor-element-ebe9f4e\" data-id=\"ebe9f4e\" data-element_type=\"column\">\n\t\t\t<div class=\"elementor-widget-wrap\">\n\t\t\t\t\t\t\t<\/div>\n\t\t<\/div>\n\t\t\t\t<div class=\"elementor-column elementor-col-33 elementor-top-column elementor-element elementor-element-02d4aab\" data-id=\"02d4aab\" data-element_type=\"column\">\n\t\t\t<div class=\"elementor-widget-wrap elementor-element-populated\">\n\t\t\t\t\t\t<div class=\"elementor-element elementor-element-4307d6b elementor-widget elementor-widget-text-editor\" data-id=\"4307d6b\" data-element_type=\"widget\" data-widget_type=\"text-editor.default\">\n\t\t\t\t<div class=\"elementor-widget-container\">\n\t\t\t\t\t\t\t<h4><span style=\"color: #000080;\">Individuell auf Ihre Bed\u00fcrfnisse zugeschnitten<\/span><\/h4>\t\t\t\t\t\t<\/div>\n\t\t\t\t<\/div>\n\t\t\t\t\t<\/div>\n\t\t<\/div>\n\t\t\t\t\t<\/div>\n\t\t<\/section>\n\t\t\t\t<section class=\"elementor-section elementor-top-section elementor-element elementor-element-b11b679 elementor-section-boxed elementor-section-height-default elementor-section-height-default\" data-id=\"b11b679\" data-element_type=\"section\">\n\t\t\t\t\t\t<div class=\"elementor-container elementor-column-gap-default\">\n\t\t\t\t\t<div class=\"elementor-column elementor-col-100 elementor-top-column elementor-element elementor-element-4ff34a5\" data-id=\"4ff34a5\" data-element_type=\"column\">\n\t\t\t<div class=\"elementor-widget-wrap elementor-element-populated\">\n\t\t\t\t\t\t<div class=\"elementor-element elementor-element-5753b15 elementor-widget elementor-widget-text-editor\" data-id=\"5753b15\" data-element_type=\"widget\" data-widget_type=\"text-editor.default\">\n\t\t\t\t<div class=\"elementor-widget-container\">\n\t\t\t\t\t\t\t<h5>Wir bieten Ihnen komplette L\u00f6sungen mit Dimensionnierung, Kaufberatung, Solarmodulen, Wechselrichtern, Reglern, Batterien, Managementsysteme, Systemschulung\u00a0 etc. \u00a0 je nach Ihrem Bedarf\u2026..<\/h5>\t\t\t\t\t\t<\/div>\n\t\t\t\t<\/div>\n\t\t\t\t\t<\/div>\n\t\t<\/div>\n\t\t\t\t\t<\/div>\n\t\t<\/section>\n\t\t\t\t<section class=\"elementor-section elementor-top-section elementor-element elementor-element-24a5dc6 elementor-section-boxed elementor-section-height-default elementor-section-height-default\" data-id=\"24a5dc6\" data-element_type=\"section\">\n\t\t\t\t\t\t<div class=\"elementor-container elementor-column-gap-default\">\n\t\t\t\t\t<div class=\"elementor-column elementor-col-50 elementor-top-column elementor-element elementor-element-b690fea\" data-id=\"b690fea\" data-element_type=\"column\">\n\t\t\t<div class=\"elementor-widget-wrap elementor-element-populated\">\n\t\t\t\t\t\t<div class=\"elementor-element elementor-element-fc843b1 elementor-widget elementor-widget-text-editor\" data-id=\"fc843b1\" data-element_type=\"widget\" data-widget_type=\"text-editor.default\">\n\t\t\t\t<div class=\"elementor-widget-container\">\n\t\t\t\t\t\t\t<p><strong>Kurven Verbrauch und Erzeugung :<\/strong><\/p>\t\t\t\t\t\t<\/div>\n\t\t\t\t<\/div>\n\t\t\t\t<div class=\"elementor-element elementor-element-bf11424 elementor-widget elementor-widget-image\" data-id=\"bf11424\" data-element_type=\"widget\" data-widget_type=\"image.default\">\n\t\t\t\t<div class=\"elementor-widget-container\">\n\t\t\t\t\t\t\t\t\t\t\t\t\t<img fetchpriority=\"high\" decoding=\"async\" width=\"554\" height=\"588\" src=\"http:\/\/www.heliovolt.de\/wordpress\/wp-content\/uploads\/2020\/08\/Sunny-Portal-Info-Report-Schirrhoffen-2020-03-03.png\" class=\"attachment-large size-large wp-image-1433\" alt=\"\" srcset=\"http:\/\/www.heliovolt.de\/wordpress\/wp-content\/uploads\/2020\/08\/Sunny-Portal-Info-Report-Schirrhoffen-2020-03-03.png 554w, http:\/\/www.heliovolt.de\/wordpress\/wp-content\/uploads\/2020\/08\/Sunny-Portal-Info-Report-Schirrhoffen-2020-03-03-283x300.png 283w, http:\/\/www.heliovolt.de\/wordpress\/wp-content\/uploads\/2020\/08\/Sunny-Portal-Info-Report-Schirrhoffen-2020-03-03-230x244.png 230w, http:\/\/www.heliovolt.de\/wordpress\/wp-content\/uploads\/2020\/08\/Sunny-Portal-Info-Report-Schirrhoffen-2020-03-03-350x371.png 350w, http:\/\/www.heliovolt.de\/wordpress\/wp-content\/uploads\/2020\/08\/Sunny-Portal-Info-Report-Schirrhoffen-2020-03-03-480x509.png 480w\" sizes=\"(max-width: 554px) 100vw, 554px\" \/>\t\t\t\t\t\t\t\t\t\t\t\t\t<\/div>\n\t\t\t\t<\/div>\n\t\t\t\t\t<\/div>\n\t\t<\/div>\n\t\t\t\t<div class=\"elementor-column elementor-col-50 elementor-top-column elementor-element elementor-element-bf252c0\" data-id=\"bf252c0\" data-element_type=\"column\">\n\t\t\t<div class=\"elementor-widget-wrap elementor-element-populated\">\n\t\t\t\t\t\t<div class=\"elementor-element elementor-element-a26b348 elementor-widget elementor-widget-text-editor\" data-id=\"a26b348\" data-element_type=\"widget\" data-widget_type=\"text-editor.default\">\n\t\t\t\t<div class=\"elementor-widget-container\">\n\t\t\t\t\t\t\t<p><strong>Der Verbrauch:<\/strong><\/p><p>hier in der oberen Kurve in rot zu sehen, um 11h00 wurde unser Elektrofahrzeug eingesteckt, Ladung mit 3 kW an der Steckdose. Voll dann gegen 15h00.<\/p><p>Nachts die Grundlast bei etwa 300 W<\/p><p><strong>Erzeugung:<\/strong><\/p><p>Hier wird ein Tag im M\u00e4rz 2020 betrachtet, solare Einstrahlung noch nicht so stark. Dennoch wird ab etwa 8h00 nennenswert Strom erzeugt, mit Eigenverbrauchsquote von 100 % und Deckung des Bedarfs zu etwa 40%. Dies wird im Sommer mehr werden bis hin zur \u00dcberdeckung und Einspeisung ins Stromnetz. Weitere Kurven hier..<\/p>\t\t\t\t\t\t<\/div>\n\t\t\t\t<\/div>\n\t\t\t\t\t<\/div>\n\t\t<\/div>\n\t\t\t\t\t<\/div>\n\t\t<\/section>\n\t\t\t\t<section class=\"elementor-section elementor-top-section elementor-element elementor-element-1c74d83 elementor-section-boxed elementor-section-height-default elementor-section-height-default\" data-id=\"1c74d83\" data-element_type=\"section\">\n\t\t\t\t\t\t<div class=\"elementor-container elementor-column-gap-default\">\n\t\t\t\t\t<div class=\"elementor-column elementor-col-100 elementor-top-column elementor-element elementor-element-8deee3c\" data-id=\"8deee3c\" data-element_type=\"column\">\n\t\t\t<div class=\"elementor-widget-wrap elementor-element-populated\">\n\t\t\t\t\t\t<div class=\"elementor-element elementor-element-f2fba48 elementor-widget elementor-widget-accordion\" data-id=\"f2fba48\" data-element_type=\"widget\" data-widget_type=\"accordion.default\">\n\t\t\t\t<div class=\"elementor-widget-container\">\n\t\t\t\t\t<div class=\"elementor-accordion\">\n\t\t\t\t\t\t\t<div class=\"elementor-accordion-item\">\n\t\t\t\t\t<div id=\"elementor-tab-title-2541\" class=\"elementor-tab-title\" data-tab=\"1\" role=\"button\" aria-controls=\"elementor-tab-content-2541\" aria-expanded=\"false\">\n\t\t\t\t\t\t\t\t\t\t\t\t\t<span class=\"elementor-accordion-icon elementor-accordion-icon-left\" aria-hidden=\"true\">\n\t\t\t\t\t\t\t\t\t\t\t\t\t\t\t<span class=\"elementor-accordion-icon-closed\"><i class=\"fas fa-plus\"><\/i><\/span>\n\t\t\t\t\t\t\t\t<span class=\"elementor-accordion-icon-opened\"><i class=\"fas fa-minus\"><\/i><\/span>\n\t\t\t\t\t\t\t\t\t\t\t\t\t\t<\/span>\n\t\t\t\t\t\t\t\t\t\t\t\t<a class=\"elementor-accordion-title\" tabindex=\"0\">Ihr Energie-Verbrauch<\/a>\n\t\t\t\t\t<\/div>\n\t\t\t\t\t<div id=\"elementor-tab-content-2541\" class=\"elementor-tab-content elementor-clearfix\" data-tab=\"1\" role=\"region\" aria-labelledby=\"elementor-tab-title-2541\"><p>Im Gespr\u00e4ch mit Ihnen werden Ihre Verbrauchswerte und Gewohnheiten in tabellarischer Form festgehalten, zur sp\u00e4teren Auswertung mit einem Simulationsprogramm. Dazu erfragen wir von Ihnen die betroffenen Verbraucher, deren Anschlu\u00dfwerte und die Zeiten in denen der Verbraucher aktiv ist. Dabei sind sowohl die t\u00e4glichen Angaben wichtig, als auch die Daten \u00fcber die Wochen und Monate gesehen bis hin zur j\u00e4hrlichen Verbrauchsdatenkurve. Anhand dieser daten kann auch schon ein eventuell zu hoher verbrauch festgestellt werden, und Ma\u00dfnahmen dagegen initiiert. Zur Aufnahme der Verbrauchsdaten kann auch ein elektronischer Z\u00e4hler dienen, den wir Ihnen gegen geringe Geb\u00fchr gerne installieren. Dies ist nat\u00fcrlich dann noch genauer. Der Z\u00e4hler kann sp\u00e4ter zur Strom-Daten-Erfassung weiterbenutzt werden.<br \/><\/p><\/div>\n\t\t\t\t<\/div>\n\t\t\t\t\t\t\t<div class=\"elementor-accordion-item\">\n\t\t\t\t\t<div id=\"elementor-tab-title-2542\" class=\"elementor-tab-title\" data-tab=\"2\" role=\"button\" aria-controls=\"elementor-tab-content-2542\" aria-expanded=\"false\">\n\t\t\t\t\t\t\t\t\t\t\t\t\t<span class=\"elementor-accordion-icon elementor-accordion-icon-left\" aria-hidden=\"true\">\n\t\t\t\t\t\t\t\t\t\t\t\t\t\t\t<span class=\"elementor-accordion-icon-closed\"><i class=\"fas fa-plus\"><\/i><\/span>\n\t\t\t\t\t\t\t\t<span class=\"elementor-accordion-icon-opened\"><i class=\"fas fa-minus\"><\/i><\/span>\n\t\t\t\t\t\t\t\t\t\t\t\t\t\t<\/span>\n\t\t\t\t\t\t\t\t\t\t\t\t<a class=\"elementor-accordion-title\" tabindex=\"0\">Installationsm\u00f6glichkeiten<\/a>\n\t\t\t\t\t<\/div>\n\t\t\t\t\t<div id=\"elementor-tab-content-2542\" class=\"elementor-tab-content elementor-clearfix\" data-tab=\"2\" role=\"region\" aria-labelledby=\"elementor-tab-title-2542\"><p>Durch Angabe Ihrer Adresse ist es uns m\u00f6glich, die eventuell f\u00fcr eine Photovoltaik-Anlage oder Solarthermie zur Verf\u00fcgung stehenden Fl\u00e4chen zu betrachten, normalerweise erst mal per Satelitenphotografie im Internet, aber auch gerne anl\u00e4\u00dflich eines Besuchs bei Ihnen pers\u00f6nlich. Dabei kann auch die Struktur und Ma\u00dfe der Dachdeckung aufgenommen werden (Dachziegel-Ma\u00dfe und Typ) sowie weitere details zur verkabelung, Z\u00e4hlerschrank, Platzbedarf f\u00fcr Wechselrichter und Batterie etc.<\/p><\/div>\n\t\t\t\t<\/div>\n\t\t\t\t\t\t\t<div class=\"elementor-accordion-item\">\n\t\t\t\t\t<div id=\"elementor-tab-title-2543\" class=\"elementor-tab-title\" data-tab=\"3\" role=\"button\" aria-controls=\"elementor-tab-content-2543\" aria-expanded=\"false\">\n\t\t\t\t\t\t\t\t\t\t\t\t\t<span class=\"elementor-accordion-icon elementor-accordion-icon-left\" aria-hidden=\"true\">\n\t\t\t\t\t\t\t\t\t\t\t\t\t\t\t<span class=\"elementor-accordion-icon-closed\"><i class=\"fas fa-plus\"><\/i><\/span>\n\t\t\t\t\t\t\t\t<span class=\"elementor-accordion-icon-opened\"><i class=\"fas fa-minus\"><\/i><\/span>\n\t\t\t\t\t\t\t\t\t\t\t\t\t\t<\/span>\n\t\t\t\t\t\t\t\t\t\t\t\t<a class=\"elementor-accordion-title\" tabindex=\"0\">Berechnung der installierbaren Leistung<\/a>\n\t\t\t\t\t<\/div>\n\t\t\t\t\t<div id=\"elementor-tab-content-2543\" class=\"elementor-tab-content elementor-clearfix\" data-tab=\"3\" role=\"region\" aria-labelledby=\"elementor-tab-title-2543\"><p>Mit den aus Dachneigung und Orientierung und dne Dachma\u00dfen gewonnenen Werte wird eine maximale Leistung festgelegt, auch in Abh\u00e4ngigkeit Ihres Budgets und der gew\u00fcnschten Art der PV-Module (dachintegriert, H\u00f6chstleistungsmodule, total schwarz oder Standard)<\/p><\/div>\n\t\t\t\t<\/div>\n\t\t\t\t\t\t\t<div class=\"elementor-accordion-item\">\n\t\t\t\t\t<div id=\"elementor-tab-title-2544\" class=\"elementor-tab-title\" data-tab=\"4\" role=\"button\" aria-controls=\"elementor-tab-content-2544\" aria-expanded=\"false\">\n\t\t\t\t\t\t\t\t\t\t\t\t\t<span class=\"elementor-accordion-icon elementor-accordion-icon-left\" aria-hidden=\"true\">\n\t\t\t\t\t\t\t\t\t\t\t\t\t\t\t<span class=\"elementor-accordion-icon-closed\"><i class=\"fas fa-plus\"><\/i><\/span>\n\t\t\t\t\t\t\t\t<span class=\"elementor-accordion-icon-opened\"><i class=\"fas fa-minus\"><\/i><\/span>\n\t\t\t\t\t\t\t\t\t\t\t\t\t\t<\/span>\n\t\t\t\t\t\t\t\t\t\t\t\t<a class=\"elementor-accordion-title\" tabindex=\"0\">Abgleich mit Ihren Verbrauchsdaten<\/a>\n\t\t\t\t\t<\/div>\n\t\t\t\t\t<div id=\"elementor-tab-content-2544\" class=\"elementor-tab-content elementor-clearfix\" data-tab=\"4\" role=\"region\" aria-labelledby=\"elementor-tab-title-2544\"><p>Per Simulationsprogramm werden die Leistung der zuk\u00fcnftigen Anlage mit Ihrem Verbrauchsprofil abgeglichen, eine maximale Deckung gefunden, und so die Anzahl der Module, die Anzahl der batterieelemente sowie alle anderen Komponenten bestimmt.<\/p><\/div>\n\t\t\t\t<\/div>\n\t\t\t\t\t\t\t<div class=\"elementor-accordion-item\">\n\t\t\t\t\t<div id=\"elementor-tab-title-2545\" class=\"elementor-tab-title\" data-tab=\"5\" role=\"button\" aria-controls=\"elementor-tab-content-2545\" aria-expanded=\"false\">\n\t\t\t\t\t\t\t\t\t\t\t\t\t<span class=\"elementor-accordion-icon elementor-accordion-icon-left\" aria-hidden=\"true\">\n\t\t\t\t\t\t\t\t\t\t\t\t\t\t\t<span class=\"elementor-accordion-icon-closed\"><i class=\"fas fa-plus\"><\/i><\/span>\n\t\t\t\t\t\t\t\t<span class=\"elementor-accordion-icon-opened\"><i class=\"fas fa-minus\"><\/i><\/span>\n\t\t\t\t\t\t\t\t\t\t\t\t\t\t<\/span>\n\t\t\t\t\t\t\t\t\t\t\t\t<a class=\"elementor-accordion-title\" tabindex=\"0\">Ausarbeitung Angebot<\/a>\n\t\t\t\t\t<\/div>\n\t\t\t\t\t<div id=\"elementor-tab-content-2545\" class=\"elementor-tab-content elementor-clearfix\" data-tab=\"5\" role=\"region\" aria-labelledby=\"elementor-tab-title-2545\"><p>Die jetzt im Vorfeld erhaltenen Berechnungen ergeben schlie\u00dflich den Preis der Anlage, inklusive der Installation durch einen Fachbetrieb. Auch dabei gibt es signifikante Qualit\u00e4tsunterschiede, daher sollten Sie sich von uns beraten lassen. Wir schicken Ihnen einen kompetenten Installateur. <\/p><\/div>\n\t\t\t\t<\/div>\n\t\t\t\t\t\t\t<div class=\"elementor-accordion-item\">\n\t\t\t\t\t<div id=\"elementor-tab-title-2546\" class=\"elementor-tab-title\" data-tab=\"6\" role=\"button\" aria-controls=\"elementor-tab-content-2546\" aria-expanded=\"false\">\n\t\t\t\t\t\t\t\t\t\t\t\t\t<span class=\"elementor-accordion-icon elementor-accordion-icon-left\" aria-hidden=\"true\">\n\t\t\t\t\t\t\t\t\t\t\t\t\t\t\t<span class=\"elementor-accordion-icon-closed\"><i class=\"fas fa-plus\"><\/i><\/span>\n\t\t\t\t\t\t\t\t<span class=\"elementor-accordion-icon-opened\"><i class=\"fas fa-minus\"><\/i><\/span>\n\t\t\t\t\t\t\t\t\t\t\t\t\t\t<\/span>\n\t\t\t\t\t\t\t\t\t\t\t\t<a class=\"elementor-accordion-title\" tabindex=\"0\">Realisierung, auch in Eigenregie<\/a>\n\t\t\t\t\t<\/div>\n\t\t\t\t\t<div id=\"elementor-tab-content-2546\" class=\"elementor-tab-content elementor-clearfix\" data-tab=\"6\" role=\"region\" aria-labelledby=\"elementor-tab-title-2546\"><p>Aber Sie haben auch die M\u00f6glichkeit, in Eigenleistung die Anlage<br \/>aufzubauen, wir stehen mit Rat und Tat zur Verf\u00fcgung, die<br \/>Dimensionnierung der Komponenten und deren Lieferung wird gerne von uns<br \/>\u00fcbernommen. Auch Schulung im Aufbau der Unterkonstruktion, Schaltpl\u00e4ne zum Anschlu\u00df der Anlage, tabellarische Produktions -und Verbrauchskontrolle, sowie Fehlersuche geh\u00f6ren zu unseren Leistungen. Nach 20 Jahren im Solarbereich haben wir eine gro\u00dfe Erfahrung mit fast allen Systemen.<\/p><p><a href=\"http:\/\/www.heliovolt.de\/wordpress\/kontaktaufnahme\/\" target=\"_blank\" rel=\"noopener\">Fragen Sie uns gerne per Kontaktformular an:<\/a><\/p><\/div>\n\t\t\t\t<\/div>\n\t\t\t\t\t\t\t<div class=\"elementor-accordion-item\">\n\t\t\t\t\t<div id=\"elementor-tab-title-2547\" class=\"elementor-tab-title\" data-tab=\"7\" role=\"button\" aria-controls=\"elementor-tab-content-2547\" aria-expanded=\"false\">\n\t\t\t\t\t\t\t\t\t\t\t\t\t<span class=\"elementor-accordion-icon elementor-accordion-icon-left\" aria-hidden=\"true\">\n\t\t\t\t\t\t\t\t\t\t\t\t\t\t\t<span class=\"elementor-accordion-icon-closed\"><i class=\"fas fa-plus\"><\/i><\/span>\n\t\t\t\t\t\t\t\t<span class=\"elementor-accordion-icon-opened\"><i class=\"fas fa-minus\"><\/i><\/span>\n\t\t\t\t\t\t\t\t\t\t\t\t\t\t<\/span>\n\t\t\t\t\t\t\t\t\t\t\t\t<a class=\"elementor-accordion-title\" tabindex=\"0\">Betrieb der Anlage<\/a>\n\t\t\t\t\t<\/div>\n\t\t\t\t\t<div id=\"elementor-tab-content-2547\" class=\"elementor-tab-content elementor-clearfix\" data-tab=\"7\" role=\"region\" aria-labelledby=\"elementor-tab-title-2547\"><p>Nach Inbetriebsetzung und Anmeldung der Anlage stehen wir nat\u00fcrlich f\u00fcr weitere Info und Leistungen zur Verf\u00fcgung. Wir k\u00f6nnen Ihren Server betreuen, uns um die \u00dcberwachung der Anlage k\u00fcmmern, Ihnen Verst\u00e4ndnisprobleme bei Software und Hardware erl\u00e4utern, kurz : bei Ihren Problemen eine L\u00f6sung finden.<\/p><p><a href=\"http:\/\/www.heliovolt.de\/wordpress\/kontaktaufnahme\/\" target=\"_blank\" rel=\"noopener\">Fragen Sie uns gerne per Kontaktformular an:<\/a><\/p><\/div>\n\t\t\t\t<\/div>\n\t\t\t\t\t\t\t\t<\/div>\n\t\t\t\t<\/div>\n\t\t\t\t<\/div>\n\t\t\t\t\t<\/div>\n\t\t<\/div>\n\t\t\t\t\t<\/div>\n\t\t<\/section>\n\t\t\t\t<\/div>\n\t\t","protected":false},"excerpt":{"rendered":"<p>Leistungen und Produkte zur Energie-Erzeugung aus Sonnenenergie Individuell auf Ihre Bed\u00fcrfnisse zugeschnitten Wir bieten Ihnen komplette L\u00f6sungen mit Dimensionnierung, Kaufberatung, Solarmodulen, Wechselrichtern, [&hellip;]<\/p>\n","protected":false},"author":1,"featured_media":0,"parent":0,"menu_order":0,"comment_status":"closed","ping_status":"closed","template":"","meta":{"footnotes":""},"class_list":["post-1349","page","type-page","status-publish","hentry"],"yoast_head":"<!-- This site is optimized with the Yoast SEO plugin v27.4 - https:\/\/yoast.com\/product\/yoast-seo-wordpress\/ -->\n<title>Solar-Engineering - HELIOVOLT<\/title>\n<meta name=\"robots\" content=\"index, follow, max-snippet:-1, max-image-preview:large, max-video-preview:-1\" \/>\n<link rel=\"canonical\" href=\"http:\/\/www.heliovolt.de\/wordpress\/solar-engineering\/\" \/>\n<meta property=\"og:locale\" content=\"de_DE\" \/>\n<meta property=\"og:type\" content=\"article\" \/>\n<meta property=\"og:title\" content=\"Solar-Engineering - HELIOVOLT\" \/>\n<meta property=\"og:description\" content=\"Leistungen und Produkte zur Energie-Erzeugung aus Sonnenenergie Individuell auf Ihre Bed\u00fcrfnisse zugeschnitten Wir bieten Ihnen komplette L\u00f6sungen mit Dimensionnierung, Kaufberatung, Solarmodulen, Wechselrichtern, [&hellip;]\" \/>\n<meta property=\"og:url\" content=\"http:\/\/www.heliovolt.de\/wordpress\/solar-engineering\/\" \/>\n<meta property=\"og:site_name\" content=\"HELIOVOLT\" \/>\n<meta property=\"article:modified_time\" content=\"2020-09-08T13:56:53+00:00\" \/>\n<meta property=\"og:image\" content=\"http:\/\/www.heliovolt.de\/wordpress\/wp-content\/uploads\/2020\/08\/Sunny-Portal-Info-Report-Schirrhoffen-2020-03-03.png\" \/>\n<meta name=\"twitter:label1\" content=\"Gesch\u00e4tzte Lesezeit\" \/>\n\t<meta name=\"twitter:data1\" content=\"3\u00a0Minuten\" \/>\n<script type=\"application\/ld+json\" class=\"yoast-schema-graph\">{\"@context\":\"https:\\\/\\\/schema.org\",\"@graph\":[{\"@type\":\"WebPage\",\"@id\":\"http:\\\/\\\/www.heliovolt.de\\\/wordpress\\\/solar-engineering\\\/\",\"url\":\"http:\\\/\\\/www.heliovolt.de\\\/wordpress\\\/solar-engineering\\\/\",\"name\":\"Solar-Engineering - HELIOVOLT\",\"isPartOf\":{\"@id\":\"http:\\\/\\\/www.heliovolt.de\\\/wordpress\\\/#website\"},\"primaryImageOfPage\":{\"@id\":\"http:\\\/\\\/www.heliovolt.de\\\/wordpress\\\/solar-engineering\\\/#primaryimage\"},\"image\":{\"@id\":\"http:\\\/\\\/www.heliovolt.de\\\/wordpress\\\/solar-engineering\\\/#primaryimage\"},\"thumbnailUrl\":\"http:\\\/\\\/www.heliovolt.de\\\/wordpress\\\/wp-content\\\/uploads\\\/2020\\\/08\\\/Sunny-Portal-Info-Report-Schirrhoffen-2020-03-03.png\",\"datePublished\":\"2020-08-06T08:54:29+00:00\",\"dateModified\":\"2020-09-08T13:56:53+00:00\",\"inLanguage\":\"de\",\"potentialAction\":[{\"@type\":\"ReadAction\",\"target\":[\"http:\\\/\\\/www.heliovolt.de\\\/wordpress\\\/solar-engineering\\\/\"]}]},{\"@type\":\"ImageObject\",\"inLanguage\":\"de\",\"@id\":\"http:\\\/\\\/www.heliovolt.de\\\/wordpress\\\/solar-engineering\\\/#primaryimage\",\"url\":\"http:\\\/\\\/www.heliovolt.de\\\/wordpress\\\/wp-content\\\/uploads\\\/2020\\\/08\\\/Sunny-Portal-Info-Report-Schirrhoffen-2020-03-03.png\",\"contentUrl\":\"http:\\\/\\\/www.heliovolt.de\\\/wordpress\\\/wp-content\\\/uploads\\\/2020\\\/08\\\/Sunny-Portal-Info-Report-Schirrhoffen-2020-03-03.png\",\"width\":554,\"height\":588},{\"@type\":\"WebSite\",\"@id\":\"http:\\\/\\\/www.heliovolt.de\\\/wordpress\\\/#website\",\"url\":\"http:\\\/\\\/www.heliovolt.de\\\/wordpress\\\/\",\"name\":\"HELIOVOLT\",\"description\":\"Planungsb\u00fcro Erneuerbare Energie - Energiekonzepte\",\"publisher\":{\"@id\":\"http:\\\/\\\/www.heliovolt.de\\\/wordpress\\\/#organization\"},\"potentialAction\":[{\"@type\":\"SearchAction\",\"target\":{\"@type\":\"EntryPoint\",\"urlTemplate\":\"http:\\\/\\\/www.heliovolt.de\\\/wordpress\\\/?s={search_term_string}\"},\"query-input\":{\"@type\":\"PropertyValueSpecification\",\"valueRequired\":true,\"valueName\":\"search_term_string\"}}],\"inLanguage\":\"de\"},{\"@type\":\"Organization\",\"@id\":\"http:\\\/\\\/www.heliovolt.de\\\/wordpress\\\/#organization\",\"name\":\"HELIOVOLT Sarl\",\"url\":\"http:\\\/\\\/www.heliovolt.de\\\/wordpress\\\/\",\"logo\":{\"@type\":\"ImageObject\",\"inLanguage\":\"de\",\"@id\":\"http:\\\/\\\/www.heliovolt.de\\\/wordpress\\\/#\\\/schema\\\/logo\\\/image\\\/\",\"url\":\"http:\\\/\\\/www.heliovolt.de\\\/wordpress\\\/wp-content\\\/uploads\\\/2020\\\/03\\\/Heliovolt_Logo_transparent_D-scaled-1.png\",\"contentUrl\":\"http:\\\/\\\/www.heliovolt.de\\\/wordpress\\\/wp-content\\\/uploads\\\/2020\\\/03\\\/Heliovolt_Logo_transparent_D-scaled-1.png\",\"width\":2560,\"height\":853,\"caption\":\"HELIOVOLT Sarl\"},\"image\":{\"@id\":\"http:\\\/\\\/www.heliovolt.de\\\/wordpress\\\/#\\\/schema\\\/logo\\\/image\\\/\"}}]}<\/script>\n<!-- \/ Yoast SEO plugin. -->","yoast_head_json":{"title":"Solar-Engineering - HELIOVOLT","robots":{"index":"index","follow":"follow","max-snippet":"max-snippet:-1","max-image-preview":"max-image-preview:large","max-video-preview":"max-video-preview:-1"},"canonical":"http:\/\/www.heliovolt.de\/wordpress\/solar-engineering\/","og_locale":"de_DE","og_type":"article","og_title":"Solar-Engineering - HELIOVOLT","og_description":"Leistungen und Produkte zur Energie-Erzeugung aus Sonnenenergie Individuell auf Ihre Bed\u00fcrfnisse zugeschnitten Wir bieten Ihnen komplette L\u00f6sungen mit Dimensionnierung, Kaufberatung, Solarmodulen, Wechselrichtern, [&hellip;]","og_url":"http:\/\/www.heliovolt.de\/wordpress\/solar-engineering\/","og_site_name":"HELIOVOLT","article_modified_time":"2020-09-08T13:56:53+00:00","og_image":[{"url":"http:\/\/www.heliovolt.de\/wordpress\/wp-content\/uploads\/2020\/08\/Sunny-Portal-Info-Report-Schirrhoffen-2020-03-03.png","type":"","width":"","height":""}],"twitter_misc":{"Gesch\u00e4tzte Lesezeit":"3\u00a0Minuten"},"schema":{"@context":"https:\/\/schema.org","@graph":[{"@type":"WebPage","@id":"http:\/\/www.heliovolt.de\/wordpress\/solar-engineering\/","url":"http:\/\/www.heliovolt.de\/wordpress\/solar-engineering\/","name":"Solar-Engineering - HELIOVOLT","isPartOf":{"@id":"http:\/\/www.heliovolt.de\/wordpress\/#website"},"primaryImageOfPage":{"@id":"http:\/\/www.heliovolt.de\/wordpress\/solar-engineering\/#primaryimage"},"image":{"@id":"http:\/\/www.heliovolt.de\/wordpress\/solar-engineering\/#primaryimage"},"thumbnailUrl":"http:\/\/www.heliovolt.de\/wordpress\/wp-content\/uploads\/2020\/08\/Sunny-Portal-Info-Report-Schirrhoffen-2020-03-03.png","datePublished":"2020-08-06T08:54:29+00:00","dateModified":"2020-09-08T13:56:53+00:00","inLanguage":"de","potentialAction":[{"@type":"ReadAction","target":["http:\/\/www.heliovolt.de\/wordpress\/solar-engineering\/"]}]},{"@type":"ImageObject","inLanguage":"de","@id":"http:\/\/www.heliovolt.de\/wordpress\/solar-engineering\/#primaryimage","url":"http:\/\/www.heliovolt.de\/wordpress\/wp-content\/uploads\/2020\/08\/Sunny-Portal-Info-Report-Schirrhoffen-2020-03-03.png","contentUrl":"http:\/\/www.heliovolt.de\/wordpress\/wp-content\/uploads\/2020\/08\/Sunny-Portal-Info-Report-Schirrhoffen-2020-03-03.png","width":554,"height":588},{"@type":"WebSite","@id":"http:\/\/www.heliovolt.de\/wordpress\/#website","url":"http:\/\/www.heliovolt.de\/wordpress\/","name":"HELIOVOLT","description":"Planungsb\u00fcro Erneuerbare Energie - Energiekonzepte","publisher":{"@id":"http:\/\/www.heliovolt.de\/wordpress\/#organization"},"potentialAction":[{"@type":"SearchAction","target":{"@type":"EntryPoint","urlTemplate":"http:\/\/www.heliovolt.de\/wordpress\/?s={search_term_string}"},"query-input":{"@type":"PropertyValueSpecification","valueRequired":true,"valueName":"search_term_string"}}],"inLanguage":"de"},{"@type":"Organization","@id":"http:\/\/www.heliovolt.de\/wordpress\/#organization","name":"HELIOVOLT Sarl","url":"http:\/\/www.heliovolt.de\/wordpress\/","logo":{"@type":"ImageObject","inLanguage":"de","@id":"http:\/\/www.heliovolt.de\/wordpress\/#\/schema\/logo\/image\/","url":"http:\/\/www.heliovolt.de\/wordpress\/wp-content\/uploads\/2020\/03\/Heliovolt_Logo_transparent_D-scaled-1.png","contentUrl":"http:\/\/www.heliovolt.de\/wordpress\/wp-content\/uploads\/2020\/03\/Heliovolt_Logo_transparent_D-scaled-1.png","width":2560,"height":853,"caption":"HELIOVOLT Sarl"},"image":{"@id":"http:\/\/www.heliovolt.de\/wordpress\/#\/schema\/logo\/image\/"}}]}},"_links":{"self":[{"href":"http:\/\/www.heliovolt.de\/wordpress\/wp-json\/wp\/v2\/pages\/1349","targetHints":{"allow":["GET"]}}],"collection":[{"href":"http:\/\/www.heliovolt.de\/wordpress\/wp-json\/wp\/v2\/pages"}],"about":[{"href":"http:\/\/www.heliovolt.de\/wordpress\/wp-json\/wp\/v2\/types\/page"}],"author":[{"embeddable":true,"href":"http:\/\/www.heliovolt.de\/wordpress\/wp-json\/wp\/v2\/users\/1"}],"replies":[{"embeddable":true,"href":"http:\/\/www.heliovolt.de\/wordpress\/wp-json\/wp\/v2\/comments?post=1349"}],"version-history":[{"count":9,"href":"http:\/\/www.heliovolt.de\/wordpress\/wp-json\/wp\/v2\/pages\/1349\/revisions"}],"predecessor-version":[{"id":1474,"href":"http:\/\/www.heliovolt.de\/wordpress\/wp-json\/wp\/v2\/pages\/1349\/revisions\/1474"}],"wp:attachment":[{"href":"http:\/\/www.heliovolt.de\/wordpress\/wp-json\/wp\/v2\/media?parent=1349"}],"curies":[{"name":"wp","href":"https:\/\/api.w.org\/{rel}","templated":true}]}}