{"id":108,"date":"2014-07-09T10:30:34","date_gmt":"2014-07-09T10:30:34","guid":{"rendered":"http:\/\/www.heliovolt.de\/tempratec\/?page_id=108"},"modified":"2014-07-09T13:06:07","modified_gmt":"2014-07-09T13:06:07","slug":"combustibles-c1","status":"publish","type":"page","link":"https:\/\/www.heliovolt.de\/tempratec\/bruleur-c1\/combustibles-c1\/","title":{"rendered":"Combustibles C1"},"content":{"rendered":"<h1>Les combustibles pour le br\u00fbleur multicombustible C1<\/h1>\n<table border=\"0\" summary=\"tab1\" align=\"center\">\n<tbody>\n<tr>\n<td align=\"center\"><img loading=\"lazy\" decoding=\"async\" src=\"http:\/\/www.heliovolt.de\/HVP\/Raps0000.jpg\" alt=\"colza\" width=\"133\" height=\"139\" \/><\/td>\n<td align=\"center\"><img loading=\"lazy\" decoding=\"async\" src=\"http:\/\/www.heliovolt.de\/HVP\/Heizoel0.jpg\" alt=\"fioul\" width=\"133\" height=\"139\" \/><\/td>\n<td align=\"center\"><img loading=\"lazy\" decoding=\"async\" src=\"http:\/\/www.heliovolt.de\/HVP\/Sonnenbl.jpg\" alt=\"tournesol\" width=\"133\" height=\"139\" \/><\/td>\n<\/tr>\n<tr>\n<td align=\"center\">\n<h4>Colza<\/h4>\n<\/td>\n<td align=\"center\">\n<h4>Fioul<\/h4>\n<\/td>\n<td align=\"center\">\n<h4>Tournesol<\/h4>\n<\/td>\n<\/tr>\n<tr>\n<td align=\"center\"><img loading=\"lazy\" decoding=\"async\" src=\"http:\/\/www.heliovolt.de\/HVP\/Soja0000.jpg\" alt=\"soja\" width=\"131\" height=\"139\" \/><\/td>\n<td align=\"center\"><img loading=\"lazy\" decoding=\"async\" src=\"http:\/\/www.heliovolt.de\/HVP\/Mais.jpg\" alt=\"mais\" width=\"131\" height=\"139\" \/><\/td>\n<td align=\"center\"><img loading=\"lazy\" decoding=\"async\" src=\"http:\/\/www.heliovolt.de\/HVP\/Baumwoll.jpg\" alt=\"lin\" width=\"131\" height=\"139\" \/><\/td>\n<\/tr>\n<tr>\n<td align=\"center\">\n<h4>Soja<\/h4>\n<\/td>\n<td align=\"center\">\n<h4>Ma\u00efs<\/h4>\n<\/td>\n<td align=\"center\">\n<h4>Coton<\/h4>\n<\/td>\n<\/tr>\n<tr>\n<td colspan=\"3\" align=\"center\">\n<h4>et beaucoup d&rsquo;autres,<\/h4>\n<\/td>\n<\/tr>\n<tr>\n<td colspan=\"3\" align=\"center\">\n<h4>Il y a plus de 20 000 plantes ol\u00e9agineuses connues&#8230;.<\/h4>\n<\/td>\n<\/tr>\n<\/tbody>\n<\/table>\n","protected":false},"excerpt":{"rendered":"<p>Les combustibles pour le br\u00fbleur multicombustible C1 Colza Fioul Tournesol Soja Ma\u00efs Coton et beaucoup d&rsquo;autres, Il y a plus de 20 000 plantes ol\u00e9agineuses connues&#8230;.<\/p>\n","protected":false},"author":1,"featured_media":0,"parent":55,"menu_order":0,"comment_status":"closed","ping_status":"closed","template":"","meta":{"footnotes":""},"class_list":["post-108","page","type-page","status-publish","hentry"],"_links":{"self":[{"href":"https:\/\/www.heliovolt.de\/tempratec\/wp-json\/wp\/v2\/pages\/108","targetHints":{"allow":["GET"]}}],"collection":[{"href":"https:\/\/www.heliovolt.de\/tempratec\/wp-json\/wp\/v2\/pages"}],"about":[{"href":"https:\/\/www.heliovolt.de\/tempratec\/wp-json\/wp\/v2\/types\/page"}],"author":[{"embeddable":true,"href":"https:\/\/www.heliovolt.de\/tempratec\/wp-json\/wp\/v2\/users\/1"}],"replies":[{"embeddable":true,"href":"https:\/\/www.heliovolt.de\/tempratec\/wp-json\/wp\/v2\/comments?post=108"}],"version-history":[{"count":5,"href":"https:\/\/www.heliovolt.de\/tempratec\/wp-json\/wp\/v2\/pages\/108\/revisions"}],"predecessor-version":[{"id":154,"href":"https:\/\/www.heliovolt.de\/tempratec\/wp-json\/wp\/v2\/pages\/108\/revisions\/154"}],"up":[{"embeddable":true,"href":"https:\/\/www.heliovolt.de\/tempratec\/wp-json\/wp\/v2\/pages\/55"}],"wp:attachment":[{"href":"https:\/\/www.heliovolt.de\/tempratec\/wp-json\/wp\/v2\/media?parent=108"}],"curies":[{"name":"wp","href":"https:\/\/api.w.org\/{rel}","templated":true}]}}