{"id":58,"date":"2014-07-08T18:40:39","date_gmt":"2014-07-08T18:40:39","guid":{"rendered":"http:\/\/www.heliovolt.de\/tempratec\/?page_id=58"},"modified":"2021-03-30T14:33:58","modified_gmt":"2021-03-30T14:33:58","slug":"questions-et-reponses","status":"publish","type":"page","link":"https:\/\/www.heliovolt.de\/tempratec\/bruleur-c1\/questions-et-reponses\/","title":{"rendered":"Questions et reponses"},"content":{"rendered":"\n<table border=\"0\" width=\"550,500\" align=\"center\">\n<tbody>\n<tr>\n<td colspan=\"3\" align=\"center\">\u00a0<\/td>\n<\/tr>\n<tr>\n<td colspan=\"3\" align=\"center\">\u00a0<\/td>\n<\/tr>\n<tr>\n<td colspan=\"3\" align=\"center\"><img loading=\"lazy\" decoding=\"async\" src=\".\/..\/HVP_Pics\/faq1.jpg\" width=\"250\" height=\"250\" \/><\/td>\n<\/tr>\n<tr>\n<td colspan=\"3\" align=\"center\">\n<h4>Questions les plus fr\u00e9quemment pos\u00e9es&#8230;<\/h4>\n<\/td>\n<\/tr>\n<tr>\n<td align=\"left\">Est-ce que le br\u00fbleur \u00e0 un fonctionnement bruyant ?<\/td>\n<td width=\"50\">\u00a0<\/td>\n<td align=\"justify\">Non, il n&rsquo;est pas plus bruyant qu&rsquo;un br\u00fbleur \u00e0 fioul classique.<\/td>\n<\/tr>\n<tr>\n<td align=\"left\"><br \/>Est-ce qu&rsquo;il y a des odeurs d\u00e9sagr\u00e9ables lors de la combustion \u00e0 la sortie de la chemin\u00e9e ?<\/td>\n<td width=\"50\">\u00a0<\/td>\n<td align=\"justify\"><br \/>On peut sentir une l\u00e9g\u00e8re odeur de friture avec l&rsquo;utilisation d&rsquo;huiles v\u00e9g\u00e9tales<\/td>\n<\/tr>\n<tr>\n<td align=\"left\"><br \/>Est-ce que je peux avoir une estimation du co\u00fbt de transport ?<\/td>\n<td width=\"50\">\u00a0<\/td>\n<td align=\"justify\"><br \/>Environ 50\u20ac pour la France m\u00e9tropolitaine, ~150\u20ac pour le Canada.<\/td>\n<\/tr>\n<tr>\n<td align=\"left\"><br \/>Est-ce qu&rsquo;il sera possible d&rsquo;avoir un soutien technique apr\u00e8s vente ?<\/td>\n<td width=\"50\">\u00a0<\/td>\n<td align=\"justify\"><br \/>Oui, dans un premier temps l&rsquo;installateur pourra parer la majeure partie des \u00e9ventuelles probl\u00e8mes et dans un second temps nous serons toujours \u00e0 votre enti\u00e8re disposition.<\/td>\n<\/tr>\n<tr>\n<td align=\"left\"><br \/>Qui peut r\u00e9aliser l&rsquo;installation ? Quel savoir-faire faut il ?<\/td>\n<td width=\"50\">\u00a0<\/td>\n<td align=\"justify\"><br \/>Tout installateur de chaudi\u00e8res fioul ou gaz est en mesure d&rsquo;installer le br\u00fbleur C1 ou nos autres produits.<\/td>\n<\/tr>\n<tr>\n<td align=\"left\"><br \/>Quelles huiles peut-on utiliser ?<\/td>\n<td width=\"50\">\u00a0<\/td>\n<td align=\"justify\"><br \/>Il est recommand\u00e9 d&rsquo;utiliser de l&rsquo;huile de colza ou du fioul, cependant toutes les huiles v\u00e9g\u00e9tales peuvent \u00eatre utilis\u00e9es.<\/td>\n<\/tr>\n<tr>\n<td align=\"left\"><br \/>Qu&rsquo;en est-il des huiles moteur ?<\/td>\n<td width=\"50\">\u00a0<\/td>\n<td align=\"justify\"><br \/>Le br\u00fbleur fonctionne \u00e9galement avec les huiles moteur, cependant un nettoyage plus r\u00e9gulier est n\u00e9cessaire.<\/td>\n<\/tr>\n<tr>\n<td align=\"left\"><br \/>A quelle fr\u00e9quence faut il nettoyer le br\u00fbleur ?<\/td>\n<td width=\"50\">\u00a0<\/td>\n<td align=\"justify\"><br \/>1\/an pour les combustibles recommand\u00e9s, plus souvent pour les autres jusqu&rsquo;\u00e0 toutes les 2 semaines.<\/td>\n<\/tr>\n<tr>\n<td align=\"left\"><br \/>Sur quelles chaudi\u00e8res peut-on adapter le br\u00fbleur ?<\/td>\n<td width=\"50\">\u00a0<\/td>\n<td align=\"justify\"><br \/>Sur les chaudi\u00e8res \u00e0 alimentation frontale ayant une profondeur d&rsquo;au moins 25-30cm (mesur\u00e9 \u00e0 partir de la porte de la chaudi\u00e8re)<\/td>\n<\/tr>\n<tr>\n<td align=\"left\"><br \/>Faut il acheter un compresseur en plus du br\u00fbleur ?<\/td>\n<td width=\"50\">\u00a0<\/td>\n<td align=\"justify\"><br \/>Non, il y \u00e0 d\u00e9j\u00e0 un compresseur int\u00e9grer au br\u00fbleur, aucune pi\u00e8ce suppl\u00e9mentaire est n\u00e9cessaire.<\/td>\n<\/tr>\n<tr>\n<td colspan=\"3\" align=\"CENTER\">\n<h4><br \/><br \/><br \/><br \/>Soumettre une question :\u00a0<a href=\"mailto:info@tempratec.fr\">info@tempratec.fr<\/a><\/h4>\n<\/td>\n<\/tr>\n<\/tbody>\n<\/table>\n","protected":false},"excerpt":{"rendered":"<p>\u00a0 \u00a0 Questions les plus fr\u00e9quemment pos\u00e9es&#8230; Est-ce que le br\u00fbleur \u00e0 un fonctionnement bruyant ? \u00a0 Non, il n&rsquo;est pas plus bruyant qu&rsquo;un br\u00fbleur \u00e0 fioul classique. Est-ce qu&rsquo;il y a des odeurs d\u00e9sagr\u00e9ables lors de la combustion \u00e0 la sortie de la chemin\u00e9e ? \u00a0 On peut sentir une l\u00e9g\u00e8re odeur de friture [&hellip;]<\/p>\n","protected":false},"author":1,"featured_media":0,"parent":55,"menu_order":0,"comment_status":"closed","ping_status":"closed","template":"","meta":{"footnotes":""},"class_list":["post-58","page","type-page","status-publish","hentry"],"_links":{"self":[{"href":"https:\/\/www.heliovolt.de\/tempratec\/wp-json\/wp\/v2\/pages\/58","targetHints":{"allow":["GET"]}}],"collection":[{"href":"https:\/\/www.heliovolt.de\/tempratec\/wp-json\/wp\/v2\/pages"}],"about":[{"href":"https:\/\/www.heliovolt.de\/tempratec\/wp-json\/wp\/v2\/types\/page"}],"author":[{"embeddable":true,"href":"https:\/\/www.heliovolt.de\/tempratec\/wp-json\/wp\/v2\/users\/1"}],"replies":[{"embeddable":true,"href":"https:\/\/www.heliovolt.de\/tempratec\/wp-json\/wp\/v2\/comments?post=58"}],"version-history":[{"count":2,"href":"https:\/\/www.heliovolt.de\/tempratec\/wp-json\/wp\/v2\/pages\/58\/revisions"}],"predecessor-version":[{"id":217,"href":"https:\/\/www.heliovolt.de\/tempratec\/wp-json\/wp\/v2\/pages\/58\/revisions\/217"}],"up":[{"embeddable":true,"href":"https:\/\/www.heliovolt.de\/tempratec\/wp-json\/wp\/v2\/pages\/55"}],"wp:attachment":[{"href":"https:\/\/www.heliovolt.de\/tempratec\/wp-json\/wp\/v2\/media?parent=58"}],"curies":[{"name":"wp","href":"https:\/\/api.w.org\/{rel}","templated":true}]}}