{"id":61,"date":"2014-07-08T18:41:44","date_gmt":"2014-07-08T18:41:44","guid":{"rendered":"http:\/\/www.heliovolt.de\/tempratec\/?page_id=61"},"modified":"2024-11-19T14:24:22","modified_gmt":"2024-11-19T14:24:22","slug":"telecharger-documentation","status":"publish","type":"page","link":"https:\/\/www.heliovolt.de\/tempratec\/bruleur-c1\/telecharger-documentation\/","title":{"rendered":"T\u00e9l\u00e9charger documentation"},"content":{"rendered":"\n<h1 class=\"wp-block-heading\">Documentation \u00e0 t\u00e9l\u00e9charger<\/h1>\n\n\n\n<figure class=\"wp-block-table\"><table class=\"has-fixed-layout\"><tbody><tr><td><h4><a title=\"Le coupon reponse \u00e0 nous renvoyer si vous \u00eates int\u00e9ress\u00e9 par le br\u00fbleur \u00e0 huile v\u00e9g\u00e9tale pure Tempratec C1\" href=\"http:\/\/heliovolt.de\/HVP\/BruleurAHuileVegetalePureTempratecC1CouponReponse.pdf\">Coupon reponse \u00e0 nous renvoyer<\/a><\/h4><\/td><\/tr><tr><td><h4><a title=\"Le descriptif court du br\u00fbleur \u00e0 huile v\u00e9g\u00e9tale pure Tempratec C1.pdf\" href=\"http:\/\/www.heliovolt.de\/HVP\/BruleurAHuileVegetalePureTempratecC1.pdf\">Br\u00fbleur \u00e0 huile v\u00e9g\u00e9tale pure Tempratec C1<\/a><\/h4><\/td><\/tr><tr><td><h2><a title=\"Les avantages du br\u00fbleur \u00e0 huile v\u00e9g\u00e9tale pure Tempratec C1.pdf\" data-wplink-edit=\"true\" href=\"http:\/\/www.heliovolt.de\/HVP\/AvantagesDuBruleurMulticombustiblesTempratecC1.pdf\">Avantages du br\u00fbleur multicombustibles Tempratec C1<\/a><\/h2><\/td><\/tr><tr><td><h4><a title=\"Le manuel du br\u00fbleur \u00e0 huile v\u00e9g\u00e9tale pure Tempratec C1 avec installation, mise en service, et instruction d'entretien\/reparation\">Manuel d&rsquo;installation et de service (uniquement sur demande, utilisez le coupon de reponse svp)<\/a><\/h4><\/td><\/tr><\/tbody><\/table><\/figure>\n\n\n\n\n\n<figure class=\"wp-block-image size-full\"><a href=\"https:\/\/www.heliovolt.de\/tempratec\/wp-content\/uploads\/2014\/07\/cropped-Tempratec_Header.png\"><img loading=\"lazy\" decoding=\"async\" width=\"940\" height=\"188\" src=\"https:\/\/www.heliovolt.de\/tempratec\/wp-content\/uploads\/2014\/07\/cropped-Tempratec_Header.png\" alt=\"\" class=\"wp-image-5\" srcset=\"https:\/\/www.heliovolt.de\/tempratec\/wp-content\/uploads\/2014\/07\/cropped-Tempratec_Header.png 940w, https:\/\/www.heliovolt.de\/tempratec\/wp-content\/uploads\/2014\/07\/cropped-Tempratec_Header-300x60.png 300w, https:\/\/www.heliovolt.de\/tempratec\/wp-content\/uploads\/2014\/07\/cropped-Tempratec_Header-500x100.png 500w\" sizes=\"auto, (max-width: 940px) 100vw, 940px\" \/><\/a><\/figure>\n","protected":false},"excerpt":{"rendered":"<p>Documentation \u00e0 t\u00e9l\u00e9charger Coupon reponse \u00e0 nous renvoyer Br\u00fbleur \u00e0 huile v\u00e9g\u00e9tale pure Tempratec C1 Avantages du br\u00fbleur multicombustibles Tempratec C1 Manuel d&rsquo;installation et de service (uniquement sur demande, utilisez le coupon de reponse svp)<\/p>\n","protected":false},"author":1,"featured_media":0,"parent":55,"menu_order":0,"comment_status":"closed","ping_status":"closed","template":"","meta":{"footnotes":""},"class_list":["post-61","page","type-page","status-publish","hentry"],"_links":{"self":[{"href":"https:\/\/www.heliovolt.de\/tempratec\/wp-json\/wp\/v2\/pages\/61","targetHints":{"allow":["GET"]}}],"collection":[{"href":"https:\/\/www.heliovolt.de\/tempratec\/wp-json\/wp\/v2\/pages"}],"about":[{"href":"https:\/\/www.heliovolt.de\/tempratec\/wp-json\/wp\/v2\/types\/page"}],"author":[{"embeddable":true,"href":"https:\/\/www.heliovolt.de\/tempratec\/wp-json\/wp\/v2\/users\/1"}],"replies":[{"embeddable":true,"href":"https:\/\/www.heliovolt.de\/tempratec\/wp-json\/wp\/v2\/comments?post=61"}],"version-history":[{"count":11,"href":"https:\/\/www.heliovolt.de\/tempratec\/wp-json\/wp\/v2\/pages\/61\/revisions"}],"predecessor-version":[{"id":231,"href":"https:\/\/www.heliovolt.de\/tempratec\/wp-json\/wp\/v2\/pages\/61\/revisions\/231"}],"up":[{"embeddable":true,"href":"https:\/\/www.heliovolt.de\/tempratec\/wp-json\/wp\/v2\/pages\/55"}],"wp:attachment":[{"href":"https:\/\/www.heliovolt.de\/tempratec\/wp-json\/wp\/v2\/media?parent=61"}],"curies":[{"name":"wp","href":"https:\/\/api.w.org\/{rel}","templated":true}]}}