{"id":76,"date":"2014-07-08T18:59:33","date_gmt":"2014-07-08T18:59:33","guid":{"rendered":"http:\/\/www.heliovolt.de\/tempratec\/?page_id=76"},"modified":"2014-07-09T10:44:29","modified_gmt":"2014-07-09T10:44:29","slug":"chaudieres-equipes-c1","status":"publish","type":"page","link":"https:\/\/www.heliovolt.de\/tempratec\/bruleur-c1\/chaudieres-equipes-c1\/","title":{"rendered":"Chaudi\u00e8res \u00e9quip\u00e9s C1"},"content":{"rendered":"<p>Chaudi\u00e8res \u00e9quip\u00e9s C1<\/p>\n","protected":false},"excerpt":{"rendered":"<p>Chaudi\u00e8res \u00e9quip\u00e9s C1<\/p>\n","protected":false},"author":1,"featured_media":0,"parent":55,"menu_order":0,"comment_status":"closed","ping_status":"closed","template":"","meta":{"footnotes":""},"class_list":["post-76","page","type-page","status-publish","hentry"],"_links":{"self":[{"href":"https:\/\/www.heliovolt.de\/tempratec\/wp-json\/wp\/v2\/pages\/76","targetHints":{"allow":["GET"]}}],"collection":[{"href":"https:\/\/www.heliovolt.de\/tempratec\/wp-json\/wp\/v2\/pages"}],"about":[{"href":"https:\/\/www.heliovolt.de\/tempratec\/wp-json\/wp\/v2\/types\/page"}],"author":[{"embeddable":true,"href":"https:\/\/www.heliovolt.de\/tempratec\/wp-json\/wp\/v2\/users\/1"}],"replies":[{"embeddable":true,"href":"https:\/\/www.heliovolt.de\/tempratec\/wp-json\/wp\/v2\/comments?post=76"}],"version-history":[{"count":2,"href":"https:\/\/www.heliovolt.de\/tempratec\/wp-json\/wp\/v2\/pages\/76\/revisions"}],"predecessor-version":[{"id":127,"href":"https:\/\/www.heliovolt.de\/tempratec\/wp-json\/wp\/v2\/pages\/76\/revisions\/127"}],"up":[{"embeddable":true,"href":"https:\/\/www.heliovolt.de\/tempratec\/wp-json\/wp\/v2\/pages\/55"}],"wp:attachment":[{"href":"https:\/\/www.heliovolt.de\/tempratec\/wp-json\/wp\/v2\/media?parent=76"}],"curies":[{"name":"wp","href":"https:\/\/api.w.org\/{rel}","templated":true}]}}